{"id":8578,"date":"2022-10-11T11:34:48","date_gmt":"2022-10-11T11:34:48","guid":{"rendered":"https:\/\/universdrink.com\/?page_id=8578"},"modified":"2022-11-22T15:36:08","modified_gmt":"2022-11-22T15:36:08","slug":"mentions-legales","status":"publish","type":"page","link":"https:\/\/universdrink.com\/en\/mentions-legales\/","title":{"rendered":"LEGAL NOTICE"},"content":{"rendered":"<div data-elementor-type=\"wp-page\" data-elementor-id=\"8578\" class=\"elementor elementor-8578\" data-elementor-post-type=\"page\">\n\t\t\t\t\t\t<section class=\"elementor-section elementor-top-section elementor-element elementor-element-a7b04ca elementor-section-full_width elementor-section-height-default elementor-section-height-default\" data-id=\"a7b04ca\" data-element_type=\"section\" data-settings=\"{&quot;background_background&quot;:&quot;classic&quot;}\">\n\t\t\t\t\t\t<div class=\"elementor-container elementor-column-gap-default\">\n\t\t\t\t\t<div class=\"elementor-column elementor-col-100 elementor-top-column elementor-element elementor-element-450aa4c\" data-id=\"450aa4c\" data-element_type=\"column\" data-settings=\"{&quot;background_background&quot;:&quot;classic&quot;}\">\n\t\t\t<div class=\"elementor-widget-wrap elementor-element-populated\">\n\t\t\t\t\t\t<section class=\"elementor-section elementor-inner-section elementor-element elementor-element-808cd1c elementor-section-content-top elementor-section-boxed elementor-section-height-default elementor-section-height-default\" data-id=\"808cd1c\" data-element_type=\"section\">\n\t\t\t\t\t\t<div class=\"elementor-container elementor-column-gap-default\">\n\t\t\t\t\t<div class=\"elementor-column elementor-col-100 elementor-inner-column elementor-element elementor-element-ac09dac\" data-id=\"ac09dac\" data-element_type=\"column\">\n\t\t\t<div class=\"elementor-widget-wrap elementor-element-populated\">\n\t\t\t\t\t\t<div class=\"elementor-element elementor-element-2994be7 elementor-widget elementor-widget-spacer\" data-id=\"2994be7\" data-element_type=\"widget\" data-widget_type=\"spacer.default\">\n\t\t\t\t<div class=\"elementor-widget-container\">\n\t\t\t\t\t\t\t<div class=\"elementor-spacer\">\n\t\t\t<div class=\"elementor-spacer-inner\"><\/div>\n\t\t<\/div>\n\t\t\t\t\t\t<\/div>\n\t\t\t\t<\/div>\n\t\t\t\t<div class=\"elementor-element elementor-element-d6bafca elementor-widget elementor-widget-heading\" data-id=\"d6bafca\" data-element_type=\"widget\" data-widget_type=\"heading.default\">\n\t\t\t\t<div class=\"elementor-widget-container\">\n\t\t\t\t\t<h2 class=\"elementor-heading-title elementor-size-default\">LEGAL NOTICE<\/h2>\t\t\t\t<\/div>\n\t\t\t\t<\/div>\n\t\t\t\t\t<\/div>\n\t\t<\/div>\n\t\t\t\t\t<\/div>\n\t\t<\/section>\n\t\t\t\t\t<\/div>\n\t\t<\/div>\n\t\t\t\t\t<\/div>\n\t\t<\/section>\n\t\t\t\t<section class=\"elementor-section elementor-top-section elementor-element elementor-element-3be8959 elementor-section-boxed elementor-section-height-default elementor-section-height-default\" data-id=\"3be8959\" data-element_type=\"section\">\n\t\t\t\t\t\t<div class=\"elementor-container elementor-column-gap-default\">\n\t\t\t\t\t<div class=\"elementor-column elementor-col-100 elementor-top-column elementor-element elementor-element-87373f5\" data-id=\"87373f5\" data-element_type=\"column\">\n\t\t\t<div class=\"elementor-widget-wrap elementor-element-populated\">\n\t\t\t\t\t\t<div class=\"elementor-element elementor-element-d072c6b elementor-widget elementor-widget-text-editor\" data-id=\"d072c6b\" data-element_type=\"widget\" data-widget_type=\"text-editor.default\">\n\t\t\t\t<div class=\"elementor-widget-container\">\n\t\t\t\t\t\t\t\t\t<p>Please read carefully the different terms of use of this site before browsing its pages. By connecting to this site, you unreservedly accept these terms and conditions.<\/p><p><b>EDITEUR DU SITE\u00a0<br \/><\/b><br \/>UNIVERS DRINK SA<br \/>Num\u00e9ro de TVA : BE 0820.318.607<br \/>Responsable editorial : Arnaud Jacquemin<br \/>Adresse : Avenue Blonden 13, 4000 Li\u00e8ge \u2013 Belgique<br \/>T\u00e9l\u00e9phone :0497 41 28 58<br \/>Email : info@universdrink.com<br \/>Site Web : shop.universdrink.com<br \/>H\u00e9bergement : H\u00e9bergeur : OVH-Plesk Roubaix, France Site Web : www.ovh.fr D\u00e9veloppement : Orient Drink<br \/>Site Web : www.universdrink.com<\/p><p><b><br \/>CONDITIONS OF USE<br \/><\/b><br \/>This site ( shop.universdrink.com ) is offered in different web languages (HTML, HTML5, Javascript, CSS, etc.) for better user comfort and more pleasant graphics, we recommend that you use modern browsers such as Internet Explorer, Safari, Firefox, Google Chrome, etc.<\/p><p>Univers Drink SA implements all the means at its disposal to ensure reliable information and reliable updating of its websites. However, errors or omissions may occur. The user must therefore ensure the accuracy of the information with, and report any changes to the site that he or she deems useful. Is in no way responsible for the use made of this information, and for any direct or indirect damage that may result.<\/p><p><br \/><strong>COOKIES<\/strong><br \/><br \/>The shop.universdrink.com site may ask you to accept cookies for statistical and display purposes. A cookie is information placed on your hard drive by the server of the site you are visiting. It contains several data that are stored on your computer in a simple text file that a server accesses to read and save information. Certain parts of this site cannot be functional without the acceptance of cookies. Hypertext links: The websites of may offer links to other websites or other resources available on the Internet. Univers Drink SA has no way to control the sites in connection with its websites. does not answer for the availability of such sites and external sources, nor does it guarantee it. It cannot be held responsible for any damage, of any nature whatsoever, resulting from the content of these sites or external sources, and in particular from the information, products or services they offer, or from any use that may be made of these elements. The risks associated with this use are entirely the responsibility of the Internet user, who must comply with their conditions of use.<\/p><p>Users, subscribers and visitors to the websites of cannot set up a hyperlink to this site without the express prior authorization of Univers Drink SA. In the event that a user or visitor wishes to set up a hyperlink to one of the websites of Univers Drink SA, it will be up to him to send an email accessible on the site in order to formulate his request for the setting up of a hyperlink. Univers Drink SA reserves the right to accept or refuse a hyperlink without having to justify its decision. Services provided: All of the company's activities and information are presented on our website shop.universdrink.com.<\/p><p>Univers Drink SA strives to provide information on the shop.universdrink.com website that is as accurate as possible. the information on the shop.universdrink.com site is not exhaustive and the photos are not contractual. They are given subject to modifications having been made since they were put online.<\/p><p>In addition, all the information indicated on the shop.universdrink.com site is given for information only, and is subject to change or change without notice. Contractual limitations on data: The information contained on this site is as accurate as possible and the site updated at different times of the year, but may however contain inaccuracies or omissions. If you notice a gap, error or what appears to be a malfunction, please report it by email to info@universdrink.com, describing the problem as precisely as possible (problematic page, type of computer and browser used, etc.).<\/p><p>Any downloaded content is done at the risk and peril of the user and under his sole responsibility. Consequently, can not be held responsible for any damage suffered by the user's computer or any loss of data resulting from the download.<\/p><p>De plus, l\u2019utilisateur du site s\u2019engage \u00e0 acc\u00e9der au site en utilisant un mat\u00e9riel r\u00e9cent, ne contenant pas de virus et avec un navigateur de derni\u00e8re g\u00e9n\u00e9ration mis-\u00e0-jour Les liens hypertextes mis en place dans le cadre du pr\u00e9sent site internet en direction d\u2019autres ressources pr\u00e9sentes sur le r\u00e9seau Internet ne sauraient engager la responsabilit\u00e9 de Univers Drink SA.<\/p><p><br \/><strong>PROPRI\u00c9T\u00c9 INTELLECTUELLE<\/strong><br \/><br \/>Tout le contenu du pr\u00e9sent sur le site shop.universdrink.com, incluant, de fa\u00e7on non limitative, les graphismes, images, textes, vid\u00e9os, animations, sons, logos, gifs et ic\u00f4nes ainsi que leur mise en forme sont la propri\u00e9t\u00e9 exclusive de la soci\u00e9t\u00e9 \u00e0 l\u2019exception des marques, logos ou contenus appartenant \u00e0 d\u2019autres soci\u00e9t\u00e9s partenaires ou auteurs. Toute reproduction, distribution, modification, adaptation, retransmission ou publication, m\u00eame partielle, de ces diff\u00e9rents \u00e9l\u00e9ments est strictement interdite sans l\u2019accord expr\u00e8s par \u00e9crit de Univers Drink SA.<\/p><p>Cette repr\u00e9sentation ou reproduction, par quelque proc\u00e9d\u00e9 que ce soit, constitue une contrefa\u00e7on sanctionn\u00e9e par les articles L.335-2 et suivants du Code de la propri\u00e9t\u00e9 intellectuelle. Le non-respect de cette interdiction constitue une contrefa\u00e7on pouvant engager la responsabilit\u00e9 civile et p\u00e9nale du contrefacteur. En outre, les propri\u00e9taires des Contenus copi\u00e9s pourraient intenter une action en justice \u00e0 votre encontre. D\u00e9claration \u00e0 la CNIL : Conform\u00e9ment \u00e0 la loi 78-17 du 6 janvier 1978 (modifi\u00e9e par la loi 2004-801 du 6 ao\u00fbt 2004 relative \u00e0 la protection des personnes physiques \u00e0 l\u2019\u00e9gard des traitements de donn\u00e9es \u00e0 caract\u00e8re personnel) relative \u00e0 l\u2019informatique, aux fichiers et aux libert\u00e9s, ce site n\u2019a pas fait l\u2019objet d\u2019une d\u00e9claration 0495107320 aupr\u00e8s de la Commission nationale de l\u2019informatique et des libert\u00e9s.<\/p><p><strong>LITIGES<\/strong>\u00a0<br \/><br \/>Les pr\u00e9sentes conditions du site shop.universdrink.com sont r\u00e9gies par les lois belges et toute contestation ou litiges qui pourraient na\u00eetre de l\u2019interpr\u00e9tation ou de l\u2019ex\u00e9cution de celles-ci seront de la comp\u00e9tence exclusive des tribunaux dont d\u00e9pend le si\u00e8ge social de la soci\u00e9t\u00e9. La langue de r\u00e9f\u00e9rence, pour le r\u00e8glement de contentieux \u00e9ventuels, est le fran\u00e7ais.<\/p><p><strong>DONN\u00c9ES PERSONNELLES<br \/><\/strong><br \/>De mani\u00e8re g\u00e9n\u00e9rale, vous n\u2019\u00eates pas tenu de nous communiquer vos donn\u00e9es personnelles lorsque vous visitez notre site Internet shop.universdrink.com . Cependant, ce principe comporte certaines exceptions. En effet, pour certains services propos\u00e9s par notre site, vous pouvez \u00eatre amen\u00e9s \u00e0 nous communiquer certaines donn\u00e9es telles que : votre nom, votre fonction, le nom de votre soci\u00e9t\u00e9, votre adresse \u00e9lectronique, et votre num\u00e9ro de t\u00e9l\u00e9phone. Tel est le cas lorsque vous remplissez le formulaire qui vous est propos\u00e9 en ligne, dans la rubrique \u00ab contact \u00bb.<\/p><p>Dans tous les cas, vous pouvez refuser de fournir vos donn\u00e9es personnelles. Dans ce cas, vous ne pourrez pas utiliser les services du site, notamment celui de solliciter des renseignements sur notre soci\u00e9t\u00e9, ou de recevoir les lettres d\u2019information. Enfin, nous pouvons collecter de mani\u00e8re automatique certaines informations vous concernant lors d\u2019une simple navigation sur notre site Internet, notamment : des informations concernant l\u2019utilisation de notre site, comme les zones que vous visitez et les services auxquels vous acc\u00e9dez, votre adresse IP, le type de votre navigateur, vos temps d\u2019acc\u00e8s. De telles informations sont utilis\u00e9es exclusivement \u00e0 des fins de statistiques internes, de mani\u00e8re \u00e0 am\u00e9liorer la qualit\u00e9 des services qui vous sont propos\u00e9s. Les bases de donn\u00e9es sont prot\u00e9g\u00e9es par les dispositions de la loi du 1er juillet 1998 transposant la directive 96\/9 du 11 mars 1996 relative \u00e0 la protection juridique des bases de donn\u00e9es Univers Drink SA<\/p>\t\t\t\t\t\t\t\t<\/div>\n\t\t\t\t<\/div>\n\t\t\t\t\t<\/div>\n\t\t<\/div>\n\t\t\t\t\t<\/div>\n\t\t<\/section>\n\t\t\t\t<\/div>","protected":false},"excerpt":{"rendered":"<p>MENTIONS L\u00c9GALES Merci de lire avec attention les diff\u00e9rentes modalit\u00e9s d\u2019utilisation du pr\u00e9sent site avant d\u2019y parcourir ses pages. En vous connectant sur ce site, vous acceptez sans r\u00e9serves les pr\u00e9sentes modalit\u00e9s. EDITEUR DU SITE\u00a0UNIVERS DRINK SANum\u00e9ro de TVA : BE 0820.318.607Responsable editorial : Arnaud JacqueminAdresse : Avenue Blonden 13, 4000 Li\u00e8ge \u2013 BelgiqueT\u00e9l\u00e9phone :0497 &hellip; <\/p>\n<p class=\"link-more\"><a href=\"https:\/\/universdrink.com\/en\/mentions-legales\/\" class=\"more-link\">Continue reading<span class=\"screen-reader-text\"> \u00ab\u00a0MENTIONS L\u00c9GALES\u00a0\u00bb<\/span><\/a><\/p>","protected":false},"author":5,"featured_media":0,"parent":0,"menu_order":0,"comment_status":"closed","ping_status":"closed","template":"elementor_header_footer","meta":{"_acf_changed":false,"content-type":"","_monsterinsights_skip_tracking":false,"_monsterinsights_sitenote_active":false,"_monsterinsights_sitenote_note":"","_monsterinsights_sitenote_category":0,"footnotes":""},"class_list":["post-8578","page","type-page","status-publish","hentry"],"acf":[],"yoast_head":"<!-- This site is optimized with the Yoast SEO plugin v26.8 - https:\/\/yoast.com\/product\/yoast-seo-wordpress\/ -->\n<title>Boissons festives et spiritueux sans alcool - MENTIONS L\u00c9GALES Univers Drink<\/title>\n<meta name=\"description\" content=\"Vins plats, vins p\u00e9tillants, mocktails et spiritueux, Univers Drink se singularise par la qualit\u00e9 et l\u2019originalit\u00e9 de ses boissons sans alcool.\" \/>\n<meta name=\"robots\" content=\"index, follow, max-snippet:-1, max-image-preview:large, max-video-preview:-1\" \/>\n<link rel=\"canonical\" href=\"https:\/\/universdrink.com\/en\/mentions-legales\/\" \/>\n<meta property=\"og:locale\" content=\"en_GB\" \/>\n<meta property=\"og:type\" content=\"article\" \/>\n<meta property=\"og:title\" content=\"Boissons festives et spiritueux sans alcool - MENTIONS L\u00c9GALES Univers Drink\" \/>\n<meta property=\"og:description\" content=\"Vins plats, vins p\u00e9tillants, mocktails et spiritueux, Univers Drink se singularise par la qualit\u00e9 et l\u2019originalit\u00e9 de ses boissons sans alcool.\" \/>\n<meta property=\"og:url\" content=\"https:\/\/universdrink.com\/en\/mentions-legales\/\" \/>\n<meta property=\"og:site_name\" content=\"Univers Drink\" \/>\n<meta property=\"article:publisher\" content=\"https:\/\/www.facebook.com\/UniversDrink\/\" \/>\n<meta property=\"article:modified_time\" content=\"2022-11-22T15:36:08+00:00\" \/>\n<meta name=\"twitter:card\" content=\"summary_large_image\" \/>\n<meta name=\"twitter:label1\" content=\"Estimated reading time\" \/>\n\t<meta name=\"twitter:data1\" content=\"7 minutes\" \/>\n<script type=\"application\/ld+json\" class=\"yoast-schema-graph\">{\"@context\":\"https:\/\/schema.org\",\"@graph\":[{\"@type\":\"WebPage\",\"@id\":\"https:\/\/universdrink.com\/mentions-legales\/\",\"url\":\"https:\/\/universdrink.com\/mentions-legales\/\",\"name\":\"Boissons festives et spiritueux sans alcool - MENTIONS L\u00c9GALES Univers Drink\",\"isPartOf\":{\"@id\":\"https:\/\/universdrink.com\/#website\"},\"datePublished\":\"2022-10-11T11:34:48+00:00\",\"dateModified\":\"2022-11-22T15:36:08+00:00\",\"description\":\"Vins plats, vins p\u00e9tillants, mocktails et spiritueux, Univers Drink se singularise par la qualit\u00e9 et l\u2019originalit\u00e9 de ses boissons sans alcool.\",\"breadcrumb\":{\"@id\":\"https:\/\/universdrink.com\/mentions-legales\/#breadcrumb\"},\"inLanguage\":\"en-GB\",\"potentialAction\":[{\"@type\":\"ReadAction\",\"target\":[\"https:\/\/universdrink.com\/mentions-legales\/\"]}]},{\"@type\":\"BreadcrumbList\",\"@id\":\"https:\/\/universdrink.com\/mentions-legales\/#breadcrumb\",\"itemListElement\":[{\"@type\":\"ListItem\",\"position\":1,\"name\":\"Home\",\"item\":\"https:\/\/universdrink.com\/\"},{\"@type\":\"ListItem\",\"position\":2,\"name\":\"MENTIONS L\u00c9GALES\"}]},{\"@type\":\"WebSite\",\"@id\":\"https:\/\/universdrink.com\/#website\",\"url\":\"https:\/\/universdrink.com\/\",\"name\":\"Univers Drink\",\"description\":\"Vins d\u00e9salcoolis\u00e9s, bulles et cocktails sans alcool\",\"publisher\":{\"@id\":\"https:\/\/universdrink.com\/#organization\"},\"potentialAction\":[{\"@type\":\"SearchAction\",\"target\":{\"@type\":\"EntryPoint\",\"urlTemplate\":\"https:\/\/universdrink.com\/?s={search_term_string}\"},\"query-input\":{\"@type\":\"PropertyValueSpecification\",\"valueRequired\":true,\"valueName\":\"search_term_string\"}}],\"inLanguage\":\"en-GB\"},{\"@type\":\"Organization\",\"@id\":\"https:\/\/universdrink.com\/#organization\",\"name\":\"Univers Drink\",\"url\":\"https:\/\/universdrink.com\/\",\"logo\":{\"@type\":\"ImageObject\",\"inLanguage\":\"en-GB\",\"@id\":\"https:\/\/universdrink.com\/#\/schema\/logo\/image\/\",\"url\":\"https:\/\/universdrink.com\/wp-content\/uploads\/2019\/04\/Log_UniversDrink_Coul_Header.png\",\"contentUrl\":\"https:\/\/universdrink.com\/wp-content\/uploads\/2019\/04\/Log_UniversDrink_Coul_Header.png\",\"width\":250,\"height\":106,\"caption\":\"Univers Drink\"},\"image\":{\"@id\":\"https:\/\/universdrink.com\/#\/schema\/logo\/image\/\"},\"sameAs\":[\"https:\/\/www.facebook.com\/UniversDrink\/\"]}]}<\/script>\n<!-- \/ Yoast SEO plugin. -->","yoast_head_json":{"title":"Boissons festives et spiritueux sans alcool - MENTIONS L\u00c9GALES Univers Drink","description":"Vins plats, vins p\u00e9tillants, mocktails et spiritueux, Univers Drink se singularise par la qualit\u00e9 et l\u2019originalit\u00e9 de ses boissons sans alcool.","robots":{"index":"index","follow":"follow","max-snippet":"max-snippet:-1","max-image-preview":"max-image-preview:large","max-video-preview":"max-video-preview:-1"},"canonical":"https:\/\/universdrink.com\/en\/mentions-legales\/","og_locale":"en_GB","og_type":"article","og_title":"Boissons festives et spiritueux sans alcool - MENTIONS L\u00c9GALES Univers Drink","og_description":"Vins plats, vins p\u00e9tillants, mocktails et spiritueux, Univers Drink se singularise par la qualit\u00e9 et l\u2019originalit\u00e9 de ses boissons sans alcool.","og_url":"https:\/\/universdrink.com\/en\/mentions-legales\/","og_site_name":"Univers Drink","article_publisher":"https:\/\/www.facebook.com\/UniversDrink\/","article_modified_time":"2022-11-22T15:36:08+00:00","twitter_card":"summary_large_image","twitter_misc":{"Estimated reading time":"7 minutes"},"schema":{"@context":"https:\/\/schema.org","@graph":[{"@type":"WebPage","@id":"https:\/\/universdrink.com\/mentions-legales\/","url":"https:\/\/universdrink.com\/mentions-legales\/","name":"Boissons festives et spiritueux sans alcool - MENTIONS L\u00c9GALES Univers Drink","isPartOf":{"@id":"https:\/\/universdrink.com\/#website"},"datePublished":"2022-10-11T11:34:48+00:00","dateModified":"2022-11-22T15:36:08+00:00","description":"Vins plats, vins p\u00e9tillants, mocktails et spiritueux, Univers Drink se singularise par la qualit\u00e9 et l\u2019originalit\u00e9 de ses boissons sans alcool.","breadcrumb":{"@id":"https:\/\/universdrink.com\/mentions-legales\/#breadcrumb"},"inLanguage":"en-GB","potentialAction":[{"@type":"ReadAction","target":["https:\/\/universdrink.com\/mentions-legales\/"]}]},{"@type":"BreadcrumbList","@id":"https:\/\/universdrink.com\/mentions-legales\/#breadcrumb","itemListElement":[{"@type":"ListItem","position":1,"name":"Home","item":"https:\/\/universdrink.com\/"},{"@type":"ListItem","position":2,"name":"MENTIONS L\u00c9GALES"}]},{"@type":"WebSite","@id":"https:\/\/universdrink.com\/#website","url":"https:\/\/universdrink.com\/","name":"Univers Drink","description":"Vins d\u00e9salcoolis\u00e9s, bulles et cocktails sans alcool","publisher":{"@id":"https:\/\/universdrink.com\/#organization"},"potentialAction":[{"@type":"SearchAction","target":{"@type":"EntryPoint","urlTemplate":"https:\/\/universdrink.com\/?s={search_term_string}"},"query-input":{"@type":"PropertyValueSpecification","valueRequired":true,"valueName":"search_term_string"}}],"inLanguage":"en-GB"},{"@type":"Organization","@id":"https:\/\/universdrink.com\/#organization","name":"Univers Drink","url":"https:\/\/universdrink.com\/","logo":{"@type":"ImageObject","inLanguage":"en-GB","@id":"https:\/\/universdrink.com\/#\/schema\/logo\/image\/","url":"https:\/\/universdrink.com\/wp-content\/uploads\/2019\/04\/Log_UniversDrink_Coul_Header.png","contentUrl":"https:\/\/universdrink.com\/wp-content\/uploads\/2019\/04\/Log_UniversDrink_Coul_Header.png","width":250,"height":106,"caption":"Univers Drink"},"image":{"@id":"https:\/\/universdrink.com\/#\/schema\/logo\/image\/"},"sameAs":["https:\/\/www.facebook.com\/UniversDrink\/"]}]}},"_links":{"self":[{"href":"https:\/\/universdrink.com\/en\/wp-json\/wp\/v2\/pages\/8578","targetHints":{"allow":["GET"]}}],"collection":[{"href":"https:\/\/universdrink.com\/en\/wp-json\/wp\/v2\/pages"}],"about":[{"href":"https:\/\/universdrink.com\/en\/wp-json\/wp\/v2\/types\/page"}],"author":[{"embeddable":true,"href":"https:\/\/universdrink.com\/en\/wp-json\/wp\/v2\/users\/5"}],"replies":[{"embeddable":true,"href":"https:\/\/universdrink.com\/en\/wp-json\/wp\/v2\/comments?post=8578"}],"version-history":[{"count":8,"href":"https:\/\/universdrink.com\/en\/wp-json\/wp\/v2\/pages\/8578\/revisions"}],"predecessor-version":[{"id":9552,"href":"https:\/\/universdrink.com\/en\/wp-json\/wp\/v2\/pages\/8578\/revisions\/9552"}],"wp:attachment":[{"href":"https:\/\/universdrink.com\/en\/wp-json\/wp\/v2\/media?parent=8578"}],"curies":[{"name":"wp","href":"https:\/\/api.w.org\/{rel}","templated":true}]}}