{"id":9470,"date":"2022-11-22T11:27:41","date_gmt":"2022-11-22T11:27:41","guid":{"rendered":"https:\/\/universdrink.com\/?page_id=9470"},"modified":"2022-11-22T15:31:25","modified_gmt":"2022-11-22T15:31:25","slug":"promo","status":"publish","type":"page","link":"https:\/\/universdrink.com\/en\/promo\/","title":{"rendered":"PROMO"},"content":{"rendered":"<div data-elementor-type=\"wp-page\" data-elementor-id=\"9470\" class=\"elementor elementor-9470\" data-elementor-post-type=\"page\">\n\t\t\t\t\t\t<section class=\"elementor-section elementor-top-section elementor-element elementor-element-ca3b5e7 elementor-section-full_width elementor-section-height-min-height elementor-section-height-default elementor-section-items-middle\" data-id=\"ca3b5e7\" data-element_type=\"section\" data-settings=\"{&quot;background_background&quot;:&quot;slideshow&quot;,&quot;background_slideshow_gallery&quot;:[{&quot;id&quot;:8341,&quot;url&quot;:&quot;https:\\\/\\\/universdrink.com\\\/wp-content\\\/uploads\\\/2022\\\/10\\\/DSC9998.jpg&quot;}],&quot;background_slideshow_loop&quot;:&quot;yes&quot;,&quot;background_slideshow_slide_duration&quot;:5000,&quot;background_slideshow_slide_transition&quot;:&quot;fade&quot;,&quot;background_slideshow_transition_duration&quot;:500}\">\n\t\t\t\t\t\t<div class=\"elementor-container elementor-column-gap-default\">\n\t\t\t\t\t<div class=\"elementor-column elementor-col-100 elementor-top-column elementor-element elementor-element-bf7c38e\" data-id=\"bf7c38e\" data-element_type=\"column\">\n\t\t\t<div class=\"elementor-widget-wrap elementor-element-populated\">\n\t\t\t\t\t\t<section class=\"elementor-section elementor-inner-section elementor-element elementor-element-b84e847 elementor-section-boxed elementor-section-height-default elementor-section-height-default\" data-id=\"b84e847\" data-element_type=\"section\" data-settings=\"{&quot;background_background&quot;:&quot;classic&quot;}\">\n\t\t\t\t\t\t<div class=\"elementor-container elementor-column-gap-default\">\n\t\t\t\t\t<div class=\"elementor-column elementor-col-100 elementor-inner-column elementor-element elementor-element-4c2e7fe\" data-id=\"4c2e7fe\" data-element_type=\"column\" data-settings=\"{&quot;background_background&quot;:&quot;classic&quot;}\">\n\t\t\t<div class=\"elementor-widget-wrap elementor-element-populated\">\n\t\t\t\t\t\t<div class=\"elementor-element elementor-element-dbca86a elementor-widget elementor-widget-heading\" data-id=\"dbca86a\" data-element_type=\"widget\" data-widget_type=\"heading.default\">\n\t\t\t\t<div class=\"elementor-widget-container\">\n\t\t\t\t\t<h2 class=\"elementor-heading-title elementor-size-default\">YOUR PROMO CODE IS : 15OFFUD<\/h2>\t\t\t\t<\/div>\n\t\t\t\t<\/div>\n\t\t\t\t<div class=\"elementor-element elementor-element-3217131 elementor-widget elementor-widget-text-editor\" data-id=\"3217131\" data-element_type=\"widget\" data-widget_type=\"text-editor.default\">\n\t\t\t\t<div class=\"elementor-widget-container\">\n\t\t\t\t\t\t\t\t\t<p>GET 15% DISCOUNT ON YOUR NEXT PURCHASE<\/p>\t\t\t\t\t\t\t\t<\/div>\n\t\t\t\t<\/div>\n\t\t\t\t<div class=\"elementor-element elementor-element-2173281 elementor-align-center elementor-mobile-align-center elementor-widget elementor-widget-button\" data-id=\"2173281\" data-element_type=\"widget\" data-widget_type=\"button.default\">\n\t\t\t\t<div class=\"elementor-widget-container\">\n\t\t\t\t\t\t\t\t\t<div class=\"elementor-button-wrapper\">\n\t\t\t\t\t<a class=\"elementor-button elementor-button-link elementor-size-md\" href=\"https:\/\/universdrink.com\/en\/shop\/\">\n\t\t\t\t\t\t<span class=\"elementor-button-content-wrapper\">\n\t\t\t\t\t\t\t\t\t<span class=\"elementor-button-text\">TO THE SHOP<\/span>\n\t\t\t\t\t<\/span>\n\t\t\t\t\t<\/a>\n\t\t\t\t<\/div>\n\t\t\t\t\t\t\t\t<\/div>\n\t\t\t\t<\/div>\n\t\t\t\t\t<\/div>\n\t\t<\/div>\n\t\t\t\t\t<\/div>\n\t\t<\/section>\n\t\t\t\t\t<\/div>\n\t\t<\/div>\n\t\t\t\t\t<\/div>\n\t\t<\/section>\n\t\t\t\t<\/div>","protected":false},"excerpt":{"rendered":"<p>VOTRE CODE PROMO EST : 15OFFUD b\u00e9n\u00e9ficiez de 15% de r\u00e9duction sur votre prochain achat ! VERS LE SHOP<\/p>","protected":false},"author":5,"featured_media":0,"parent":0,"menu_order":0,"comment_status":"closed","ping_status":"closed","template":"elementor_header_footer","meta":{"_acf_changed":false,"content-type":"","_monsterinsights_skip_tracking":false,"_monsterinsights_sitenote_active":false,"_monsterinsights_sitenote_note":"","_monsterinsights_sitenote_category":0,"footnotes":""},"class_list":["post-9470","page","type-page","status-publish","hentry"],"acf":[],"yoast_head":"<!-- This site is optimized with the Yoast SEO plugin v26.8 - https:\/\/yoast.com\/product\/yoast-seo-wordpress\/ -->\n<title>Boissons festives et spiritueux sans alcool - PROMO Univers Drink<\/title>\n<meta name=\"description\" content=\"Vins plats, vins p\u00e9tillants, mocktails et spiritueux, Univers Drink se singularise par la qualit\u00e9 et l\u2019originalit\u00e9 de ses boissons sans alcool.\" \/>\n<meta name=\"robots\" content=\"index, follow, max-snippet:-1, max-image-preview:large, max-video-preview:-1\" \/>\n<link rel=\"canonical\" href=\"https:\/\/universdrink.com\/en\/promo\/\" \/>\n<meta property=\"og:locale\" content=\"en_GB\" \/>\n<meta property=\"og:type\" content=\"article\" \/>\n<meta property=\"og:title\" content=\"Boissons festives et spiritueux sans alcool - PROMO Univers Drink\" \/>\n<meta property=\"og:description\" content=\"Vins plats, vins p\u00e9tillants, mocktails et spiritueux, Univers Drink se singularise par la qualit\u00e9 et l\u2019originalit\u00e9 de ses boissons sans alcool.\" \/>\n<meta property=\"og:url\" content=\"https:\/\/universdrink.com\/en\/promo\/\" \/>\n<meta property=\"og:site_name\" content=\"Univers Drink\" \/>\n<meta property=\"article:publisher\" content=\"https:\/\/www.facebook.com\/UniversDrink\/\" \/>\n<meta property=\"article:modified_time\" content=\"2022-11-22T15:31:25+00:00\" \/>\n<meta name=\"twitter:card\" content=\"summary_large_image\" \/>\n<meta name=\"twitter:label1\" content=\"Estimated reading time\" \/>\n\t<meta name=\"twitter:data1\" content=\"1 minute\" \/>\n<script type=\"application\/ld+json\" class=\"yoast-schema-graph\">{\"@context\":\"https:\/\/schema.org\",\"@graph\":[{\"@type\":\"WebPage\",\"@id\":\"https:\/\/universdrink.com\/promo\/\",\"url\":\"https:\/\/universdrink.com\/promo\/\",\"name\":\"Boissons festives et spiritueux sans alcool - PROMO Univers Drink\",\"isPartOf\":{\"@id\":\"https:\/\/universdrink.com\/#website\"},\"datePublished\":\"2022-11-22T11:27:41+00:00\",\"dateModified\":\"2022-11-22T15:31:25+00:00\",\"description\":\"Vins plats, vins p\u00e9tillants, mocktails et spiritueux, Univers Drink se singularise par la qualit\u00e9 et l\u2019originalit\u00e9 de ses boissons sans alcool.\",\"breadcrumb\":{\"@id\":\"https:\/\/universdrink.com\/promo\/#breadcrumb\"},\"inLanguage\":\"en-GB\",\"potentialAction\":[{\"@type\":\"ReadAction\",\"target\":[\"https:\/\/universdrink.com\/promo\/\"]}]},{\"@type\":\"BreadcrumbList\",\"@id\":\"https:\/\/universdrink.com\/promo\/#breadcrumb\",\"itemListElement\":[{\"@type\":\"ListItem\",\"position\":1,\"name\":\"Home\",\"item\":\"https:\/\/universdrink.com\/\"},{\"@type\":\"ListItem\",\"position\":2,\"name\":\"PROMO\"}]},{\"@type\":\"WebSite\",\"@id\":\"https:\/\/universdrink.com\/#website\",\"url\":\"https:\/\/universdrink.com\/\",\"name\":\"Univers Drink\",\"description\":\"Vins d\u00e9salcoolis\u00e9s, bulles et cocktails sans alcool\",\"publisher\":{\"@id\":\"https:\/\/universdrink.com\/#organization\"},\"potentialAction\":[{\"@type\":\"SearchAction\",\"target\":{\"@type\":\"EntryPoint\",\"urlTemplate\":\"https:\/\/universdrink.com\/?s={search_term_string}\"},\"query-input\":{\"@type\":\"PropertyValueSpecification\",\"valueRequired\":true,\"valueName\":\"search_term_string\"}}],\"inLanguage\":\"en-GB\"},{\"@type\":\"Organization\",\"@id\":\"https:\/\/universdrink.com\/#organization\",\"name\":\"Univers Drink\",\"url\":\"https:\/\/universdrink.com\/\",\"logo\":{\"@type\":\"ImageObject\",\"inLanguage\":\"en-GB\",\"@id\":\"https:\/\/universdrink.com\/#\/schema\/logo\/image\/\",\"url\":\"https:\/\/universdrink.com\/wp-content\/uploads\/2019\/04\/Log_UniversDrink_Coul_Header.png\",\"contentUrl\":\"https:\/\/universdrink.com\/wp-content\/uploads\/2019\/04\/Log_UniversDrink_Coul_Header.png\",\"width\":250,\"height\":106,\"caption\":\"Univers Drink\"},\"image\":{\"@id\":\"https:\/\/universdrink.com\/#\/schema\/logo\/image\/\"},\"sameAs\":[\"https:\/\/www.facebook.com\/UniversDrink\/\"]}]}<\/script>\n<!-- \/ Yoast SEO plugin. -->","yoast_head_json":{"title":"Boissons festives et spiritueux sans alcool - PROMO Univers Drink","description":"Vins plats, vins p\u00e9tillants, mocktails et spiritueux, Univers Drink se singularise par la qualit\u00e9 et l\u2019originalit\u00e9 de ses boissons sans alcool.","robots":{"index":"index","follow":"follow","max-snippet":"max-snippet:-1","max-image-preview":"max-image-preview:large","max-video-preview":"max-video-preview:-1"},"canonical":"https:\/\/universdrink.com\/en\/promo\/","og_locale":"en_GB","og_type":"article","og_title":"Boissons festives et spiritueux sans alcool - PROMO Univers Drink","og_description":"Vins plats, vins p\u00e9tillants, mocktails et spiritueux, Univers Drink se singularise par la qualit\u00e9 et l\u2019originalit\u00e9 de ses boissons sans alcool.","og_url":"https:\/\/universdrink.com\/en\/promo\/","og_site_name":"Univers Drink","article_publisher":"https:\/\/www.facebook.com\/UniversDrink\/","article_modified_time":"2022-11-22T15:31:25+00:00","twitter_card":"summary_large_image","twitter_misc":{"Estimated reading time":"1 minute"},"schema":{"@context":"https:\/\/schema.org","@graph":[{"@type":"WebPage","@id":"https:\/\/universdrink.com\/promo\/","url":"https:\/\/universdrink.com\/promo\/","name":"Boissons festives et spiritueux sans alcool - PROMO Univers Drink","isPartOf":{"@id":"https:\/\/universdrink.com\/#website"},"datePublished":"2022-11-22T11:27:41+00:00","dateModified":"2022-11-22T15:31:25+00:00","description":"Vins plats, vins p\u00e9tillants, mocktails et spiritueux, Univers Drink se singularise par la qualit\u00e9 et l\u2019originalit\u00e9 de ses boissons sans alcool.","breadcrumb":{"@id":"https:\/\/universdrink.com\/promo\/#breadcrumb"},"inLanguage":"en-GB","potentialAction":[{"@type":"ReadAction","target":["https:\/\/universdrink.com\/promo\/"]}]},{"@type":"BreadcrumbList","@id":"https:\/\/universdrink.com\/promo\/#breadcrumb","itemListElement":[{"@type":"ListItem","position":1,"name":"Home","item":"https:\/\/universdrink.com\/"},{"@type":"ListItem","position":2,"name":"PROMO"}]},{"@type":"WebSite","@id":"https:\/\/universdrink.com\/#website","url":"https:\/\/universdrink.com\/","name":"Univers Drink","description":"Vins d\u00e9salcoolis\u00e9s, bulles et cocktails sans alcool","publisher":{"@id":"https:\/\/universdrink.com\/#organization"},"potentialAction":[{"@type":"SearchAction","target":{"@type":"EntryPoint","urlTemplate":"https:\/\/universdrink.com\/?s={search_term_string}"},"query-input":{"@type":"PropertyValueSpecification","valueRequired":true,"valueName":"search_term_string"}}],"inLanguage":"en-GB"},{"@type":"Organization","@id":"https:\/\/universdrink.com\/#organization","name":"Univers Drink","url":"https:\/\/universdrink.com\/","logo":{"@type":"ImageObject","inLanguage":"en-GB","@id":"https:\/\/universdrink.com\/#\/schema\/logo\/image\/","url":"https:\/\/universdrink.com\/wp-content\/uploads\/2019\/04\/Log_UniversDrink_Coul_Header.png","contentUrl":"https:\/\/universdrink.com\/wp-content\/uploads\/2019\/04\/Log_UniversDrink_Coul_Header.png","width":250,"height":106,"caption":"Univers Drink"},"image":{"@id":"https:\/\/universdrink.com\/#\/schema\/logo\/image\/"},"sameAs":["https:\/\/www.facebook.com\/UniversDrink\/"]}]}},"_links":{"self":[{"href":"https:\/\/universdrink.com\/en\/wp-json\/wp\/v2\/pages\/9470","targetHints":{"allow":["GET"]}}],"collection":[{"href":"https:\/\/universdrink.com\/en\/wp-json\/wp\/v2\/pages"}],"about":[{"href":"https:\/\/universdrink.com\/en\/wp-json\/wp\/v2\/types\/page"}],"author":[{"embeddable":true,"href":"https:\/\/universdrink.com\/en\/wp-json\/wp\/v2\/users\/5"}],"replies":[{"embeddable":true,"href":"https:\/\/universdrink.com\/en\/wp-json\/wp\/v2\/comments?post=9470"}],"version-history":[{"count":8,"href":"https:\/\/universdrink.com\/en\/wp-json\/wp\/v2\/pages\/9470\/revisions"}],"predecessor-version":[{"id":9544,"href":"https:\/\/universdrink.com\/en\/wp-json\/wp\/v2\/pages\/9470\/revisions\/9544"}],"wp:attachment":[{"href":"https:\/\/universdrink.com\/en\/wp-json\/wp\/v2\/media?parent=9470"}],"curies":[{"name":"wp","href":"https:\/\/api.w.org\/{rel}","templated":true}]}}