{"id":16281,"date":"2024-12-09T12:34:39","date_gmt":"2024-12-09T12:34:39","guid":{"rendered":"https:\/\/universdrink.com\/boutique\/non%20class\u00e9\/chardonnay-75-cl-boisson-sans-alcool-a-base-de-vin-blanc-desalcoolise\/"},"modified":"2026-04-04T10:44:31","modified_gmt":"2026-04-04T10:44:31","slug":"chardonnay-75-cl-boisson-sans-alcool-a-base-de-vin-blanc-desalcoolise","status":"publish","type":"product","link":"https:\/\/universdrink.com\/en\/boutique\/vendome-mademoiselle\/chardonnay-75-cl-boisson-sans-alcool-a-base-de-vin-blanc-desalcoolise\/","title":{"rendered":"Chardonnay 75 cl <br> ALCOHOL FREE DRINK MADE FROM DEALCOHOLIZED WHITE WINE"},"content":{"rendered":"<h3 style=\"font-size: 1.40833rem;\"><span class=\"jet-headline__label\">Freshness in the mouth\u00a0<\/span>alcohol free drink<\/h3>\n<p>Our acohol-free Vend\u00f4me Mademoiselle Chardonnay, made from dealcoholized wine with ingredients sourced from organic agriculture, is produced from bright, golden grapes. With a straw-yellow colour, this non-alcoholic beverage made from dealcoholized white wine is full-bodied and elegant. It is characterized by pleasant, easily recognizable fruity aromas, predominantly citrus, with grapefruit, and lemon, but also with notes of acacia, caramel, fresh butter, and nutmeg. Its taste is delightfully tangy and mineral, bringing a nice freshness to the palate. This non-alcoholic beverage made from dealcoholized white wine is fruity and pleasant, suitable for any occasion, and can accompany almost any dish, particularly fish, shellfish, and poultry.<\/p>\n<h3 style=\"font-size: 1.40833rem;\"><\/h3>\n<h3><\/h3>\n<p><span style=\"font-family: Roboto, 'Odoo Unicode Support Noto', sans-serif;\">\u00a00.0% alcohol\u00a0|\u00a0<\/span><span style=\"font-family: Roboto, 'Odoo Unicode Support Noto', sans-serif;\">\u00a019,7kcal\/100ml |\u00a0<\/span><span style=\"font-family: Roboto, 'Odoo Unicode Support Noto', sans-serif;\">\u00a0Between 6\u00b0 and 8\u00b0<\/span><br \/>\n<span style=\"font-family: Roboto, 'Odoo Unicode Support Noto', sans-serif;\">\u00a0Grape variety : Chardonnay<\/span><br \/>\n<span style=\"font-family: Roboto, 'Odoo Unicode Support Noto', sans-serif;\">\u00a0Available in 75cl bottles<\/span><\/p>","protected":false},"excerpt":{"rendered":"<p>Vend\u00f4me Mademoiselle<\/p>","protected":false},"featured_media":16587,"template":"","meta":{"_acf_changed":false,"content-type":"","_monsterinsights_skip_tracking":false,"_monsterinsights_sitenote_active":false,"_monsterinsights_sitenote_note":"","_monsterinsights_sitenote_category":0},"product_brand":[],"product_cat":[49],"product_tag":[50,83,41,78],"woo-feed-brand":[],"class_list":{"0":"post-16281","1":"product","2":"type-product","3":"status-publish","4":"has-post-thumbnail","6":"product_cat-vendome-mademoiselle","7":"product_tag-bio","8":"product_tag-vendome-vin","9":"product_tag-vin-blanc","10":"product_tag-vins-plats","12":"first","13":"outofstock","14":"taxable","15":"shipping-taxable","16":"purchasable","17":"product-type-simple"},"acf":[],"yoast_head":"<!-- This site is optimized with the Yoast SEO plugin v26.8 - https:\/\/yoast.com\/product\/yoast-seo-wordpress\/ -->\n<title>Chardonnay 75 cl  BOISSON SANS ALCOOL \u00c0 BASE DE VIN BLANC D\u00c9SALCOOLIS\u00c9 - Univers Drink<\/title>\n<meta name=\"robots\" content=\"index, follow, max-snippet:-1, max-image-preview:large, max-video-preview:-1\" \/>\n<link rel=\"canonical\" href=\"https:\/\/universdrink.com\/en\/boutique\/vendome-mademoiselle\/chardonnay-75-cl-boisson-sans-alcool-a-base-de-vin-blanc-desalcoolise\/\" \/>\n<meta property=\"og:locale\" content=\"en_GB\" \/>\n<meta property=\"og:type\" content=\"article\" \/>\n<meta property=\"og:title\" content=\"Chardonnay 75 cl  BOISSON SANS ALCOOL \u00c0 BASE DE VIN BLANC D\u00c9SALCOOLIS\u00c9 - Univers Drink\" \/>\n<meta property=\"og:description\" content=\"Vend\u00f4me Mademoiselle\" \/>\n<meta property=\"og:url\" content=\"https:\/\/universdrink.com\/en\/boutique\/vendome-mademoiselle\/chardonnay-75-cl-boisson-sans-alcool-a-base-de-vin-blanc-desalcoolise\/\" \/>\n<meta property=\"og:site_name\" content=\"Univers Drink\" \/>\n<meta property=\"article:publisher\" content=\"https:\/\/www.facebook.com\/UniversDrink\/\" \/>\n<meta property=\"article:modified_time\" content=\"2026-04-04T10:44:31+00:00\" \/>\n<meta property=\"og:image\" content=\"https:\/\/universdrink.com\/wp-content\/uploads\/2024\/12\/Vendome_Chardonnay-scaled.jpg\" \/>\n\t<meta property=\"og:image:width\" content=\"2560\" \/>\n\t<meta property=\"og:image:height\" content=\"2560\" \/>\n\t<meta property=\"og:image:type\" content=\"image\/jpeg\" \/>\n<meta name=\"twitter:card\" content=\"summary_large_image\" \/>\n<meta name=\"twitter:label1\" content=\"Estimated reading time\" \/>\n\t<meta name=\"twitter:data1\" content=\"1 minute\" \/>\n<script type=\"application\/ld+json\" class=\"yoast-schema-graph\">{\"@context\":\"https:\/\/schema.org\",\"@graph\":[{\"@type\":\"WebPage\",\"@id\":\"https:\/\/universdrink.com\/boutique\/vendome-mademoiselle\/chardonnay-75-cl-boisson-sans-alcool-a-base-de-vin-blanc-desalcoolise\/\",\"url\":\"https:\/\/universdrink.com\/boutique\/vendome-mademoiselle\/chardonnay-75-cl-boisson-sans-alcool-a-base-de-vin-blanc-desalcoolise\/\",\"name\":\"Chardonnay 75 cl BOISSON SANS ALCOOL \u00c0 BASE DE VIN BLANC D\u00c9SALCOOLIS\u00c9 - Univers Drink\",\"isPartOf\":{\"@id\":\"https:\/\/universdrink.com\/#website\"},\"primaryImageOfPage\":{\"@id\":\"https:\/\/universdrink.com\/boutique\/vendome-mademoiselle\/chardonnay-75-cl-boisson-sans-alcool-a-base-de-vin-blanc-desalcoolise\/#primaryimage\"},\"image\":{\"@id\":\"https:\/\/universdrink.com\/boutique\/vendome-mademoiselle\/chardonnay-75-cl-boisson-sans-alcool-a-base-de-vin-blanc-desalcoolise\/#primaryimage\"},\"thumbnailUrl\":\"https:\/\/universdrink.com\/wp-content\/uploads\/2024\/12\/Vendome_Chardonnay-scaled.jpg\",\"datePublished\":\"2024-12-09T12:34:39+00:00\",\"dateModified\":\"2026-04-04T10:44:31+00:00\",\"breadcrumb\":{\"@id\":\"https:\/\/universdrink.com\/boutique\/vendome-mademoiselle\/chardonnay-75-cl-boisson-sans-alcool-a-base-de-vin-blanc-desalcoolise\/#breadcrumb\"},\"inLanguage\":\"en-GB\",\"potentialAction\":[{\"@type\":\"ReadAction\",\"target\":[\"https:\/\/universdrink.com\/boutique\/vendome-mademoiselle\/chardonnay-75-cl-boisson-sans-alcool-a-base-de-vin-blanc-desalcoolise\/\"]}]},{\"@type\":\"ImageObject\",\"inLanguage\":\"en-GB\",\"@id\":\"https:\/\/universdrink.com\/boutique\/vendome-mademoiselle\/chardonnay-75-cl-boisson-sans-alcool-a-base-de-vin-blanc-desalcoolise\/#primaryimage\",\"url\":\"https:\/\/universdrink.com\/wp-content\/uploads\/2024\/12\/Vendome_Chardonnay-scaled.jpg\",\"contentUrl\":\"https:\/\/universdrink.com\/wp-content\/uploads\/2024\/12\/Vendome_Chardonnay-scaled.jpg\",\"width\":2560,\"height\":2560,\"caption\":\"Vendome Chardonnay sans alcool\"},{\"@type\":\"BreadcrumbList\",\"@id\":\"https:\/\/universdrink.com\/boutique\/vendome-mademoiselle\/chardonnay-75-cl-boisson-sans-alcool-a-base-de-vin-blanc-desalcoolise\/#breadcrumb\",\"itemListElement\":[{\"@type\":\"ListItem\",\"position\":1,\"name\":\"Home\",\"item\":\"https:\/\/universdrink.com\/\"},{\"@type\":\"ListItem\",\"position\":2,\"name\":\"Boutique\",\"item\":\"https:\/\/universdrink.com\/boutique\/\"},{\"@type\":\"ListItem\",\"position\":3,\"name\":\"Chardonnay 75 cl BOISSON SANS ALCOOL \u00c0 BASE DE VIN BLANC D\u00c9SALCOOLIS\u00c9\"}]},{\"@type\":\"WebSite\",\"@id\":\"https:\/\/universdrink.com\/#website\",\"url\":\"https:\/\/universdrink.com\/\",\"name\":\"Univers Drink\",\"description\":\"Vins d\u00e9salcoolis\u00e9s, bulles et cocktails sans alcool\",\"publisher\":{\"@id\":\"https:\/\/universdrink.com\/#organization\"},\"potentialAction\":[{\"@type\":\"SearchAction\",\"target\":{\"@type\":\"EntryPoint\",\"urlTemplate\":\"https:\/\/universdrink.com\/?s={search_term_string}\"},\"query-input\":{\"@type\":\"PropertyValueSpecification\",\"valueRequired\":true,\"valueName\":\"search_term_string\"}}],\"inLanguage\":\"en-GB\"},{\"@type\":\"Organization\",\"@id\":\"https:\/\/universdrink.com\/#organization\",\"name\":\"Univers Drink\",\"url\":\"https:\/\/universdrink.com\/\",\"logo\":{\"@type\":\"ImageObject\",\"inLanguage\":\"en-GB\",\"@id\":\"https:\/\/universdrink.com\/#\/schema\/logo\/image\/\",\"url\":\"https:\/\/universdrink.com\/wp-content\/uploads\/2019\/04\/Log_UniversDrink_Coul_Header.png\",\"contentUrl\":\"https:\/\/universdrink.com\/wp-content\/uploads\/2019\/04\/Log_UniversDrink_Coul_Header.png\",\"width\":250,\"height\":106,\"caption\":\"Univers Drink\"},\"image\":{\"@id\":\"https:\/\/universdrink.com\/#\/schema\/logo\/image\/\"},\"sameAs\":[\"https:\/\/www.facebook.com\/UniversDrink\/\"]}]}<\/script>\n<!-- \/ Yoast SEO plugin. -->","yoast_head_json":{"title":"Chardonnay 75 cl  BOISSON SANS ALCOOL \u00c0 BASE DE VIN BLANC D\u00c9SALCOOLIS\u00c9 - Univers Drink","robots":{"index":"index","follow":"follow","max-snippet":"max-snippet:-1","max-image-preview":"max-image-preview:large","max-video-preview":"max-video-preview:-1"},"canonical":"https:\/\/universdrink.com\/en\/boutique\/vendome-mademoiselle\/chardonnay-75-cl-boisson-sans-alcool-a-base-de-vin-blanc-desalcoolise\/","og_locale":"en_GB","og_type":"article","og_title":"Chardonnay 75 cl  BOISSON SANS ALCOOL \u00c0 BASE DE VIN BLANC D\u00c9SALCOOLIS\u00c9 - Univers Drink","og_description":"Vend\u00f4me Mademoiselle","og_url":"https:\/\/universdrink.com\/en\/boutique\/vendome-mademoiselle\/chardonnay-75-cl-boisson-sans-alcool-a-base-de-vin-blanc-desalcoolise\/","og_site_name":"Univers Drink","article_publisher":"https:\/\/www.facebook.com\/UniversDrink\/","article_modified_time":"2026-04-04T10:44:31+00:00","og_image":[{"width":2560,"height":2560,"url":"https:\/\/universdrink.com\/wp-content\/uploads\/2024\/12\/Vendome_Chardonnay-scaled.jpg","type":"image\/jpeg"}],"twitter_card":"summary_large_image","twitter_misc":{"Estimated reading time":"1 minute"},"schema":{"@context":"https:\/\/schema.org","@graph":[{"@type":"WebPage","@id":"https:\/\/universdrink.com\/boutique\/vendome-mademoiselle\/chardonnay-75-cl-boisson-sans-alcool-a-base-de-vin-blanc-desalcoolise\/","url":"https:\/\/universdrink.com\/boutique\/vendome-mademoiselle\/chardonnay-75-cl-boisson-sans-alcool-a-base-de-vin-blanc-desalcoolise\/","name":"Chardonnay 75 cl BOISSON SANS ALCOOL \u00c0 BASE DE VIN BLANC D\u00c9SALCOOLIS\u00c9 - Univers Drink","isPartOf":{"@id":"https:\/\/universdrink.com\/#website"},"primaryImageOfPage":{"@id":"https:\/\/universdrink.com\/boutique\/vendome-mademoiselle\/chardonnay-75-cl-boisson-sans-alcool-a-base-de-vin-blanc-desalcoolise\/#primaryimage"},"image":{"@id":"https:\/\/universdrink.com\/boutique\/vendome-mademoiselle\/chardonnay-75-cl-boisson-sans-alcool-a-base-de-vin-blanc-desalcoolise\/#primaryimage"},"thumbnailUrl":"https:\/\/universdrink.com\/wp-content\/uploads\/2024\/12\/Vendome_Chardonnay-scaled.jpg","datePublished":"2024-12-09T12:34:39+00:00","dateModified":"2026-04-04T10:44:31+00:00","breadcrumb":{"@id":"https:\/\/universdrink.com\/boutique\/vendome-mademoiselle\/chardonnay-75-cl-boisson-sans-alcool-a-base-de-vin-blanc-desalcoolise\/#breadcrumb"},"inLanguage":"en-GB","potentialAction":[{"@type":"ReadAction","target":["https:\/\/universdrink.com\/boutique\/vendome-mademoiselle\/chardonnay-75-cl-boisson-sans-alcool-a-base-de-vin-blanc-desalcoolise\/"]}]},{"@type":"ImageObject","inLanguage":"en-GB","@id":"https:\/\/universdrink.com\/boutique\/vendome-mademoiselle\/chardonnay-75-cl-boisson-sans-alcool-a-base-de-vin-blanc-desalcoolise\/#primaryimage","url":"https:\/\/universdrink.com\/wp-content\/uploads\/2024\/12\/Vendome_Chardonnay-scaled.jpg","contentUrl":"https:\/\/universdrink.com\/wp-content\/uploads\/2024\/12\/Vendome_Chardonnay-scaled.jpg","width":2560,"height":2560,"caption":"Vendome Chardonnay sans alcool"},{"@type":"BreadcrumbList","@id":"https:\/\/universdrink.com\/boutique\/vendome-mademoiselle\/chardonnay-75-cl-boisson-sans-alcool-a-base-de-vin-blanc-desalcoolise\/#breadcrumb","itemListElement":[{"@type":"ListItem","position":1,"name":"Home","item":"https:\/\/universdrink.com\/"},{"@type":"ListItem","position":2,"name":"Boutique","item":"https:\/\/universdrink.com\/boutique\/"},{"@type":"ListItem","position":3,"name":"Chardonnay 75 cl BOISSON SANS ALCOOL \u00c0 BASE DE VIN BLANC D\u00c9SALCOOLIS\u00c9"}]},{"@type":"WebSite","@id":"https:\/\/universdrink.com\/#website","url":"https:\/\/universdrink.com\/","name":"Univers Drink","description":"Vins d\u00e9salcoolis\u00e9s, bulles et cocktails sans alcool","publisher":{"@id":"https:\/\/universdrink.com\/#organization"},"potentialAction":[{"@type":"SearchAction","target":{"@type":"EntryPoint","urlTemplate":"https:\/\/universdrink.com\/?s={search_term_string}"},"query-input":{"@type":"PropertyValueSpecification","valueRequired":true,"valueName":"search_term_string"}}],"inLanguage":"en-GB"},{"@type":"Organization","@id":"https:\/\/universdrink.com\/#organization","name":"Univers Drink","url":"https:\/\/universdrink.com\/","logo":{"@type":"ImageObject","inLanguage":"en-GB","@id":"https:\/\/universdrink.com\/#\/schema\/logo\/image\/","url":"https:\/\/universdrink.com\/wp-content\/uploads\/2019\/04\/Log_UniversDrink_Coul_Header.png","contentUrl":"https:\/\/universdrink.com\/wp-content\/uploads\/2019\/04\/Log_UniversDrink_Coul_Header.png","width":250,"height":106,"caption":"Univers Drink"},"image":{"@id":"https:\/\/universdrink.com\/#\/schema\/logo\/image\/"},"sameAs":["https:\/\/www.facebook.com\/UniversDrink\/"]}]}},"_links":{"self":[{"href":"https:\/\/universdrink.com\/en\/wp-json\/wp\/v2\/product\/16281","targetHints":{"allow":["GET"]}}],"collection":[{"href":"https:\/\/universdrink.com\/en\/wp-json\/wp\/v2\/product"}],"about":[{"href":"https:\/\/universdrink.com\/en\/wp-json\/wp\/v2\/types\/product"}],"wp:featuredmedia":[{"embeddable":true,"href":"https:\/\/universdrink.com\/en\/wp-json\/wp\/v2\/media\/16587"}],"wp:attachment":[{"href":"https:\/\/universdrink.com\/en\/wp-json\/wp\/v2\/media?parent=16281"}],"wp:term":[{"taxonomy":"product_brand","embeddable":true,"href":"https:\/\/universdrink.com\/en\/wp-json\/wp\/v2\/product_brand?post=16281"},{"taxonomy":"product_cat","embeddable":true,"href":"https:\/\/universdrink.com\/en\/wp-json\/wp\/v2\/product_cat?post=16281"},{"taxonomy":"product_tag","embeddable":true,"href":"https:\/\/universdrink.com\/en\/wp-json\/wp\/v2\/product_tag?post=16281"},{"taxonomy":"woo-feed-brand","embeddable":true,"href":"https:\/\/universdrink.com\/en\/wp-json\/wp\/v2\/woo-feed-brand?post=16281"}],"curies":[{"name":"wp","href":"https:\/\/api.w.org\/{rel}","templated":true}]}}