{"id":8960,"date":"2022-10-17T13:51:44","date_gmt":"2022-10-17T13:51:44","guid":{"rendered":"https:\/\/universdrink.com\/?post_type=product&#038;p=8960"},"modified":"2026-04-10T13:42:28","modified_gmt":"2026-04-10T13:42:28","slug":"le-chardonnay-bio","status":"publish","type":"product","link":"https:\/\/universdrink.com\/en\/boutique\/vina0\/le-chardonnay-bio\/","title":{"rendered":"Chardonnay 75 cl <br> ALCOHOL FREE DRINK MADE FROM DEALCOHOLIZED WHITE WINE"},"content":{"rendered":"<h3 style=\"font-size: 1.40833rem;\"><span class=\"jet-headline__label\">Dry, bright and\u00a0<\/span>alcohol free drink<\/h3>\n<p><span style=\"text-align: inherit;\">Our alcohol-free Vina'0\u00b0 Chardonnay, made from dealcoholized white wine with ingredients sourced from organic agriculture, has the characteristics of the finest traditional white wines. Produced from vibrant grapes, it expresses aromas of white flowers, hazelnuts, almonds, and citrus fruit. With its straw yellow colour, this full-bodied, refined non-alcoholic beverage made from dealcoholized white wine, offers a perfect balance between freshness and delicacy. It pairs perfectly with cheese, fish, and shellfish.<\/span><span style=\"color: #666666;\">.<\/span><\/p>\n<h3 style=\"font-size: 1.40833rem;\"><\/h3>\n<h3 style=\"font-size: 1.40833rem;\"><\/h3>\n<p><span style=\"font-family: Roboto, 'Odoo Unicode Support Noto', sans-serif;\">\u00a00.0% alcohol\u00a0|\u00a0<\/span><span style=\"font-family: Roboto, 'Odoo Unicode Support Noto', sans-serif;\">\u00a019,7kcal\/100ml |\u00a0<\/span><span style=\"font-family: Roboto, 'Odoo Unicode Support Noto', sans-serif;\">\u00a0Between 6\u00b0 and 8\u00b0<\/span><br \/>\n<span style=\"font-family: Roboto, 'Odoo Unicode Support Noto', sans-serif;\">\u00a0Grape variety : Chardonnay<\/span><br \/>\n<span style=\"font-family: Roboto, 'Odoo Unicode Support Noto', sans-serif;\">\u00a0Available in 75cl bottles<\/span><\/p>\n<h3 style=\"text-align: left;\"><\/h3>","protected":false},"excerpt":{"rendered":"<p>Vina&rsquo;0\u00b0<\/p>","protected":false},"featured_media":10743,"template":"","meta":{"_acf_changed":false,"content-type":"","_monsterinsights_skip_tracking":false,"_monsterinsights_sitenote_active":false,"_monsterinsights_sitenote_note":"","_monsterinsights_sitenote_category":0},"product_brand":[],"product_cat":[52],"product_tag":[50,41,85,78],"woo-feed-brand":[],"class_list":{"0":"post-8960","1":"product","2":"type-product","3":"status-publish","4":"has-post-thumbnail","6":"product_cat-vina0","7":"product_tag-bio","8":"product_tag-vin-blanc","9":"product_tag-vina0-vin","10":"product_tag-vins-plats","12":"first","13":"instock","14":"taxable","15":"shipping-taxable","16":"purchasable","17":"product-type-simple"},"acf":[],"yoast_head":"<!-- This site is optimized with the Yoast SEO plugin v26.8 - https:\/\/yoast.com\/product\/yoast-seo-wordpress\/ -->\n<title>Chardonnay 75 cl  BOISSON SANS ALCOOL \u00c0 BASE DE VIN BLANC D\u00c9SALCOOLIS\u00c9 - Univers Drink<\/title>\n<meta name=\"description\" content=\"Ce vin blanc Chardonnay sec sans alcool sign\u00e9 Vina0 ample et raffin\u00e9 offre un \u00e9quilibre parfait entre fra\u00eecheur et d\u00e9licatesse.\" \/>\n<meta name=\"robots\" content=\"index, follow, max-snippet:-1, max-image-preview:large, max-video-preview:-1\" \/>\n<link rel=\"canonical\" href=\"https:\/\/universdrink.com\/en\/boutique\/vina0\/le-chardonnay-bio\/\" \/>\n<meta property=\"og:locale\" content=\"en_GB\" \/>\n<meta property=\"og:type\" content=\"article\" \/>\n<meta property=\"og:title\" content=\"Chardonnay 75 cl  BOISSON SANS ALCOOL \u00c0 BASE DE VIN BLANC D\u00c9SALCOOLIS\u00c9 - Univers Drink\" \/>\n<meta property=\"og:description\" content=\"Ce vin blanc Chardonnay sec sans alcool sign\u00e9 Vina0 ample et raffin\u00e9 offre un \u00e9quilibre parfait entre fra\u00eecheur et d\u00e9licatesse.\" \/>\n<meta property=\"og:url\" content=\"https:\/\/universdrink.com\/en\/boutique\/vina0\/le-chardonnay-bio\/\" \/>\n<meta property=\"og:site_name\" content=\"Univers Drink\" \/>\n<meta property=\"article:publisher\" content=\"https:\/\/www.facebook.com\/UniversDrink\/\" \/>\n<meta property=\"article:modified_time\" content=\"2026-04-10T13:42:28+00:00\" \/>\n<meta property=\"og:image\" content=\"https:\/\/universdrink.com\/wp-content\/uploads\/2022\/10\/Vina0_Chardonnay_.webp\" \/>\n\t<meta property=\"og:image:width\" content=\"1024\" \/>\n\t<meta property=\"og:image:height\" content=\"1024\" \/>\n\t<meta property=\"og:image:type\" content=\"image\/webp\" \/>\n<meta name=\"twitter:card\" content=\"summary_large_image\" \/>\n<meta name=\"twitter:label1\" content=\"Estimated reading time\" \/>\n\t<meta name=\"twitter:data1\" content=\"1 minute\" \/>\n<script type=\"application\/ld+json\" class=\"yoast-schema-graph\">{\"@context\":\"https:\/\/schema.org\",\"@graph\":[{\"@type\":\"WebPage\",\"@id\":\"https:\/\/universdrink.com\/boutique\/vina0\/le-chardonnay-bio\/\",\"url\":\"https:\/\/universdrink.com\/boutique\/vina0\/le-chardonnay-bio\/\",\"name\":\"Chardonnay 75 cl BOISSON SANS ALCOOL \u00c0 BASE DE VIN BLANC D\u00c9SALCOOLIS\u00c9 - Univers Drink\",\"isPartOf\":{\"@id\":\"https:\/\/universdrink.com\/#website\"},\"primaryImageOfPage\":{\"@id\":\"https:\/\/universdrink.com\/boutique\/vina0\/le-chardonnay-bio\/#primaryimage\"},\"image\":{\"@id\":\"https:\/\/universdrink.com\/boutique\/vina0\/le-chardonnay-bio\/#primaryimage\"},\"thumbnailUrl\":\"https:\/\/universdrink.com\/wp-content\/uploads\/2022\/10\/Vina0_Chardonnay_.webp\",\"datePublished\":\"2022-10-17T13:51:44+00:00\",\"dateModified\":\"2026-04-10T13:42:28+00:00\",\"description\":\"Ce vin blanc Chardonnay sec sans alcool sign\u00e9 Vina0 ample et raffin\u00e9 offre un \u00e9quilibre parfait entre fra\u00eecheur et d\u00e9licatesse.\",\"breadcrumb\":{\"@id\":\"https:\/\/universdrink.com\/boutique\/vina0\/le-chardonnay-bio\/#breadcrumb\"},\"inLanguage\":\"en-GB\",\"potentialAction\":[{\"@type\":\"ReadAction\",\"target\":[\"https:\/\/universdrink.com\/boutique\/vina0\/le-chardonnay-bio\/\"]}]},{\"@type\":\"ImageObject\",\"inLanguage\":\"en-GB\",\"@id\":\"https:\/\/universdrink.com\/boutique\/vina0\/le-chardonnay-bio\/#primaryimage\",\"url\":\"https:\/\/universdrink.com\/wp-content\/uploads\/2022\/10\/Vina0_Chardonnay_.webp\",\"contentUrl\":\"https:\/\/universdrink.com\/wp-content\/uploads\/2022\/10\/Vina0_Chardonnay_.webp\",\"width\":1024,\"height\":1024,\"caption\":\"Bouteille de Chardonnay sans alcool 75 cl Vina0\"},{\"@type\":\"BreadcrumbList\",\"@id\":\"https:\/\/universdrink.com\/boutique\/vina0\/le-chardonnay-bio\/#breadcrumb\",\"itemListElement\":[{\"@type\":\"ListItem\",\"position\":1,\"name\":\"Home\",\"item\":\"https:\/\/universdrink.com\/\"},{\"@type\":\"ListItem\",\"position\":2,\"name\":\"Boutique\",\"item\":\"https:\/\/universdrink.com\/boutique\/\"},{\"@type\":\"ListItem\",\"position\":3,\"name\":\"Chardonnay 75 cl BOISSON SANS ALCOOL \u00c0 BASE DE VIN BLANC D\u00c9SALCOOLIS\u00c9\"}]},{\"@type\":\"WebSite\",\"@id\":\"https:\/\/universdrink.com\/#website\",\"url\":\"https:\/\/universdrink.com\/\",\"name\":\"Univers Drink\",\"description\":\"Vins d\u00e9salcoolis\u00e9s, bulles et cocktails sans alcool\",\"publisher\":{\"@id\":\"https:\/\/universdrink.com\/#organization\"},\"potentialAction\":[{\"@type\":\"SearchAction\",\"target\":{\"@type\":\"EntryPoint\",\"urlTemplate\":\"https:\/\/universdrink.com\/?s={search_term_string}\"},\"query-input\":{\"@type\":\"PropertyValueSpecification\",\"valueRequired\":true,\"valueName\":\"search_term_string\"}}],\"inLanguage\":\"en-GB\"},{\"@type\":\"Organization\",\"@id\":\"https:\/\/universdrink.com\/#organization\",\"name\":\"Univers Drink\",\"url\":\"https:\/\/universdrink.com\/\",\"logo\":{\"@type\":\"ImageObject\",\"inLanguage\":\"en-GB\",\"@id\":\"https:\/\/universdrink.com\/#\/schema\/logo\/image\/\",\"url\":\"https:\/\/universdrink.com\/wp-content\/uploads\/2019\/04\/Log_UniversDrink_Coul_Header.png\",\"contentUrl\":\"https:\/\/universdrink.com\/wp-content\/uploads\/2019\/04\/Log_UniversDrink_Coul_Header.png\",\"width\":250,\"height\":106,\"caption\":\"Univers Drink\"},\"image\":{\"@id\":\"https:\/\/universdrink.com\/#\/schema\/logo\/image\/\"},\"sameAs\":[\"https:\/\/www.facebook.com\/UniversDrink\/\"]}]}<\/script>\n<!-- \/ Yoast SEO plugin. -->","yoast_head_json":{"title":"Chardonnay 75 cl  BOISSON SANS ALCOOL \u00c0 BASE DE VIN BLANC D\u00c9SALCOOLIS\u00c9 - Univers Drink","description":"Ce vin blanc Chardonnay sec sans alcool sign\u00e9 Vina0 ample et raffin\u00e9 offre un \u00e9quilibre parfait entre fra\u00eecheur et d\u00e9licatesse.","robots":{"index":"index","follow":"follow","max-snippet":"max-snippet:-1","max-image-preview":"max-image-preview:large","max-video-preview":"max-video-preview:-1"},"canonical":"https:\/\/universdrink.com\/en\/boutique\/vina0\/le-chardonnay-bio\/","og_locale":"en_GB","og_type":"article","og_title":"Chardonnay 75 cl  BOISSON SANS ALCOOL \u00c0 BASE DE VIN BLANC D\u00c9SALCOOLIS\u00c9 - Univers Drink","og_description":"Ce vin blanc Chardonnay sec sans alcool sign\u00e9 Vina0 ample et raffin\u00e9 offre un \u00e9quilibre parfait entre fra\u00eecheur et d\u00e9licatesse.","og_url":"https:\/\/universdrink.com\/en\/boutique\/vina0\/le-chardonnay-bio\/","og_site_name":"Univers Drink","article_publisher":"https:\/\/www.facebook.com\/UniversDrink\/","article_modified_time":"2026-04-10T13:42:28+00:00","og_image":[{"width":1024,"height":1024,"url":"https:\/\/universdrink.com\/wp-content\/uploads\/2022\/10\/Vina0_Chardonnay_.webp","type":"image\/webp"}],"twitter_card":"summary_large_image","twitter_misc":{"Estimated reading time":"1 minute"},"schema":{"@context":"https:\/\/schema.org","@graph":[{"@type":"WebPage","@id":"https:\/\/universdrink.com\/boutique\/vina0\/le-chardonnay-bio\/","url":"https:\/\/universdrink.com\/boutique\/vina0\/le-chardonnay-bio\/","name":"Chardonnay 75 cl BOISSON SANS ALCOOL \u00c0 BASE DE VIN BLANC D\u00c9SALCOOLIS\u00c9 - Univers Drink","isPartOf":{"@id":"https:\/\/universdrink.com\/#website"},"primaryImageOfPage":{"@id":"https:\/\/universdrink.com\/boutique\/vina0\/le-chardonnay-bio\/#primaryimage"},"image":{"@id":"https:\/\/universdrink.com\/boutique\/vina0\/le-chardonnay-bio\/#primaryimage"},"thumbnailUrl":"https:\/\/universdrink.com\/wp-content\/uploads\/2022\/10\/Vina0_Chardonnay_.webp","datePublished":"2022-10-17T13:51:44+00:00","dateModified":"2026-04-10T13:42:28+00:00","description":"Ce vin blanc Chardonnay sec sans alcool sign\u00e9 Vina0 ample et raffin\u00e9 offre un \u00e9quilibre parfait entre fra\u00eecheur et d\u00e9licatesse.","breadcrumb":{"@id":"https:\/\/universdrink.com\/boutique\/vina0\/le-chardonnay-bio\/#breadcrumb"},"inLanguage":"en-GB","potentialAction":[{"@type":"ReadAction","target":["https:\/\/universdrink.com\/boutique\/vina0\/le-chardonnay-bio\/"]}]},{"@type":"ImageObject","inLanguage":"en-GB","@id":"https:\/\/universdrink.com\/boutique\/vina0\/le-chardonnay-bio\/#primaryimage","url":"https:\/\/universdrink.com\/wp-content\/uploads\/2022\/10\/Vina0_Chardonnay_.webp","contentUrl":"https:\/\/universdrink.com\/wp-content\/uploads\/2022\/10\/Vina0_Chardonnay_.webp","width":1024,"height":1024,"caption":"Bouteille de Chardonnay sans alcool 75 cl Vina0"},{"@type":"BreadcrumbList","@id":"https:\/\/universdrink.com\/boutique\/vina0\/le-chardonnay-bio\/#breadcrumb","itemListElement":[{"@type":"ListItem","position":1,"name":"Home","item":"https:\/\/universdrink.com\/"},{"@type":"ListItem","position":2,"name":"Boutique","item":"https:\/\/universdrink.com\/boutique\/"},{"@type":"ListItem","position":3,"name":"Chardonnay 75 cl BOISSON SANS ALCOOL \u00c0 BASE DE VIN BLANC D\u00c9SALCOOLIS\u00c9"}]},{"@type":"WebSite","@id":"https:\/\/universdrink.com\/#website","url":"https:\/\/universdrink.com\/","name":"Univers Drink","description":"Vins d\u00e9salcoolis\u00e9s, bulles et cocktails sans alcool","publisher":{"@id":"https:\/\/universdrink.com\/#organization"},"potentialAction":[{"@type":"SearchAction","target":{"@type":"EntryPoint","urlTemplate":"https:\/\/universdrink.com\/?s={search_term_string}"},"query-input":{"@type":"PropertyValueSpecification","valueRequired":true,"valueName":"search_term_string"}}],"inLanguage":"en-GB"},{"@type":"Organization","@id":"https:\/\/universdrink.com\/#organization","name":"Univers Drink","url":"https:\/\/universdrink.com\/","logo":{"@type":"ImageObject","inLanguage":"en-GB","@id":"https:\/\/universdrink.com\/#\/schema\/logo\/image\/","url":"https:\/\/universdrink.com\/wp-content\/uploads\/2019\/04\/Log_UniversDrink_Coul_Header.png","contentUrl":"https:\/\/universdrink.com\/wp-content\/uploads\/2019\/04\/Log_UniversDrink_Coul_Header.png","width":250,"height":106,"caption":"Univers Drink"},"image":{"@id":"https:\/\/universdrink.com\/#\/schema\/logo\/image\/"},"sameAs":["https:\/\/www.facebook.com\/UniversDrink\/"]}]}},"_links":{"self":[{"href":"https:\/\/universdrink.com\/en\/wp-json\/wp\/v2\/product\/8960","targetHints":{"allow":["GET"]}}],"collection":[{"href":"https:\/\/universdrink.com\/en\/wp-json\/wp\/v2\/product"}],"about":[{"href":"https:\/\/universdrink.com\/en\/wp-json\/wp\/v2\/types\/product"}],"wp:featuredmedia":[{"embeddable":true,"href":"https:\/\/universdrink.com\/en\/wp-json\/wp\/v2\/media\/10743"}],"wp:attachment":[{"href":"https:\/\/universdrink.com\/en\/wp-json\/wp\/v2\/media?parent=8960"}],"wp:term":[{"taxonomy":"product_brand","embeddable":true,"href":"https:\/\/universdrink.com\/en\/wp-json\/wp\/v2\/product_brand?post=8960"},{"taxonomy":"product_cat","embeddable":true,"href":"https:\/\/universdrink.com\/en\/wp-json\/wp\/v2\/product_cat?post=8960"},{"taxonomy":"product_tag","embeddable":true,"href":"https:\/\/universdrink.com\/en\/wp-json\/wp\/v2\/product_tag?post=8960"},{"taxonomy":"woo-feed-brand","embeddable":true,"href":"https:\/\/universdrink.com\/en\/wp-json\/wp\/v2\/woo-feed-brand?post=8960"}],"curies":[{"name":"wp","href":"https:\/\/api.w.org\/{rel}","templated":true}]}}