{"id":9087,"date":"2022-10-21T15:36:10","date_gmt":"2022-10-21T15:36:10","guid":{"rendered":"https:\/\/universdrink.com\/?post_type=product&#038;p=9087"},"modified":"2026-04-03T14:43:25","modified_gmt":"2026-04-03T14:43:25","slug":"box-decouverte-modern-drinking-2","status":"publish","type":"product","link":"https:\/\/universdrink.com\/en\/boutique\/packs-decouvertes\/box-decouverte-modern-drinking-2\/","title":{"rendered":"Discovery box : Modern Drinking <br> alcohol free drink"},"content":{"rendered":"<h3 style=\"font-size: 1.40833rem;\"><span class=\"jet-headline__label\">Le \u00ab\u00a0Modern Drinking\u00a0\u00bb 100% festif 0% alcool<\/span>\u00a0!<\/h3>\n<p>Today, abstaining from alcohol, whether occasionally or permanently, is no longer synonymous\nwith boredom. In fact, between Dry January and the Tourn\u00e9e Min\u00e9rale, periods of abstinence are\npopular. And those who abstain are certainly no longer seen as party-poopers. Of course, the\nfirst things that come to mind are pregnant women or athletes, but more and more people are\nbecoming aware of the harmful impact of alcohol, whether in terms of road safety, public health\nor simply individual well-being.\u00a0<span style=\"text-align: inherit;\">Envie de suivre ce nouveau style de consommation ? <\/span><br \/>\n<span style=\"text-align: inherit;\">Our discovery box will help you discover the pleasures of partying without alcohol.<\/span><\/p>\n<p>This box is composed of :<\/p>\n<p>1- <a href=\"https:\/\/universdrink.com\/en\/boutique\/vendome-mademoiselle\/classic-vin-petillant-bio\/\">Vend\u00f4me Mademoiselle Classic &#8211; vin p\u00e9tillant BIO<\/a><\/p>\n<p>2- <a href=\"https:\/\/universdrink.com\/en\/boutique\/1-night-orient\/sauvignon-75-cl\/\">Night Orient Sauvignon &#8211; vin plat<\/a><\/p>\n<p>3- <a href=\"https:\/\/universdrink.com\/en\/boutique\/1-night-orient\/spritz\/\">Night Orient Spritz &#8211; ap\u00e9ritif p\u00e9tillant<\/a><\/p>\n<p>4- <a href=\"https:\/\/universdrink.com\/en\/boutique\/1-night-orient\/pina-colada\/\">Night Orient Pi\u00f1a Colada &#8211; ap\u00e9ritif plat<\/a><\/p>\n<p>5-<a href=\"https:\/\/universdrink.com\/en\/boutique\/1-night-orient\/sangria\/\"> Night Orient Sangria &#8211; ap\u00e9ritif plat<\/a><\/p>\n<p>6- <a href=\"https:\/\/universdrink.com\/en\/boutique\/1-pvre\/12-botanics\/\">Night Orient Gin 12 botanics &#8211; Base pour Gin Tonic<\/a><\/p>\n<p>Envie d&rsquo;une autre box ?<\/p>\n<p>N&rsquo;h\u00e9sitez pas \u00e0 nous contacter !<\/p>\n<h3 style=\"font-size: 1.40833rem;\"><\/h3>","protected":false},"excerpt":{"rendered":"<p>Le \u00ab\u00a0Modern Drinking\u00a0\u00bb 100% festif 0% alcool\u00a0! Aujourd\u2019hui, se passer d\u2019alcool, ponctuellement ou d\u00e9finitivement, n\u2019est plus synonyme d\u2019ennui. Au contraire, entre le Dry January et la Tourn\u00e9e Min\u00e9rale, les p\u00e9riodes d\u2019abstinence ont la c\u00f4te. Et celle\u00b7ux qui s\u2019y adonnent ne passent absolument plus pour des trouble-f\u00eates. On pense bien s\u00fbr d\u2019abord aux femmes enceintes ou &hellip; <\/p>\n<p class=\"link-more\"><a href=\"https:\/\/universdrink.com\/en\/boutique\/packs-decouvertes\/box-decouverte-modern-drinking-2\/\" class=\"more-link\">Continue reading<span class=\"screen-reader-text\"> \u00ab\u00a0Box d\u00e9couverte : Modern Drinking <br \/> sans alcool\u00a0\u00bb<\/span><\/a><\/p>","protected":false},"featured_media":7884,"template":"","meta":{"_acf_changed":false,"content-type":"","_monsterinsights_skip_tracking":false,"_monsterinsights_sitenote_active":false,"_monsterinsights_sitenote_note":"","_monsterinsights_sitenote_category":0},"product_brand":[],"product_cat":[57],"product_tag":[39,55,38],"woo-feed-brand":[],"class_list":{"0":"post-9087","1":"product","2":"type-product","3":"status-publish","4":"has-post-thumbnail","6":"product_cat-packs-decouvertes","7":"product_tag-fruite","8":"product_tag-packs-decouvertes","9":"product_tag-vins-petillants","11":"first","12":"outofstock","13":"taxable","14":"shipping-taxable","15":"purchasable","16":"product-type-simple"},"acf":[],"yoast_head":"<!-- This site is optimized with the Yoast SEO plugin v26.8 - https:\/\/yoast.com\/product\/yoast-seo-wordpress\/ -->\n<title>Box d\u00e9couverte : Modern Drinking  sans alcool - Univers Drink<\/title>\n<meta name=\"description\" content=\"Vous avez \u00e0 pr\u00e9sent la possibilit\u00e9 de commander en ligne vos boissons sans alcool favorites. Retrouvez le vin p\u00e9tillant Night Orient Ros\u00e9.\" \/>\n<meta name=\"robots\" content=\"index, follow, max-snippet:-1, max-image-preview:large, max-video-preview:-1\" \/>\n<link rel=\"canonical\" href=\"https:\/\/universdrink.com\/en\/boutique\/packs-decouvertes\/box-decouverte-modern-drinking-2\/\" \/>\n<meta property=\"og:locale\" content=\"en_GB\" \/>\n<meta property=\"og:type\" content=\"article\" \/>\n<meta property=\"og:title\" content=\"Box d\u00e9couverte : Modern Drinking  sans alcool - Univers Drink\" \/>\n<meta property=\"og:description\" content=\"Vous avez \u00e0 pr\u00e9sent la possibilit\u00e9 de commander en ligne vos boissons sans alcool favorites. Retrouvez le vin p\u00e9tillant Night Orient Ros\u00e9.\" \/>\n<meta property=\"og:url\" content=\"https:\/\/universdrink.com\/en\/boutique\/packs-decouvertes\/box-decouverte-modern-drinking-2\/\" \/>\n<meta property=\"og:site_name\" content=\"Univers Drink\" \/>\n<meta property=\"article:publisher\" content=\"https:\/\/www.facebook.com\/UniversDrink\/\" \/>\n<meta property=\"article:modified_time\" content=\"2026-04-03T14:43:25+00:00\" \/>\n<meta property=\"og:image\" content=\"https:\/\/universdrink.com\/wp-content\/uploads\/2022\/09\/BOX-DECOUVERTE-MODERN-DRINKING.png\" \/>\n\t<meta property=\"og:image:width\" content=\"1250\" \/>\n\t<meta property=\"og:image:height\" content=\"1250\" \/>\n\t<meta property=\"og:image:type\" content=\"image\/png\" \/>\n<meta name=\"twitter:card\" content=\"summary_large_image\" \/>\n<meta name=\"twitter:label1\" content=\"Estimated reading time\" \/>\n\t<meta name=\"twitter:data1\" content=\"2 minutes\" \/>\n<script type=\"application\/ld+json\" class=\"yoast-schema-graph\">{\"@context\":\"https:\/\/schema.org\",\"@graph\":[{\"@type\":\"WebPage\",\"@id\":\"https:\/\/universdrink.com\/boutique\/packs-decouvertes\/box-decouverte-modern-drinking-2\/\",\"url\":\"https:\/\/universdrink.com\/boutique\/packs-decouvertes\/box-decouverte-modern-drinking-2\/\",\"name\":\"Box d\u00e9couverte : Modern Drinking sans alcool - Univers Drink\",\"isPartOf\":{\"@id\":\"https:\/\/universdrink.com\/#website\"},\"primaryImageOfPage\":{\"@id\":\"https:\/\/universdrink.com\/boutique\/packs-decouvertes\/box-decouverte-modern-drinking-2\/#primaryimage\"},\"image\":{\"@id\":\"https:\/\/universdrink.com\/boutique\/packs-decouvertes\/box-decouverte-modern-drinking-2\/#primaryimage\"},\"thumbnailUrl\":\"https:\/\/universdrink.com\/wp-content\/uploads\/2022\/09\/BOX-DECOUVERTE-MODERN-DRINKING.png\",\"datePublished\":\"2022-10-21T15:36:10+00:00\",\"dateModified\":\"2026-04-03T14:43:25+00:00\",\"description\":\"Vous avez \u00e0 pr\u00e9sent la possibilit\u00e9 de commander en ligne vos boissons sans alcool favorites. Retrouvez le vin p\u00e9tillant Night Orient Ros\u00e9.\",\"breadcrumb\":{\"@id\":\"https:\/\/universdrink.com\/boutique\/packs-decouvertes\/box-decouverte-modern-drinking-2\/#breadcrumb\"},\"inLanguage\":\"en-GB\",\"potentialAction\":[{\"@type\":\"ReadAction\",\"target\":[\"https:\/\/universdrink.com\/boutique\/packs-decouvertes\/box-decouverte-modern-drinking-2\/\"]}]},{\"@type\":\"ImageObject\",\"inLanguage\":\"en-GB\",\"@id\":\"https:\/\/universdrink.com\/boutique\/packs-decouvertes\/box-decouverte-modern-drinking-2\/#primaryimage\",\"url\":\"https:\/\/universdrink.com\/wp-content\/uploads\/2022\/09\/BOX-DECOUVERTE-MODERN-DRINKING.png\",\"contentUrl\":\"https:\/\/universdrink.com\/wp-content\/uploads\/2022\/09\/BOX-DECOUVERTE-MODERN-DRINKING.png\",\"width\":1250,\"height\":1250,\"caption\":\"Image des diff\u00e9rentes bouteilles de la box : Classic P\u00e9tillant Vend\u00f4me Mademoiselle, Sauvignon Night Orient, Sangria Night Orient, Spritz Night Orient et PVREZERO Alternative to Sprits Gin\"},{\"@type\":\"BreadcrumbList\",\"@id\":\"https:\/\/universdrink.com\/boutique\/packs-decouvertes\/box-decouverte-modern-drinking-2\/#breadcrumb\",\"itemListElement\":[{\"@type\":\"ListItem\",\"position\":1,\"name\":\"Home\",\"item\":\"https:\/\/universdrink.com\/\"},{\"@type\":\"ListItem\",\"position\":2,\"name\":\"Boutique\",\"item\":\"https:\/\/universdrink.com\/boutique\/\"},{\"@type\":\"ListItem\",\"position\":3,\"name\":\"Box d\u00e9couverte : Modern Drinking sans alcool\"}]},{\"@type\":\"WebSite\",\"@id\":\"https:\/\/universdrink.com\/#website\",\"url\":\"https:\/\/universdrink.com\/\",\"name\":\"Univers Drink\",\"description\":\"Vins d\u00e9salcoolis\u00e9s, bulles et cocktails sans alcool\",\"publisher\":{\"@id\":\"https:\/\/universdrink.com\/#organization\"},\"potentialAction\":[{\"@type\":\"SearchAction\",\"target\":{\"@type\":\"EntryPoint\",\"urlTemplate\":\"https:\/\/universdrink.com\/?s={search_term_string}\"},\"query-input\":{\"@type\":\"PropertyValueSpecification\",\"valueRequired\":true,\"valueName\":\"search_term_string\"}}],\"inLanguage\":\"en-GB\"},{\"@type\":\"Organization\",\"@id\":\"https:\/\/universdrink.com\/#organization\",\"name\":\"Univers Drink\",\"url\":\"https:\/\/universdrink.com\/\",\"logo\":{\"@type\":\"ImageObject\",\"inLanguage\":\"en-GB\",\"@id\":\"https:\/\/universdrink.com\/#\/schema\/logo\/image\/\",\"url\":\"https:\/\/universdrink.com\/wp-content\/uploads\/2019\/04\/Log_UniversDrink_Coul_Header.png\",\"contentUrl\":\"https:\/\/universdrink.com\/wp-content\/uploads\/2019\/04\/Log_UniversDrink_Coul_Header.png\",\"width\":250,\"height\":106,\"caption\":\"Univers Drink\"},\"image\":{\"@id\":\"https:\/\/universdrink.com\/#\/schema\/logo\/image\/\"},\"sameAs\":[\"https:\/\/www.facebook.com\/UniversDrink\/\"]}]}<\/script>\n<!-- \/ Yoast SEO plugin. -->","yoast_head_json":{"title":"Box d\u00e9couverte : Modern Drinking  sans alcool - Univers Drink","description":"Vous avez \u00e0 pr\u00e9sent la possibilit\u00e9 de commander en ligne vos boissons sans alcool favorites. Retrouvez le vin p\u00e9tillant Night Orient Ros\u00e9.","robots":{"index":"index","follow":"follow","max-snippet":"max-snippet:-1","max-image-preview":"max-image-preview:large","max-video-preview":"max-video-preview:-1"},"canonical":"https:\/\/universdrink.com\/en\/boutique\/packs-decouvertes\/box-decouverte-modern-drinking-2\/","og_locale":"en_GB","og_type":"article","og_title":"Box d\u00e9couverte : Modern Drinking  sans alcool - Univers Drink","og_description":"Vous avez \u00e0 pr\u00e9sent la possibilit\u00e9 de commander en ligne vos boissons sans alcool favorites. Retrouvez le vin p\u00e9tillant Night Orient Ros\u00e9.","og_url":"https:\/\/universdrink.com\/en\/boutique\/packs-decouvertes\/box-decouverte-modern-drinking-2\/","og_site_name":"Univers Drink","article_publisher":"https:\/\/www.facebook.com\/UniversDrink\/","article_modified_time":"2026-04-03T14:43:25+00:00","og_image":[{"width":1250,"height":1250,"url":"https:\/\/universdrink.com\/wp-content\/uploads\/2022\/09\/BOX-DECOUVERTE-MODERN-DRINKING.png","type":"image\/png"}],"twitter_card":"summary_large_image","twitter_misc":{"Estimated reading time":"2 minutes"},"schema":{"@context":"https:\/\/schema.org","@graph":[{"@type":"WebPage","@id":"https:\/\/universdrink.com\/boutique\/packs-decouvertes\/box-decouverte-modern-drinking-2\/","url":"https:\/\/universdrink.com\/boutique\/packs-decouvertes\/box-decouverte-modern-drinking-2\/","name":"Box d\u00e9couverte : Modern Drinking sans alcool - Univers Drink","isPartOf":{"@id":"https:\/\/universdrink.com\/#website"},"primaryImageOfPage":{"@id":"https:\/\/universdrink.com\/boutique\/packs-decouvertes\/box-decouverte-modern-drinking-2\/#primaryimage"},"image":{"@id":"https:\/\/universdrink.com\/boutique\/packs-decouvertes\/box-decouverte-modern-drinking-2\/#primaryimage"},"thumbnailUrl":"https:\/\/universdrink.com\/wp-content\/uploads\/2022\/09\/BOX-DECOUVERTE-MODERN-DRINKING.png","datePublished":"2022-10-21T15:36:10+00:00","dateModified":"2026-04-03T14:43:25+00:00","description":"Vous avez \u00e0 pr\u00e9sent la possibilit\u00e9 de commander en ligne vos boissons sans alcool favorites. Retrouvez le vin p\u00e9tillant Night Orient Ros\u00e9.","breadcrumb":{"@id":"https:\/\/universdrink.com\/boutique\/packs-decouvertes\/box-decouverte-modern-drinking-2\/#breadcrumb"},"inLanguage":"en-GB","potentialAction":[{"@type":"ReadAction","target":["https:\/\/universdrink.com\/boutique\/packs-decouvertes\/box-decouverte-modern-drinking-2\/"]}]},{"@type":"ImageObject","inLanguage":"en-GB","@id":"https:\/\/universdrink.com\/boutique\/packs-decouvertes\/box-decouverte-modern-drinking-2\/#primaryimage","url":"https:\/\/universdrink.com\/wp-content\/uploads\/2022\/09\/BOX-DECOUVERTE-MODERN-DRINKING.png","contentUrl":"https:\/\/universdrink.com\/wp-content\/uploads\/2022\/09\/BOX-DECOUVERTE-MODERN-DRINKING.png","width":1250,"height":1250,"caption":"Image des diff\u00e9rentes bouteilles de la box : Classic P\u00e9tillant Vend\u00f4me Mademoiselle, Sauvignon Night Orient, Sangria Night Orient, Spritz Night Orient et PVREZERO Alternative to Sprits Gin"},{"@type":"BreadcrumbList","@id":"https:\/\/universdrink.com\/boutique\/packs-decouvertes\/box-decouverte-modern-drinking-2\/#breadcrumb","itemListElement":[{"@type":"ListItem","position":1,"name":"Home","item":"https:\/\/universdrink.com\/"},{"@type":"ListItem","position":2,"name":"Boutique","item":"https:\/\/universdrink.com\/boutique\/"},{"@type":"ListItem","position":3,"name":"Box d\u00e9couverte : Modern Drinking sans alcool"}]},{"@type":"WebSite","@id":"https:\/\/universdrink.com\/#website","url":"https:\/\/universdrink.com\/","name":"Univers Drink","description":"Vins d\u00e9salcoolis\u00e9s, bulles et cocktails sans alcool","publisher":{"@id":"https:\/\/universdrink.com\/#organization"},"potentialAction":[{"@type":"SearchAction","target":{"@type":"EntryPoint","urlTemplate":"https:\/\/universdrink.com\/?s={search_term_string}"},"query-input":{"@type":"PropertyValueSpecification","valueRequired":true,"valueName":"search_term_string"}}],"inLanguage":"en-GB"},{"@type":"Organization","@id":"https:\/\/universdrink.com\/#organization","name":"Univers Drink","url":"https:\/\/universdrink.com\/","logo":{"@type":"ImageObject","inLanguage":"en-GB","@id":"https:\/\/universdrink.com\/#\/schema\/logo\/image\/","url":"https:\/\/universdrink.com\/wp-content\/uploads\/2019\/04\/Log_UniversDrink_Coul_Header.png","contentUrl":"https:\/\/universdrink.com\/wp-content\/uploads\/2019\/04\/Log_UniversDrink_Coul_Header.png","width":250,"height":106,"caption":"Univers Drink"},"image":{"@id":"https:\/\/universdrink.com\/#\/schema\/logo\/image\/"},"sameAs":["https:\/\/www.facebook.com\/UniversDrink\/"]}]}},"_links":{"self":[{"href":"https:\/\/universdrink.com\/en\/wp-json\/wp\/v2\/product\/9087","targetHints":{"allow":["GET"]}}],"collection":[{"href":"https:\/\/universdrink.com\/en\/wp-json\/wp\/v2\/product"}],"about":[{"href":"https:\/\/universdrink.com\/en\/wp-json\/wp\/v2\/types\/product"}],"wp:featuredmedia":[{"embeddable":true,"href":"https:\/\/universdrink.com\/en\/wp-json\/wp\/v2\/media\/7884"}],"wp:attachment":[{"href":"https:\/\/universdrink.com\/en\/wp-json\/wp\/v2\/media?parent=9087"}],"wp:term":[{"taxonomy":"product_brand","embeddable":true,"href":"https:\/\/universdrink.com\/en\/wp-json\/wp\/v2\/product_brand?post=9087"},{"taxonomy":"product_cat","embeddable":true,"href":"https:\/\/universdrink.com\/en\/wp-json\/wp\/v2\/product_cat?post=9087"},{"taxonomy":"product_tag","embeddable":true,"href":"https:\/\/universdrink.com\/en\/wp-json\/wp\/v2\/product_tag?post=9087"},{"taxonomy":"woo-feed-brand","embeddable":true,"href":"https:\/\/universdrink.com\/en\/wp-json\/wp\/v2\/woo-feed-brand?post=9087"}],"curies":[{"name":"wp","href":"https:\/\/api.w.org\/{rel}","templated":true}]}}