{"id":8592,"date":"2022-10-11T11:42:50","date_gmt":"2022-10-11T11:42:50","guid":{"rendered":"https:\/\/universdrink.com\/?page_id=8592"},"modified":"2025-04-25T13:57:29","modified_gmt":"2025-04-25T13:57:29","slug":"conditions-generales","status":"publish","type":"page","link":"https:\/\/universdrink.com\/nl\/conditions-generales\/","title":{"rendered":"CONDITIONS G\u00c9N\u00c9RALES"},"content":{"rendered":"<div data-elementor-type=\"wp-page\" data-elementor-id=\"8592\" class=\"elementor elementor-8592\" data-elementor-post-type=\"page\">\n\t\t\t\t\t\t<section class=\"elementor-section elementor-top-section elementor-element elementor-element-a7b04ca elementor-section-full_width elementor-section-height-default elementor-section-height-default\" data-id=\"a7b04ca\" data-element_type=\"section\" data-settings=\"{&quot;background_background&quot;:&quot;classic&quot;}\">\n\t\t\t\t\t\t<div class=\"elementor-container elementor-column-gap-default\">\n\t\t\t\t\t<div class=\"elementor-column elementor-col-100 elementor-top-column elementor-element elementor-element-450aa4c\" data-id=\"450aa4c\" data-element_type=\"column\" data-settings=\"{&quot;background_background&quot;:&quot;classic&quot;}\">\n\t\t\t<div class=\"elementor-widget-wrap elementor-element-populated\">\n\t\t\t\t\t\t<section class=\"elementor-section elementor-inner-section elementor-element elementor-element-808cd1c elementor-section-content-top elementor-section-boxed elementor-section-height-default elementor-section-height-default\" data-id=\"808cd1c\" data-element_type=\"section\">\n\t\t\t\t\t\t<div class=\"elementor-container elementor-column-gap-default\">\n\t\t\t\t\t<div class=\"elementor-column elementor-col-100 elementor-inner-column elementor-element elementor-element-ac09dac\" data-id=\"ac09dac\" data-element_type=\"column\">\n\t\t\t<div class=\"elementor-widget-wrap elementor-element-populated\">\n\t\t\t\t\t\t<div class=\"elementor-element elementor-element-2994be7 elementor-widget elementor-widget-spacer\" data-id=\"2994be7\" data-element_type=\"widget\" data-widget_type=\"spacer.default\">\n\t\t\t\t<div class=\"elementor-widget-container\">\n\t\t\t\t\t\t\t<div class=\"elementor-spacer\">\n\t\t\t<div class=\"elementor-spacer-inner\"><\/div>\n\t\t<\/div>\n\t\t\t\t\t\t<\/div>\n\t\t\t\t<\/div>\n\t\t\t\t<div class=\"elementor-element elementor-element-d6bafca elementor-widget elementor-widget-heading\" data-id=\"d6bafca\" data-element_type=\"widget\" data-widget_type=\"heading.default\">\n\t\t\t\t<div class=\"elementor-widget-container\">\n\t\t\t\t\t<h2 class=\"elementor-heading-title elementor-size-default\">Gebruiksvoorwaarden\n<\/h2>\t\t\t\t<\/div>\n\t\t\t\t<\/div>\n\t\t\t\t\t<\/div>\n\t\t<\/div>\n\t\t\t\t\t<\/div>\n\t\t<\/section>\n\t\t\t\t\t<\/div>\n\t\t<\/div>\n\t\t\t\t\t<\/div>\n\t\t<\/section>\n\t\t\t\t<section class=\"elementor-section elementor-top-section elementor-element elementor-element-3be8959 elementor-section-boxed elementor-section-height-default elementor-section-height-default\" data-id=\"3be8959\" data-element_type=\"section\">\n\t\t\t\t\t\t<div class=\"elementor-container elementor-column-gap-default\">\n\t\t\t\t\t<div class=\"elementor-column elementor-col-100 elementor-top-column elementor-element elementor-element-87373f5\" data-id=\"87373f5\" data-element_type=\"column\">\n\t\t\t<div class=\"elementor-widget-wrap elementor-element-populated\">\n\t\t\t\t\t\t<div class=\"elementor-element elementor-element-d072c6b elementor-widget elementor-widget-text-editor\" data-id=\"d072c6b\" data-element_type=\"widget\" data-widget_type=\"text-editor.default\">\n\t\t\t\t<div class=\"elementor-widget-container\">\n\t\t\t\t\t\t\t\t\t<h4>OVERZICHT<\/h4><p>Deze website wordt beheerd door Univers Drink SA, met maatschappelijke zetel gevestigd aan de Avenue Blonden 13, 4000 Luik, en ondernemingsnummer: 0820 318 607.\u00a0\u00a0<br \/><br \/>Overal op de site verwijzen de termen \"wij\", \"ons\" en \"onze\" naar Univers Drink SA. Deze website, inclusief alle informatie, tools en diensten die erop beschikbaar zijn, wordt aangeboden door Univers Drink SA.<\/p><p>Door onze site te bezoeken en\/of iets van ons te kopen, maakt u gebruik van onze \u201cDienst\u201d en gaat u akkoord met de volgende voorwaarden (\u201cAlgemene voorwaarden\u201d, \u201cGebruiksvoorwaarden\u201d), inclusief aanvullende voorwaarden en beleidslijnen die hierin worden vermeld.<\/p><p>Deze Gebruiksvoorwaarden zijn van toepassing op alle gebruikers van de site, inclusief maar niet beperkt tot bezoekers, leveranciers, klanten, handelaars en\/of contentleveranciers. Lees deze voorwaarden zorgvuldig door voordat u onze website gebruikt.\u00a0<\/p><p>Onze webshop wordt gehost via Woocommerce. WordPress biedt ons het online e-commerce platform waarmee wij onze producten en diensten aan u kunnen verkopen.<\/p><h4>SECTIE 1 \u2013 VOORWAARDEN VOOR DE ONLINE WINKEL<\/h4><p>Door deze gebruiksvoorwaarden te accepteren, verklaart u dat u meerderjarig bent in uw regio, provincie of staat, en dat u minderjarigen onder uw verantwoordelijkheid toestaat deze site te gebruiken indien van toepassing.<\/p><p>U stemt ermee in onze producten niet te gebruiken voor illegale of ongeoorloofde doeleinden, en ook geen wetten in uw rechtsgebied te overtreden tijdens het gebruik van onze diensten (waaronder auteursrechten).<\/p><h4>SECTIE 2 \u2013 ALGEMENE VOORWAARDEN<\/h4><p>U stemt ermee in geen enkel deel van de Dienst, het gebruik ervan of de toegang ertoe te reproduceren, kopi\u00ebren, verkopen of exploiteren, noch enig contact op de website waarmee de dienst wordt geleverd, zonder onze voorafgaande schriftelijke toestemming.<\/p><h4>SECTIE 3 \u2013 JUISTHEID, VOLLEDIGHEID EN ACTUALITEIT VAN INFORMATIE<\/h4><p>Wij zijn niet verantwoordelijk als de informatie op deze site niet juist, volledig of actueel is. De inhoud van deze site wordt uitsluitend ter algemene informatie aangeboden en mag niet als enige basis voor beslissingen worden gebruikt zonder het raadplegen van nauwkeurigere, volledigere of recentere informatiebronnen.\u00a0<\/p><p>Deze site kan historische gegevens bevatten die enkel ter referentie worden aangeboden. We behouden ons het recht voor de inhoud van deze site op elk moment te wijzigen, maar zijn niet verplicht om enige informatie bij te werken. U erkent dat het uw verantwoordelijkheid is om wijzigingen op onze site te volgen.<\/p><h4>SECTIE 4 \u2013 WIJZIGINGEN VAN DE DIENST EN PRIJZEN<\/h4><p>De prijzen van onze producten kunnen zonder voorafgaande kennisgeving worden gewijzigd. We behouden ons het recht voor om de Dienst op elk moment te wijzigen of stop te zetten, zonder voorafgaande kennisgeving.<\/p><p>We zijn niet aansprakelijk tegenover u of derden voor prijswijzigingen of voor enige wijziging, opschorting of be\u00ebindiging van de Dienst.<\/p><h4>SECTIE 5 \u2013 PRODUCTEN OF DIENSTEN\u00a0<\/h4><p>Sommige producten of diensten zijn mogelijk uitsluitend online via onze website beschikbaar. De hoeveelheden kunnen beperkt zijn en retournering of omruiling valt onder ons retourbeleid (zie sectie 7).<\/p><p>We doen ons best om de kleuren en afbeeldingen van de producten zo nauwkeurig mogelijk weer te geven. We kunnen echter niet garanderen dat de kleuren correct worden weergegeven op uw scherm.<\/p><p>We behouden ons het recht voor, zonder verplichting, om de verkoop van onze producten of diensten te beperken tot bepaalde personen, geografische regio\u2019s of rechtsgebieden, per geval. Ook kunnen we de hoeveelheden beperken van producten of diensten.<\/p><p>Alle productomschrijvingen en prijzen kunnen op elk moment zonder voorafgaande kennisgeving worden gewijzigd, naar ons eigen goeddunken. We behouden ons het recht voor om elk product op elk moment stop te zetten. Elk aanbod op deze site is ongeldig waar het bij wet verboden is.<\/p><p>Tot slot garanderen we niet dat de kwaliteit van producten, diensten, informatie of andere aankopen volledig aan uw verwachtingen zal voldoen, noch dat de Dienst foutloos is of dat fouten altijd zullen worden gecorrigeerd.<\/p><h4>Artikel 6 \u2013 Juistheid van facturatie- en accountgegevens<\/h4><p>U stemt ermee in om uw account en andere informatie, inclusief uw e-mailadres en creditcardnummers met hun vervaldatums, tijdig bij te werken, zodat wij uw transacties kunnen voltooien en indien nodig contact met u kunnen opnemen.<\/p><h4>Artikel 7 \u2013 Retourbeleid<\/h4><p>Conform de geldende wetgeving inzake verkoop op afstand heeft de consument het recht om binnen 14 kalenderdagen na ontvangst van de bestelling zonder opgave van redenen en zonder boete af te zien van de aankoop. <br \/><br \/>Om dit recht uit te oefenen, moet de klant zijn beslissing tot herroeping kenbaar maken via een ondubbelzinnige verklaring per e-mail naar info@universdrink.com. De producten moeten in originele staat, ongeopend, ongebruikt en in onbeschadigde verpakking worden geretourneerd binnen 14 dagen na de kennisgeving van herroeping. De retourkosten zijn voor rekening van de klant. Na ontvangst en controle van de producten wordt de terugbetaling binnen maximaal 14 dagen uitgevoerd via dezelfde betaalmethode als bij de bestelling.<\/p><h4>Artikel 8 \u2013 Persoonlijke gegevens<\/h4><p>De overdracht van uw persoonlijke gegevens op onze webshop wordt geregeld door ons Privacybeleid.\u00a0<a href=\"https:\/\/shop.universdrink.com\/politique-de-confidentialite\/\">Cliquez ici pour consulter notre Politique de Confidentialit\u00e9.<\/a><\/p><h4>Artikel 9 \u2013 Fouten, onnauwkeurigheden en weglatingen<\/h4><p>Het is mogelijk dat er op onze site of in de Dienst af en toe informatie staat met typografische fouten, onnauwkeurigheden of weglatingen met betrekking tot productbeschrijvingen, prijzen, promoties, aanbiedingen, verzendkosten, levertijden en beschikbaarheid. Wij behouden ons het recht voor om dergelijke fouten, onnauwkeurigheden of weglatingen te corrigeren en informatie te wijzigen of bij te werken, of bestellingen te annuleren indien enige informatie in de Dienst of op een gerelateerde website onjuist is, op elk moment en zonder voorafgaande kennisgeving (ook nadat u uw bestelling hebt geplaatst).<\/p><h4>Artikel 10 \u2013 Verboden gebruik<\/h4><p>Naast andere verboden zoals uiteengezet in de Gebruiksvoorwaarden, is het u verboden om de site of de inhoud ervan te gebruiken:<br \/>(a) voor illegale doeleinden; <br \/>(b) om anderen aan te zetten tot het uitvoeren van onwettige handelingen; <br \/>(c) om lokale, internationale, federale, provinciale of staatswetten of -voorschriften te schenden; <br \/>(d) om onze intellectuele eigendomsrechten of die van derden te schenden; <br \/>(e) om anderen te intimideren, lastig te vallen, te beledigen, te schaden, te belasteren, te kleineren, te intimideren of te discrimineren op basis van geslacht, seksuele geaardheid, religie, etniciteit, ras, leeftijd, nationale afkomst of handicap; <br \/>(f) om valse of misleidende informatie te verstrekken;<br \/>(g) om virussen of andere kwaadaardige code te uploaden of te verzenden die de functionaliteit of werking van de Dienst of gerelateerde websites, andere websites of het internet kunnen be\u00efnvloeden; <br \/>(h) om persoonlijke informatie van anderen te verzamelen of te volgen; <br \/>(i) voor spam, phishing, pharming, pretexting, spidering, crawling of scraping; <br \/>(j) voor obscene of immorele doeleinden; of <br \/>(k) om de beveiligingsmaatregelen van de Dienst of gerelateerde websites, andere websites of het internet te verstoren of te omzeilen.<br \/>(l) om onverantwoord of overmatig gedrag te promoten met betrekking tot het gebruik van onze producten, die bedoeld zijn voor gezellige en verantwoorde momenten.<\/p><p>Wij behouden ons het recht voor om uw gebruik van de Dienst of gerelateerde websites te be\u00ebindigen wegens schending van een van de verboden toepassingen.<\/p><h4>Artikel 11 \u2013 Uitsluiting van garanties en beperking van aansprakelijkheid<\/h4><p>U stemt ermee in dat wij de Dienst van tijd tot tijd voor onbepaalde tijd kunnen verwijderen of op elk moment kunnen annuleren zonder voorafgaande kennisgeving. U stemt er uitdrukkelijk mee in dat uw gebruik van, of het onvermogen om de Dienst te gebruiken, op uw eigen risico is. De Dienst en alle producten en diensten die via de Dienst aan u worden geleverd, inclusief onze alcoholvrije dranken, worden (tenzij uitdrukkelijk anders vermeld door ons) geleverd 'zoals ze zijn' en 'zoals beschikbaar' voor uw gebruik, zonder enige representatie, garanties of voorwaarden van welke aard dan ook, hetzij uitdrukkelijk of impliciet, inclusief alle impliciete garanties of voorwaarden van verkoopbaarheid, geschiktheid voor een bepaald doel, duurzaamheid, titel en niet-inbreuk.<\/p><p>Hoewel wij ons inspannen om de kwaliteit en conformiteit van onze alcoholvrije producten te waarborgen, kunnen wij in geen geval aansprakelijk worden gesteld voor enige directe, indirecte, speciale of gevolgschade, inclusief maar niet beperkt tot winstderving, inkomstenverlies, besparingen of gegevensverlies, vervangingskosten of andere soortgelijke schade, ongeacht of deze contractueel, onrechtmatig (zelfs bij nalatigheid), strikt aansprakelijk of anderszins zijn, voortvloeiend uit uw gebruik van de Dienst of enige producten of diensten die via de Dienst worden verkregen, inclusief onze alcoholvrije dranken, voor zover toegestaan door de wet.<\/p><p>Wij raden u aan onze producten te gebruiken in overeenstemming met de instructies en verantwoordelijk gedrag te vertonen bij het gebruik van alcoholvrije dranken.<\/p><h4>Artikel 12 \u2013 Be\u00ebindiging<\/h4><p>Deze Gebruiksvoorwaarden blijven van kracht zolang u onze site en onze Diensten gebruikt. U kunt op elk moment stoppen met het gebruik van onze Diensten, waarna deze Gebruiksvoorwaarden niet langer van toepassing zijn.<\/p><p>Als wij naar eigen goeddunken vaststellen of vermoeden dat u een van de gebruiksvoorwaarden hebt geschonden, behouden wij ons het recht voor om uw toegang tot onze Diensten op te schorten of te be\u00ebindigen zonder voorafgaande kennisgeving. U blijft aansprakelijk voor alle bedragen die verschuldigd zijn tot aan de datum van opschorting of be\u00ebindiging, indien van toepassing.<\/p><h4>Artikel 13 \u2013 Toepasselijk recht en bevoegde jurisdictie<\/h4><p>Deze Gebruiksvoorwaarden, evenals alle afzonderlijke overeenkomsten waarbij wij u Diensten leveren, worden beheerst door en ge\u00efnterpreteerd in overeenstemming met het Belgische recht. In geval van een geschil zijn uitsluitend de rechtbanken van het gerechtelijk arrondissement Luik bevoegd.<\/p><h4>Artikel 14 \u2013 Wijzigingen in de Gebruiksvoorwaarden<\/h4><p>Wij behouden ons het recht voor om op elk moment een deel van deze Gebruiksvoorwaarden bij te werken, te wijzigen of te vervangen door updates en\/of wijzigingen op onze website te plaatsen. Het is uw verantwoordelijkheid om onze website regelmatig te controleren op wijzigingen in de Gebruiksvoorwaarden.<\/p><p>Door onze website te blijven gebruiken na het plaatsen van wijzigingen, accepteert u de bijgewerkte Gebruiksvoorwaarden.<\/p><h4>Artikel 15 \u2013 Contactgegevens<\/h4><p>Vragen over de Gebruiksvoorwaarden kunnen worden gestuurd naar info@universdrink.com. U kunt ons ook telefonisch bereiken op 0483\/33.10.35 van maandag tot vrijdag tussen 9.00 en 17.00 uur.<\/p>\t\t\t\t\t\t\t\t<\/div>\n\t\t\t\t<\/div>\n\t\t\t\t\t<\/div>\n\t\t<\/div>\n\t\t\t\t\t<\/div>\n\t\t<\/section>\n\t\t\t\t<\/div>","protected":false},"excerpt":{"rendered":"<p>CONDITIONS D\u2019UTILISATION APER\u00c7U Ce site web est exploit\u00e9 par Univers Drink SA dont le si\u00e8ge social est situ\u00e9 Avenue Blonden 13 \u00e0 4000 Li\u00e8ge et dont le num\u00e9ro d&rsquo;entreprise est : 0820 318 607.\u00a0\u00a0 Partout sur le site, nous employons les termes \u00ab nous \u00bb, \u00ab notre \u00bb et \u00ab nos \u00bb en r\u00e9f\u00e9rence \u00e0 &hellip; <\/p>\n<p class=\"link-more\"><a href=\"https:\/\/universdrink.com\/nl\/conditions-generales\/\" class=\"more-link\">Lees verder<span class=\"screen-reader-text\"> \u00ab\u00a0CONDITIONS G\u00c9N\u00c9RALES\u00a0\u00bb<\/span><\/a><\/p>","protected":false},"author":5,"featured_media":0,"parent":0,"menu_order":0,"comment_status":"closed","ping_status":"closed","template":"elementor_header_footer","meta":{"_acf_changed":false,"content-type":"","_monsterinsights_skip_tracking":false,"_monsterinsights_sitenote_active":false,"_monsterinsights_sitenote_note":"","_monsterinsights_sitenote_category":0,"footnotes":""},"class_list":["post-8592","page","type-page","status-publish","hentry"],"acf":[],"yoast_head":"<!-- This site is optimized with the Yoast SEO plugin v26.8 - https:\/\/yoast.com\/product\/yoast-seo-wordpress\/ -->\n<title>Boissons festives et spiritueux sans alcool - CONDITIONS G\u00c9N\u00c9RALES Univers Drink<\/title>\n<meta name=\"description\" content=\"Vins plats, vins p\u00e9tillants, mocktails et spiritueux, Univers Drink se singularise par la qualit\u00e9 et l\u2019originalit\u00e9 de ses boissons sans alcool.\" \/>\n<meta name=\"robots\" content=\"index, follow, max-snippet:-1, max-image-preview:large, max-video-preview:-1\" \/>\n<link rel=\"canonical\" href=\"https:\/\/universdrink.com\/nl\/conditions-generales\/\" \/>\n<meta property=\"og:locale\" content=\"nl_BE\" \/>\n<meta property=\"og:type\" content=\"article\" \/>\n<meta property=\"og:title\" content=\"Boissons festives et spiritueux sans alcool - CONDITIONS G\u00c9N\u00c9RALES Univers Drink\" \/>\n<meta property=\"og:description\" content=\"Vins plats, vins p\u00e9tillants, mocktails et spiritueux, Univers Drink se singularise par la qualit\u00e9 et l\u2019originalit\u00e9 de ses boissons sans alcool.\" \/>\n<meta property=\"og:url\" content=\"https:\/\/universdrink.com\/nl\/conditions-generales\/\" \/>\n<meta property=\"og:site_name\" content=\"Univers Drink\" \/>\n<meta property=\"article:publisher\" content=\"https:\/\/www.facebook.com\/UniversDrink\/\" \/>\n<meta property=\"article:modified_time\" content=\"2025-04-25T13:57:29+00:00\" \/>\n<meta name=\"twitter:card\" content=\"summary_large_image\" \/>\n<meta name=\"twitter:label1\" content=\"Geschatte leestijd\" \/>\n\t<meta name=\"twitter:data1\" content=\"10 minuten\" \/>\n<script type=\"application\/ld+json\" class=\"yoast-schema-graph\">{\"@context\":\"https:\/\/schema.org\",\"@graph\":[{\"@type\":\"WebPage\",\"@id\":\"https:\/\/universdrink.com\/conditions-generales\/\",\"url\":\"https:\/\/universdrink.com\/conditions-generales\/\",\"name\":\"Boissons festives et spiritueux sans alcool - CONDITIONS G\u00c9N\u00c9RALES Univers Drink\",\"isPartOf\":{\"@id\":\"https:\/\/universdrink.com\/#website\"},\"datePublished\":\"2022-10-11T11:42:50+00:00\",\"dateModified\":\"2025-04-25T13:57:29+00:00\",\"description\":\"Vins plats, vins p\u00e9tillants, mocktails et spiritueux, Univers Drink se singularise par la qualit\u00e9 et l\u2019originalit\u00e9 de ses boissons sans alcool.\",\"breadcrumb\":{\"@id\":\"https:\/\/universdrink.com\/conditions-generales\/#breadcrumb\"},\"inLanguage\":\"nl-BE\",\"potentialAction\":[{\"@type\":\"ReadAction\",\"target\":[\"https:\/\/universdrink.com\/conditions-generales\/\"]}]},{\"@type\":\"BreadcrumbList\",\"@id\":\"https:\/\/universdrink.com\/conditions-generales\/#breadcrumb\",\"itemListElement\":[{\"@type\":\"ListItem\",\"position\":1,\"name\":\"Home\",\"item\":\"https:\/\/universdrink.com\/\"},{\"@type\":\"ListItem\",\"position\":2,\"name\":\"CONDITIONS G\u00c9N\u00c9RALES\"}]},{\"@type\":\"WebSite\",\"@id\":\"https:\/\/universdrink.com\/#website\",\"url\":\"https:\/\/universdrink.com\/\",\"name\":\"Univers Drink\",\"description\":\"Vins d\u00e9salcoolis\u00e9s, bulles et cocktails sans alcool\",\"publisher\":{\"@id\":\"https:\/\/universdrink.com\/#organization\"},\"potentialAction\":[{\"@type\":\"SearchAction\",\"target\":{\"@type\":\"EntryPoint\",\"urlTemplate\":\"https:\/\/universdrink.com\/?s={search_term_string}\"},\"query-input\":{\"@type\":\"PropertyValueSpecification\",\"valueRequired\":true,\"valueName\":\"search_term_string\"}}],\"inLanguage\":\"nl-BE\"},{\"@type\":\"Organization\",\"@id\":\"https:\/\/universdrink.com\/#organization\",\"name\":\"Univers Drink\",\"url\":\"https:\/\/universdrink.com\/\",\"logo\":{\"@type\":\"ImageObject\",\"inLanguage\":\"nl-BE\",\"@id\":\"https:\/\/universdrink.com\/#\/schema\/logo\/image\/\",\"url\":\"https:\/\/universdrink.com\/wp-content\/uploads\/2019\/04\/Log_UniversDrink_Coul_Header.png\",\"contentUrl\":\"https:\/\/universdrink.com\/wp-content\/uploads\/2019\/04\/Log_UniversDrink_Coul_Header.png\",\"width\":250,\"height\":106,\"caption\":\"Univers Drink\"},\"image\":{\"@id\":\"https:\/\/universdrink.com\/#\/schema\/logo\/image\/\"},\"sameAs\":[\"https:\/\/www.facebook.com\/UniversDrink\/\"]}]}<\/script>\n<!-- \/ Yoast SEO plugin. -->","yoast_head_json":{"title":"Boissons festives et spiritueux sans alcool - CONDITIONS G\u00c9N\u00c9RALES Univers Drink","description":"Vins plats, vins p\u00e9tillants, mocktails et spiritueux, Univers Drink se singularise par la qualit\u00e9 et l\u2019originalit\u00e9 de ses boissons sans alcool.","robots":{"index":"index","follow":"follow","max-snippet":"max-snippet:-1","max-image-preview":"max-image-preview:large","max-video-preview":"max-video-preview:-1"},"canonical":"https:\/\/universdrink.com\/nl\/conditions-generales\/","og_locale":"nl_BE","og_type":"article","og_title":"Boissons festives et spiritueux sans alcool - CONDITIONS G\u00c9N\u00c9RALES Univers Drink","og_description":"Vins plats, vins p\u00e9tillants, mocktails et spiritueux, Univers Drink se singularise par la qualit\u00e9 et l\u2019originalit\u00e9 de ses boissons sans alcool.","og_url":"https:\/\/universdrink.com\/nl\/conditions-generales\/","og_site_name":"Univers Drink","article_publisher":"https:\/\/www.facebook.com\/UniversDrink\/","article_modified_time":"2025-04-25T13:57:29+00:00","twitter_card":"summary_large_image","twitter_misc":{"Geschatte leestijd":"10 minuten"},"schema":{"@context":"https:\/\/schema.org","@graph":[{"@type":"WebPage","@id":"https:\/\/universdrink.com\/conditions-generales\/","url":"https:\/\/universdrink.com\/conditions-generales\/","name":"Boissons festives et spiritueux sans alcool - CONDITIONS G\u00c9N\u00c9RALES Univers Drink","isPartOf":{"@id":"https:\/\/universdrink.com\/#website"},"datePublished":"2022-10-11T11:42:50+00:00","dateModified":"2025-04-25T13:57:29+00:00","description":"Vins plats, vins p\u00e9tillants, mocktails et spiritueux, Univers Drink se singularise par la qualit\u00e9 et l\u2019originalit\u00e9 de ses boissons sans alcool.","breadcrumb":{"@id":"https:\/\/universdrink.com\/conditions-generales\/#breadcrumb"},"inLanguage":"nl-BE","potentialAction":[{"@type":"ReadAction","target":["https:\/\/universdrink.com\/conditions-generales\/"]}]},{"@type":"BreadcrumbList","@id":"https:\/\/universdrink.com\/conditions-generales\/#breadcrumb","itemListElement":[{"@type":"ListItem","position":1,"name":"Home","item":"https:\/\/universdrink.com\/"},{"@type":"ListItem","position":2,"name":"CONDITIONS G\u00c9N\u00c9RALES"}]},{"@type":"WebSite","@id":"https:\/\/universdrink.com\/#website","url":"https:\/\/universdrink.com\/","name":"Univers Drink","description":"Vins d\u00e9salcoolis\u00e9s, bulles et cocktails sans alcool","publisher":{"@id":"https:\/\/universdrink.com\/#organization"},"potentialAction":[{"@type":"SearchAction","target":{"@type":"EntryPoint","urlTemplate":"https:\/\/universdrink.com\/?s={search_term_string}"},"query-input":{"@type":"PropertyValueSpecification","valueRequired":true,"valueName":"search_term_string"}}],"inLanguage":"nl-BE"},{"@type":"Organization","@id":"https:\/\/universdrink.com\/#organization","name":"Univers Drink","url":"https:\/\/universdrink.com\/","logo":{"@type":"ImageObject","inLanguage":"nl-BE","@id":"https:\/\/universdrink.com\/#\/schema\/logo\/image\/","url":"https:\/\/universdrink.com\/wp-content\/uploads\/2019\/04\/Log_UniversDrink_Coul_Header.png","contentUrl":"https:\/\/universdrink.com\/wp-content\/uploads\/2019\/04\/Log_UniversDrink_Coul_Header.png","width":250,"height":106,"caption":"Univers Drink"},"image":{"@id":"https:\/\/universdrink.com\/#\/schema\/logo\/image\/"},"sameAs":["https:\/\/www.facebook.com\/UniversDrink\/"]}]}},"_links":{"self":[{"href":"https:\/\/universdrink.com\/nl\/wp-json\/wp\/v2\/pages\/8592","targetHints":{"allow":["GET"]}}],"collection":[{"href":"https:\/\/universdrink.com\/nl\/wp-json\/wp\/v2\/pages"}],"about":[{"href":"https:\/\/universdrink.com\/nl\/wp-json\/wp\/v2\/types\/page"}],"author":[{"embeddable":true,"href":"https:\/\/universdrink.com\/nl\/wp-json\/wp\/v2\/users\/5"}],"replies":[{"embeddable":true,"href":"https:\/\/universdrink.com\/nl\/wp-json\/wp\/v2\/comments?post=8592"}],"version-history":[{"count":11,"href":"https:\/\/universdrink.com\/nl\/wp-json\/wp\/v2\/pages\/8592\/revisions"}],"predecessor-version":[{"id":16505,"href":"https:\/\/universdrink.com\/nl\/wp-json\/wp\/v2\/pages\/8592\/revisions\/16505"}],"wp:attachment":[{"href":"https:\/\/universdrink.com\/nl\/wp-json\/wp\/v2\/media?parent=8592"}],"curies":[{"name":"wp","href":"https:\/\/api.w.org\/{rel}","templated":true}]}}