{"id":15561,"date":"2024-03-01T13:25:08","date_gmt":"2024-03-01T13:25:08","guid":{"rendered":"https:\/\/universdrink.com\/?post_type=product&#038;p=15561"},"modified":"2026-04-09T10:44:00","modified_gmt":"2026-04-09T10:44:00","slug":"alternative-to-spirits-amaretto-70-cl-sans-alcool","status":"publish","type":"product","link":"https:\/\/universdrink.com\/nl\/boutique\/1-night-orient\/alternative-to-spirits-amaretto-70-cl-sans-alcool\/","title":{"rendered":"Alternative to Spirits <br> Amaretto <br> 70 cl <br> alcoholvrije"},"content":{"rendered":"<h3 style=\"font-size: 1.40833rem;\"><span class=\"jet-headline__label\">Zoet, sensueel en\u00a0<\/span>alcoholvrije<\/h3>\n<p><span style=\"color: #000000;\">De Alternative to Spirits Amaretto Night Orient zonder alcohol is een uitstekende keuze zonder alcohol om puur te drinken of als basis voor een alcoholvrije cocktail. Perfect voor een slaapmutsje terwijl je toch je gezondheid of levensstijl behoudt. Een traktatie met amandelsmaken die je aan je desserts kunt toevoegen voor het plezier van zowel jong als oud.<\/span><\/p>\n<p>&nbsp;<\/p>\n<p><span style=\"font-family: Roboto, 'Odoo Unicode Support Noto', sans-serif;\">\u00a00,0% alcohol\u00a0<\/span><span style=\"font-family: Roboto, 'Odoo Unicode Support Noto', sans-serif;\">|\u00a0<\/span><span style=\"font-family: Roboto, 'Odoo Unicode Support Noto', sans-serif;\">\u00a015kcal\/100ml |\u00a0<\/span><span style=\"font-family: Roboto, 'Odoo Unicode Support Noto', sans-serif;\">\u00a0Tussen 6\u00b0 en 8\u00b0<\/span><br \/>\n<span style=\"font-family: Roboto, 'Odoo Unicode Support Noto', sans-serif;\">\u00a0Klaar om te drinken of als basis voor cocktails<\/span><br \/>\n<span style=\"font-family: Roboto, 'Odoo Unicode Support Noto', sans-serif;\">\u00a0Verkrijgbaar in flessen van 70 cl.<\/span><\/p>","protected":false},"excerpt":{"rendered":"<p>Night Orient<\/p>","protected":false},"featured_media":16570,"template":"","meta":{"_acf_changed":false,"content-type":"","_monsterinsights_skip_tracking":false,"_monsterinsights_sitenote_active":false,"_monsterinsights_sitenote_note":"","_monsterinsights_sitenote_category":0},"product_brand":[],"product_cat":[73],"product_tag":[79,48],"woo-feed-brand":[],"class_list":{"0":"post-15561","1":"product","2":"type-product","3":"status-publish","4":"has-post-thumbnail","6":"product_cat-1-night-orient","7":"product_tag-alternatives-aux-spiritueux","8":"product_tag-spiritueux","10":"first","11":"instock","12":"taxable","13":"shipping-taxable","14":"purchasable","15":"product-type-simple"},"acf":[],"yoast_head":"<!-- This site is optimized with the Yoast SEO plugin v26.8 - https:\/\/yoast.com\/product\/yoast-seo-wordpress\/ -->\n<title>Alternative to Spirits  Amaretto  70 cl  sans alcool - Night Orient<\/title>\n<meta name=\"description\" content=\"L\u2019Amaretto sans alcool est un excellent choix \u00e0 boire pur ou encore comme base pour un cocktail sans alcool. D\u00e9gustez le \u00e9galement en dessert.\" \/>\n<meta name=\"robots\" content=\"index, follow, max-snippet:-1, max-image-preview:large, max-video-preview:-1\" \/>\n<link rel=\"canonical\" href=\"https:\/\/universdrink.com\/nl\/boutique\/1-night-orient\/alternative-to-spirits-amaretto-70-cl-sans-alcool\/\" \/>\n<meta property=\"og:locale\" content=\"nl_BE\" \/>\n<meta property=\"og:type\" content=\"article\" \/>\n<meta property=\"og:title\" content=\"Alternative to Spirits  Amaretto  70 cl  sans alcool - Night Orient\" \/>\n<meta property=\"og:description\" content=\"L\u2019Amaretto sans alcool est un excellent choix \u00e0 boire pur ou encore comme base pour un cocktail sans alcool. D\u00e9gustez le \u00e9galement en dessert.\" \/>\n<meta property=\"og:url\" content=\"https:\/\/universdrink.com\/nl\/boutique\/1-night-orient\/alternative-to-spirits-amaretto-70-cl-sans-alcool\/\" \/>\n<meta property=\"og:site_name\" content=\"Univers Drink\" \/>\n<meta property=\"article:publisher\" content=\"https:\/\/www.facebook.com\/UniversDrink\/\" \/>\n<meta property=\"article:modified_time\" content=\"2026-04-09T10:44:00+00:00\" \/>\n<meta property=\"og:image\" content=\"https:\/\/universdrink.com\/wp-content\/uploads\/2024\/03\/NightOrient_Amaretto-scaled.jpg\" \/>\n\t<meta property=\"og:image:width\" content=\"2560\" \/>\n\t<meta property=\"og:image:height\" content=\"2560\" \/>\n\t<meta property=\"og:image:type\" content=\"image\/jpeg\" \/>\n<meta name=\"twitter:card\" content=\"summary_large_image\" \/>\n<meta name=\"twitter:label1\" content=\"Geschatte leestijd\" \/>\n\t<meta name=\"twitter:data1\" content=\"1 minuut\" \/>\n<script type=\"application\/ld+json\" class=\"yoast-schema-graph\">{\"@context\":\"https:\/\/schema.org\",\"@graph\":[{\"@type\":\"WebPage\",\"@id\":\"https:\/\/universdrink.com\/boutique\/1-night-orient\/alternative-to-spirits-amaretto-70-cl-sans-alcool\/\",\"url\":\"https:\/\/universdrink.com\/boutique\/1-night-orient\/alternative-to-spirits-amaretto-70-cl-sans-alcool\/\",\"name\":\"Alternative to Spirits Amaretto 70 cl sans alcool - Night Orient\",\"isPartOf\":{\"@id\":\"https:\/\/universdrink.com\/#website\"},\"primaryImageOfPage\":{\"@id\":\"https:\/\/universdrink.com\/boutique\/1-night-orient\/alternative-to-spirits-amaretto-70-cl-sans-alcool\/#primaryimage\"},\"image\":{\"@id\":\"https:\/\/universdrink.com\/boutique\/1-night-orient\/alternative-to-spirits-amaretto-70-cl-sans-alcool\/#primaryimage\"},\"thumbnailUrl\":\"https:\/\/universdrink.com\/wp-content\/uploads\/2024\/03\/NightOrient_Amaretto-scaled.jpg\",\"datePublished\":\"2024-03-01T13:25:08+00:00\",\"dateModified\":\"2026-04-09T10:44:00+00:00\",\"description\":\"L\u2019Amaretto sans alcool est un excellent choix \u00e0 boire pur ou encore comme base pour un cocktail sans alcool. D\u00e9gustez le \u00e9galement en dessert.\",\"breadcrumb\":{\"@id\":\"https:\/\/universdrink.com\/boutique\/1-night-orient\/alternative-to-spirits-amaretto-70-cl-sans-alcool\/#breadcrumb\"},\"inLanguage\":\"nl-BE\",\"potentialAction\":[{\"@type\":\"ReadAction\",\"target\":[\"https:\/\/universdrink.com\/boutique\/1-night-orient\/alternative-to-spirits-amaretto-70-cl-sans-alcool\/\"]}]},{\"@type\":\"ImageObject\",\"inLanguage\":\"nl-BE\",\"@id\":\"https:\/\/universdrink.com\/boutique\/1-night-orient\/alternative-to-spirits-amaretto-70-cl-sans-alcool\/#primaryimage\",\"url\":\"https:\/\/universdrink.com\/wp-content\/uploads\/2024\/03\/NightOrient_Amaretto-scaled.jpg\",\"contentUrl\":\"https:\/\/universdrink.com\/wp-content\/uploads\/2024\/03\/NightOrient_Amaretto-scaled.jpg\",\"width\":2560,\"height\":2560,\"caption\":\"amaretto sans alcool\"},{\"@type\":\"BreadcrumbList\",\"@id\":\"https:\/\/universdrink.com\/boutique\/1-night-orient\/alternative-to-spirits-amaretto-70-cl-sans-alcool\/#breadcrumb\",\"itemListElement\":[{\"@type\":\"ListItem\",\"position\":1,\"name\":\"Home\",\"item\":\"https:\/\/universdrink.com\/\"},{\"@type\":\"ListItem\",\"position\":2,\"name\":\"Boutique\",\"item\":\"https:\/\/universdrink.com\/boutique\/\"},{\"@type\":\"ListItem\",\"position\":3,\"name\":\"Alternative to Spirits Amaretto 70 cl sans alcool\"}]},{\"@type\":\"WebSite\",\"@id\":\"https:\/\/universdrink.com\/#website\",\"url\":\"https:\/\/universdrink.com\/\",\"name\":\"Univers Drink\",\"description\":\"Vins d\u00e9salcoolis\u00e9s, bulles et cocktails sans alcool\",\"publisher\":{\"@id\":\"https:\/\/universdrink.com\/#organization\"},\"potentialAction\":[{\"@type\":\"SearchAction\",\"target\":{\"@type\":\"EntryPoint\",\"urlTemplate\":\"https:\/\/universdrink.com\/?s={search_term_string}\"},\"query-input\":{\"@type\":\"PropertyValueSpecification\",\"valueRequired\":true,\"valueName\":\"search_term_string\"}}],\"inLanguage\":\"nl-BE\"},{\"@type\":\"Organization\",\"@id\":\"https:\/\/universdrink.com\/#organization\",\"name\":\"Univers Drink\",\"url\":\"https:\/\/universdrink.com\/\",\"logo\":{\"@type\":\"ImageObject\",\"inLanguage\":\"nl-BE\",\"@id\":\"https:\/\/universdrink.com\/#\/schema\/logo\/image\/\",\"url\":\"https:\/\/universdrink.com\/wp-content\/uploads\/2019\/04\/Log_UniversDrink_Coul_Header.png\",\"contentUrl\":\"https:\/\/universdrink.com\/wp-content\/uploads\/2019\/04\/Log_UniversDrink_Coul_Header.png\",\"width\":250,\"height\":106,\"caption\":\"Univers Drink\"},\"image\":{\"@id\":\"https:\/\/universdrink.com\/#\/schema\/logo\/image\/\"},\"sameAs\":[\"https:\/\/www.facebook.com\/UniversDrink\/\"]}]}<\/script>\n<!-- \/ Yoast SEO plugin. -->","yoast_head_json":{"title":"Alternative to Spirits  Amaretto  70 cl  sans alcool - Night Orient","description":"L\u2019Amaretto sans alcool est un excellent choix \u00e0 boire pur ou encore comme base pour un cocktail sans alcool. D\u00e9gustez le \u00e9galement en dessert.","robots":{"index":"index","follow":"follow","max-snippet":"max-snippet:-1","max-image-preview":"max-image-preview:large","max-video-preview":"max-video-preview:-1"},"canonical":"https:\/\/universdrink.com\/nl\/boutique\/1-night-orient\/alternative-to-spirits-amaretto-70-cl-sans-alcool\/","og_locale":"nl_BE","og_type":"article","og_title":"Alternative to Spirits  Amaretto  70 cl  sans alcool - Night Orient","og_description":"L\u2019Amaretto sans alcool est un excellent choix \u00e0 boire pur ou encore comme base pour un cocktail sans alcool. D\u00e9gustez le \u00e9galement en dessert.","og_url":"https:\/\/universdrink.com\/nl\/boutique\/1-night-orient\/alternative-to-spirits-amaretto-70-cl-sans-alcool\/","og_site_name":"Univers Drink","article_publisher":"https:\/\/www.facebook.com\/UniversDrink\/","article_modified_time":"2026-04-09T10:44:00+00:00","og_image":[{"width":2560,"height":2560,"url":"https:\/\/universdrink.com\/wp-content\/uploads\/2024\/03\/NightOrient_Amaretto-scaled.jpg","type":"image\/jpeg"}],"twitter_card":"summary_large_image","twitter_misc":{"Geschatte leestijd":"1 minuut"},"schema":{"@context":"https:\/\/schema.org","@graph":[{"@type":"WebPage","@id":"https:\/\/universdrink.com\/boutique\/1-night-orient\/alternative-to-spirits-amaretto-70-cl-sans-alcool\/","url":"https:\/\/universdrink.com\/boutique\/1-night-orient\/alternative-to-spirits-amaretto-70-cl-sans-alcool\/","name":"Alternative to Spirits Amaretto 70 cl sans alcool - Night Orient","isPartOf":{"@id":"https:\/\/universdrink.com\/#website"},"primaryImageOfPage":{"@id":"https:\/\/universdrink.com\/boutique\/1-night-orient\/alternative-to-spirits-amaretto-70-cl-sans-alcool\/#primaryimage"},"image":{"@id":"https:\/\/universdrink.com\/boutique\/1-night-orient\/alternative-to-spirits-amaretto-70-cl-sans-alcool\/#primaryimage"},"thumbnailUrl":"https:\/\/universdrink.com\/wp-content\/uploads\/2024\/03\/NightOrient_Amaretto-scaled.jpg","datePublished":"2024-03-01T13:25:08+00:00","dateModified":"2026-04-09T10:44:00+00:00","description":"L\u2019Amaretto sans alcool est un excellent choix \u00e0 boire pur ou encore comme base pour un cocktail sans alcool. D\u00e9gustez le \u00e9galement en dessert.","breadcrumb":{"@id":"https:\/\/universdrink.com\/boutique\/1-night-orient\/alternative-to-spirits-amaretto-70-cl-sans-alcool\/#breadcrumb"},"inLanguage":"nl-BE","potentialAction":[{"@type":"ReadAction","target":["https:\/\/universdrink.com\/boutique\/1-night-orient\/alternative-to-spirits-amaretto-70-cl-sans-alcool\/"]}]},{"@type":"ImageObject","inLanguage":"nl-BE","@id":"https:\/\/universdrink.com\/boutique\/1-night-orient\/alternative-to-spirits-amaretto-70-cl-sans-alcool\/#primaryimage","url":"https:\/\/universdrink.com\/wp-content\/uploads\/2024\/03\/NightOrient_Amaretto-scaled.jpg","contentUrl":"https:\/\/universdrink.com\/wp-content\/uploads\/2024\/03\/NightOrient_Amaretto-scaled.jpg","width":2560,"height":2560,"caption":"amaretto sans alcool"},{"@type":"BreadcrumbList","@id":"https:\/\/universdrink.com\/boutique\/1-night-orient\/alternative-to-spirits-amaretto-70-cl-sans-alcool\/#breadcrumb","itemListElement":[{"@type":"ListItem","position":1,"name":"Home","item":"https:\/\/universdrink.com\/"},{"@type":"ListItem","position":2,"name":"Boutique","item":"https:\/\/universdrink.com\/boutique\/"},{"@type":"ListItem","position":3,"name":"Alternative to Spirits Amaretto 70 cl sans alcool"}]},{"@type":"WebSite","@id":"https:\/\/universdrink.com\/#website","url":"https:\/\/universdrink.com\/","name":"Univers Drink","description":"Vins d\u00e9salcoolis\u00e9s, bulles et cocktails sans alcool","publisher":{"@id":"https:\/\/universdrink.com\/#organization"},"potentialAction":[{"@type":"SearchAction","target":{"@type":"EntryPoint","urlTemplate":"https:\/\/universdrink.com\/?s={search_term_string}"},"query-input":{"@type":"PropertyValueSpecification","valueRequired":true,"valueName":"search_term_string"}}],"inLanguage":"nl-BE"},{"@type":"Organization","@id":"https:\/\/universdrink.com\/#organization","name":"Univers Drink","url":"https:\/\/universdrink.com\/","logo":{"@type":"ImageObject","inLanguage":"nl-BE","@id":"https:\/\/universdrink.com\/#\/schema\/logo\/image\/","url":"https:\/\/universdrink.com\/wp-content\/uploads\/2019\/04\/Log_UniversDrink_Coul_Header.png","contentUrl":"https:\/\/universdrink.com\/wp-content\/uploads\/2019\/04\/Log_UniversDrink_Coul_Header.png","width":250,"height":106,"caption":"Univers Drink"},"image":{"@id":"https:\/\/universdrink.com\/#\/schema\/logo\/image\/"},"sameAs":["https:\/\/www.facebook.com\/UniversDrink\/"]}]}},"_links":{"self":[{"href":"https:\/\/universdrink.com\/nl\/wp-json\/wp\/v2\/product\/15561","targetHints":{"allow":["GET"]}}],"collection":[{"href":"https:\/\/universdrink.com\/nl\/wp-json\/wp\/v2\/product"}],"about":[{"href":"https:\/\/universdrink.com\/nl\/wp-json\/wp\/v2\/types\/product"}],"wp:featuredmedia":[{"embeddable":true,"href":"https:\/\/universdrink.com\/nl\/wp-json\/wp\/v2\/media\/16570"}],"wp:attachment":[{"href":"https:\/\/universdrink.com\/nl\/wp-json\/wp\/v2\/media?parent=15561"}],"wp:term":[{"taxonomy":"product_brand","embeddable":true,"href":"https:\/\/universdrink.com\/nl\/wp-json\/wp\/v2\/product_brand?post=15561"},{"taxonomy":"product_cat","embeddable":true,"href":"https:\/\/universdrink.com\/nl\/wp-json\/wp\/v2\/product_cat?post=15561"},{"taxonomy":"product_tag","embeddable":true,"href":"https:\/\/universdrink.com\/nl\/wp-json\/wp\/v2\/product_tag?post=15561"},{"taxonomy":"woo-feed-brand","embeddable":true,"href":"https:\/\/universdrink.com\/nl\/wp-json\/wp\/v2\/woo-feed-brand?post=15561"}],"curies":[{"name":"wp","href":"https:\/\/api.w.org\/{rel}","templated":true}]}}