{"id":16282,"date":"2024-12-09T12:34:42","date_gmt":"2024-12-09T12:34:42","guid":{"rendered":"https:\/\/universdrink.com\/boutique\/non%20class\u00e9\/classic-75-cl-boisson-petillante-sans-alcool-a-base-de-vin-blanc-desalcoolise\/"},"modified":"2026-04-15T14:43:13","modified_gmt":"2026-04-15T14:43:13","slug":"classic-75-cl-boisson-petillante-sans-alcool-a-base-de-vin-blanc-desalcoolise","status":"publish","type":"product","link":"https:\/\/universdrink.com\/nl\/boutique\/vendome-mademoiselle\/classic-75-cl-boisson-petillante-sans-alcool-a-base-de-vin-blanc-desalcoolise\/","title":{"rendered":"Classic 75 cl <br> BRUISENDE ALCOHOLVRIJE DRANK OP BASIS VAN GEDEALCOHOLISEERDE WITTE WIJN"},"content":{"rendered":"<h3 style=\"font-size: 1.40833rem;\"><span class=\"jet-headline__label\">Fijne en verfijnde bubbels\u00a0<\/span>alcoholvrije<\/h3>\n<p>Onze alcoholvrije mousserende drank Vend\u00f4me Mademoiselle Classic, gemaakt van gedealcoholiseerde wijn, geeft aroma\u2019s af van peer, meloen, perzik en witte bloemen. Met zijn neus van limoen is het een charmante mousserende wijn met een delicate mondgevoel.<\/p>\n<p>Eenvoudig en feestelijk, deze alcoholvrije mousserende drank is gemaakt van een zeer oude gedealcoholiseerde Air\u00e9n-druivensoort, die nog steeds veel voorkomt in La Mancha, een regio in Spanje.<\/p>\n<h3><\/h3>\n<p><span style=\"font-family: Roboto, 'Odoo Unicode Support Noto', sans-serif;\">\u00a00,0% alc. | <\/span><span style=\"font-family: Roboto, 'Odoo Unicode Support Noto', sans-serif;\">\u00a019,7kcal\/100ml |\u00a0<\/span><span style=\"font-family: Roboto, 'Odoo Unicode Support Noto', sans-serif;\">\u00a0Tussen 6\u00b0 en 8\u00b0<\/span><br \/>\n<span style=\"font-family: Roboto, 'Odoo Unicode Support Noto', sans-serif;\">\u00a0Druivensoort : Air\u00e9n<\/span><br \/>\n<span style=\"font-family: Roboto, 'Odoo Unicode Support Noto', sans-serif;\">\u00a0Verkrijgbaar in 20cl en 75cl<\/span><\/p>\n<p style=\"text-align: left;\">","protected":false},"excerpt":{"rendered":"<p>VEND\u00d4ME Mademoiselle<\/p>","protected":false},"featured_media":16586,"template":"","meta":{"_acf_changed":false,"content-type":"","_monsterinsights_skip_tracking":false,"_monsterinsights_sitenote_active":false,"_monsterinsights_sitenote_note":"","_monsterinsights_sitenote_category":0},"product_brand":[],"product_cat":[49],"product_tag":[50,82,38],"woo-feed-brand":[],"class_list":{"0":"post-16282","1":"product","2":"type-product","3":"status-publish","4":"has-post-thumbnail","6":"product_cat-vendome-mademoiselle","7":"product_tag-bio","8":"product_tag-vendome-bulles","9":"product_tag-vins-petillants","11":"first","12":"outofstock","13":"taxable","14":"shipping-taxable","15":"purchasable","16":"product-type-simple"},"acf":[],"yoast_head":"<!-- This site is optimized with the Yoast SEO plugin v26.8 - https:\/\/yoast.com\/product\/yoast-seo-wordpress\/ -->\n<title>Classic 75 cl  BOISSON P\u00c9TILLANTE SANS ALCOOL \u00c0 BASE DE VIN BLANC D\u00c9SALCOOLIS\u00c9 - Univers Drink<\/title>\n<meta name=\"robots\" content=\"index, follow, max-snippet:-1, max-image-preview:large, max-video-preview:-1\" \/>\n<link rel=\"canonical\" href=\"https:\/\/universdrink.com\/nl\/boutique\/vendome-mademoiselle\/classic-75-cl-boisson-petillante-sans-alcool-a-base-de-vin-blanc-desalcoolise\/\" \/>\n<meta property=\"og:locale\" content=\"nl_BE\" \/>\n<meta property=\"og:type\" content=\"article\" \/>\n<meta property=\"og:title\" content=\"Classic 75 cl  BOISSON P\u00c9TILLANTE SANS ALCOOL \u00c0 BASE DE VIN BLANC D\u00c9SALCOOLIS\u00c9 - Univers Drink\" \/>\n<meta property=\"og:description\" content=\"VEND\u00d4ME Mademoiselle\" \/>\n<meta property=\"og:url\" content=\"https:\/\/universdrink.com\/nl\/boutique\/vendome-mademoiselle\/classic-75-cl-boisson-petillante-sans-alcool-a-base-de-vin-blanc-desalcoolise\/\" \/>\n<meta property=\"og:site_name\" content=\"Univers Drink\" \/>\n<meta property=\"article:publisher\" content=\"https:\/\/www.facebook.com\/UniversDrink\/\" \/>\n<meta property=\"article:modified_time\" content=\"2026-04-15T14:43:13+00:00\" \/>\n<meta property=\"og:image\" content=\"https:\/\/universdrink.com\/wp-content\/uploads\/2024\/12\/Vendome_Classic_70cl-scaled.jpg\" \/>\n\t<meta property=\"og:image:width\" content=\"2560\" \/>\n\t<meta property=\"og:image:height\" content=\"2560\" \/>\n\t<meta property=\"og:image:type\" content=\"image\/jpeg\" \/>\n<meta name=\"twitter:card\" content=\"summary_large_image\" \/>\n<meta name=\"twitter:label1\" content=\"Geschatte leestijd\" \/>\n\t<meta name=\"twitter:data1\" content=\"1 minuut\" \/>\n<script type=\"application\/ld+json\" class=\"yoast-schema-graph\">{\"@context\":\"https:\/\/schema.org\",\"@graph\":[{\"@type\":\"WebPage\",\"@id\":\"https:\/\/universdrink.com\/boutique\/vendome-mademoiselle\/classic-75-cl-boisson-petillante-sans-alcool-a-base-de-vin-blanc-desalcoolise\/\",\"url\":\"https:\/\/universdrink.com\/boutique\/vendome-mademoiselle\/classic-75-cl-boisson-petillante-sans-alcool-a-base-de-vin-blanc-desalcoolise\/\",\"name\":\"Classic 75 cl BOISSON P\u00c9TILLANTE SANS ALCOOL \u00c0 BASE DE VIN BLANC D\u00c9SALCOOLIS\u00c9 - Univers Drink\",\"isPartOf\":{\"@id\":\"https:\/\/universdrink.com\/#website\"},\"primaryImageOfPage\":{\"@id\":\"https:\/\/universdrink.com\/boutique\/vendome-mademoiselle\/classic-75-cl-boisson-petillante-sans-alcool-a-base-de-vin-blanc-desalcoolise\/#primaryimage\"},\"image\":{\"@id\":\"https:\/\/universdrink.com\/boutique\/vendome-mademoiselle\/classic-75-cl-boisson-petillante-sans-alcool-a-base-de-vin-blanc-desalcoolise\/#primaryimage\"},\"thumbnailUrl\":\"https:\/\/universdrink.com\/wp-content\/uploads\/2024\/12\/Vendome_Classic_70cl-scaled.jpg\",\"datePublished\":\"2024-12-09T12:34:42+00:00\",\"dateModified\":\"2026-04-15T14:43:13+00:00\",\"breadcrumb\":{\"@id\":\"https:\/\/universdrink.com\/boutique\/vendome-mademoiselle\/classic-75-cl-boisson-petillante-sans-alcool-a-base-de-vin-blanc-desalcoolise\/#breadcrumb\"},\"inLanguage\":\"nl-BE\",\"potentialAction\":[{\"@type\":\"ReadAction\",\"target\":[\"https:\/\/universdrink.com\/boutique\/vendome-mademoiselle\/classic-75-cl-boisson-petillante-sans-alcool-a-base-de-vin-blanc-desalcoolise\/\"]}]},{\"@type\":\"ImageObject\",\"inLanguage\":\"nl-BE\",\"@id\":\"https:\/\/universdrink.com\/boutique\/vendome-mademoiselle\/classic-75-cl-boisson-petillante-sans-alcool-a-base-de-vin-blanc-desalcoolise\/#primaryimage\",\"url\":\"https:\/\/universdrink.com\/wp-content\/uploads\/2024\/12\/Vendome_Classic_70cl-scaled.jpg\",\"contentUrl\":\"https:\/\/universdrink.com\/wp-content\/uploads\/2024\/12\/Vendome_Classic_70cl-scaled.jpg\",\"width\":2560,\"height\":2560,\"caption\":\"Vendome classic sans alcool\"},{\"@type\":\"BreadcrumbList\",\"@id\":\"https:\/\/universdrink.com\/boutique\/vendome-mademoiselle\/classic-75-cl-boisson-petillante-sans-alcool-a-base-de-vin-blanc-desalcoolise\/#breadcrumb\",\"itemListElement\":[{\"@type\":\"ListItem\",\"position\":1,\"name\":\"Home\",\"item\":\"https:\/\/universdrink.com\/\"},{\"@type\":\"ListItem\",\"position\":2,\"name\":\"Boutique\",\"item\":\"https:\/\/universdrink.com\/boutique\/\"},{\"@type\":\"ListItem\",\"position\":3,\"name\":\"Classic 75 cl BOISSON P\u00c9TILLANTE SANS ALCOOL \u00c0 BASE DE VIN BLANC D\u00c9SALCOOLIS\u00c9\"}]},{\"@type\":\"WebSite\",\"@id\":\"https:\/\/universdrink.com\/#website\",\"url\":\"https:\/\/universdrink.com\/\",\"name\":\"Univers Drink\",\"description\":\"Vins d\u00e9salcoolis\u00e9s, bulles et cocktails sans alcool\",\"publisher\":{\"@id\":\"https:\/\/universdrink.com\/#organization\"},\"potentialAction\":[{\"@type\":\"SearchAction\",\"target\":{\"@type\":\"EntryPoint\",\"urlTemplate\":\"https:\/\/universdrink.com\/?s={search_term_string}\"},\"query-input\":{\"@type\":\"PropertyValueSpecification\",\"valueRequired\":true,\"valueName\":\"search_term_string\"}}],\"inLanguage\":\"nl-BE\"},{\"@type\":\"Organization\",\"@id\":\"https:\/\/universdrink.com\/#organization\",\"name\":\"Univers Drink\",\"url\":\"https:\/\/universdrink.com\/\",\"logo\":{\"@type\":\"ImageObject\",\"inLanguage\":\"nl-BE\",\"@id\":\"https:\/\/universdrink.com\/#\/schema\/logo\/image\/\",\"url\":\"https:\/\/universdrink.com\/wp-content\/uploads\/2019\/04\/Log_UniversDrink_Coul_Header.png\",\"contentUrl\":\"https:\/\/universdrink.com\/wp-content\/uploads\/2019\/04\/Log_UniversDrink_Coul_Header.png\",\"width\":250,\"height\":106,\"caption\":\"Univers Drink\"},\"image\":{\"@id\":\"https:\/\/universdrink.com\/#\/schema\/logo\/image\/\"},\"sameAs\":[\"https:\/\/www.facebook.com\/UniversDrink\/\"]}]}<\/script>\n<!-- \/ Yoast SEO plugin. -->","yoast_head_json":{"title":"Classic 75 cl  BOISSON P\u00c9TILLANTE SANS ALCOOL \u00c0 BASE DE VIN BLANC D\u00c9SALCOOLIS\u00c9 - Univers Drink","robots":{"index":"index","follow":"follow","max-snippet":"max-snippet:-1","max-image-preview":"max-image-preview:large","max-video-preview":"max-video-preview:-1"},"canonical":"https:\/\/universdrink.com\/nl\/boutique\/vendome-mademoiselle\/classic-75-cl-boisson-petillante-sans-alcool-a-base-de-vin-blanc-desalcoolise\/","og_locale":"nl_BE","og_type":"article","og_title":"Classic 75 cl  BOISSON P\u00c9TILLANTE SANS ALCOOL \u00c0 BASE DE VIN BLANC D\u00c9SALCOOLIS\u00c9 - Univers Drink","og_description":"VEND\u00d4ME Mademoiselle","og_url":"https:\/\/universdrink.com\/nl\/boutique\/vendome-mademoiselle\/classic-75-cl-boisson-petillante-sans-alcool-a-base-de-vin-blanc-desalcoolise\/","og_site_name":"Univers Drink","article_publisher":"https:\/\/www.facebook.com\/UniversDrink\/","article_modified_time":"2026-04-15T14:43:13+00:00","og_image":[{"width":2560,"height":2560,"url":"https:\/\/universdrink.com\/wp-content\/uploads\/2024\/12\/Vendome_Classic_70cl-scaled.jpg","type":"image\/jpeg"}],"twitter_card":"summary_large_image","twitter_misc":{"Geschatte leestijd":"1 minuut"},"schema":{"@context":"https:\/\/schema.org","@graph":[{"@type":"WebPage","@id":"https:\/\/universdrink.com\/boutique\/vendome-mademoiselle\/classic-75-cl-boisson-petillante-sans-alcool-a-base-de-vin-blanc-desalcoolise\/","url":"https:\/\/universdrink.com\/boutique\/vendome-mademoiselle\/classic-75-cl-boisson-petillante-sans-alcool-a-base-de-vin-blanc-desalcoolise\/","name":"Classic 75 cl BOISSON P\u00c9TILLANTE SANS ALCOOL \u00c0 BASE DE VIN BLANC D\u00c9SALCOOLIS\u00c9 - Univers Drink","isPartOf":{"@id":"https:\/\/universdrink.com\/#website"},"primaryImageOfPage":{"@id":"https:\/\/universdrink.com\/boutique\/vendome-mademoiselle\/classic-75-cl-boisson-petillante-sans-alcool-a-base-de-vin-blanc-desalcoolise\/#primaryimage"},"image":{"@id":"https:\/\/universdrink.com\/boutique\/vendome-mademoiselle\/classic-75-cl-boisson-petillante-sans-alcool-a-base-de-vin-blanc-desalcoolise\/#primaryimage"},"thumbnailUrl":"https:\/\/universdrink.com\/wp-content\/uploads\/2024\/12\/Vendome_Classic_70cl-scaled.jpg","datePublished":"2024-12-09T12:34:42+00:00","dateModified":"2026-04-15T14:43:13+00:00","breadcrumb":{"@id":"https:\/\/universdrink.com\/boutique\/vendome-mademoiselle\/classic-75-cl-boisson-petillante-sans-alcool-a-base-de-vin-blanc-desalcoolise\/#breadcrumb"},"inLanguage":"nl-BE","potentialAction":[{"@type":"ReadAction","target":["https:\/\/universdrink.com\/boutique\/vendome-mademoiselle\/classic-75-cl-boisson-petillante-sans-alcool-a-base-de-vin-blanc-desalcoolise\/"]}]},{"@type":"ImageObject","inLanguage":"nl-BE","@id":"https:\/\/universdrink.com\/boutique\/vendome-mademoiselle\/classic-75-cl-boisson-petillante-sans-alcool-a-base-de-vin-blanc-desalcoolise\/#primaryimage","url":"https:\/\/universdrink.com\/wp-content\/uploads\/2024\/12\/Vendome_Classic_70cl-scaled.jpg","contentUrl":"https:\/\/universdrink.com\/wp-content\/uploads\/2024\/12\/Vendome_Classic_70cl-scaled.jpg","width":2560,"height":2560,"caption":"Vendome classic sans alcool"},{"@type":"BreadcrumbList","@id":"https:\/\/universdrink.com\/boutique\/vendome-mademoiselle\/classic-75-cl-boisson-petillante-sans-alcool-a-base-de-vin-blanc-desalcoolise\/#breadcrumb","itemListElement":[{"@type":"ListItem","position":1,"name":"Home","item":"https:\/\/universdrink.com\/"},{"@type":"ListItem","position":2,"name":"Boutique","item":"https:\/\/universdrink.com\/boutique\/"},{"@type":"ListItem","position":3,"name":"Classic 75 cl BOISSON P\u00c9TILLANTE SANS ALCOOL \u00c0 BASE DE VIN BLANC D\u00c9SALCOOLIS\u00c9"}]},{"@type":"WebSite","@id":"https:\/\/universdrink.com\/#website","url":"https:\/\/universdrink.com\/","name":"Univers Drink","description":"Vins d\u00e9salcoolis\u00e9s, bulles et cocktails sans alcool","publisher":{"@id":"https:\/\/universdrink.com\/#organization"},"potentialAction":[{"@type":"SearchAction","target":{"@type":"EntryPoint","urlTemplate":"https:\/\/universdrink.com\/?s={search_term_string}"},"query-input":{"@type":"PropertyValueSpecification","valueRequired":true,"valueName":"search_term_string"}}],"inLanguage":"nl-BE"},{"@type":"Organization","@id":"https:\/\/universdrink.com\/#organization","name":"Univers Drink","url":"https:\/\/universdrink.com\/","logo":{"@type":"ImageObject","inLanguage":"nl-BE","@id":"https:\/\/universdrink.com\/#\/schema\/logo\/image\/","url":"https:\/\/universdrink.com\/wp-content\/uploads\/2019\/04\/Log_UniversDrink_Coul_Header.png","contentUrl":"https:\/\/universdrink.com\/wp-content\/uploads\/2019\/04\/Log_UniversDrink_Coul_Header.png","width":250,"height":106,"caption":"Univers Drink"},"image":{"@id":"https:\/\/universdrink.com\/#\/schema\/logo\/image\/"},"sameAs":["https:\/\/www.facebook.com\/UniversDrink\/"]}]}},"_links":{"self":[{"href":"https:\/\/universdrink.com\/nl\/wp-json\/wp\/v2\/product\/16282","targetHints":{"allow":["GET"]}}],"collection":[{"href":"https:\/\/universdrink.com\/nl\/wp-json\/wp\/v2\/product"}],"about":[{"href":"https:\/\/universdrink.com\/nl\/wp-json\/wp\/v2\/types\/product"}],"wp:featuredmedia":[{"embeddable":true,"href":"https:\/\/universdrink.com\/nl\/wp-json\/wp\/v2\/media\/16586"}],"wp:attachment":[{"href":"https:\/\/universdrink.com\/nl\/wp-json\/wp\/v2\/media?parent=16282"}],"wp:term":[{"taxonomy":"product_brand","embeddable":true,"href":"https:\/\/universdrink.com\/nl\/wp-json\/wp\/v2\/product_brand?post=16282"},{"taxonomy":"product_cat","embeddable":true,"href":"https:\/\/universdrink.com\/nl\/wp-json\/wp\/v2\/product_cat?post=16282"},{"taxonomy":"product_tag","embeddable":true,"href":"https:\/\/universdrink.com\/nl\/wp-json\/wp\/v2\/product_tag?post=16282"},{"taxonomy":"woo-feed-brand","embeddable":true,"href":"https:\/\/universdrink.com\/nl\/wp-json\/wp\/v2\/woo-feed-brand?post=16282"}],"curies":[{"name":"wp","href":"https:\/\/api.w.org\/{rel}","templated":true}]}}