{"id":16285,"date":"2024-12-09T12:34:53","date_gmt":"2024-12-09T12:34:53","guid":{"rendered":"https:\/\/universdrink.com\/boutique\/non%20class\u00e9\/merlot-75-cl-boisson-sans-alcool-a-base-de-vin-rouge-desalcoolise\/"},"modified":"2026-04-23T13:44:31","modified_gmt":"2026-04-23T13:44:31","slug":"merlot-75-cl-boisson-sans-alcool-a-base-de-vin-rouge-desalcoolise","status":"publish","type":"product","link":"https:\/\/universdrink.com\/nl\/boutique\/vendome-mademoiselle\/merlot-75-cl-boisson-sans-alcool-a-base-de-vin-rouge-desalcoolise\/","title":{"rendered":"Merlot 75 cl <br> ALCOHOLVRIJE DRANK OP BASIS VAN GEDESALCOHOLISEERDE RODE WIJN"},"content":{"rendered":"<h3><span style=\"text-align: inherit; font-size: 16.9px;\">Fruitig plezier<\/span><span style=\"font-size: 1.40833rem;\">\u00a0<\/span>alcoholvrije<\/h3>\n<p>De Vend\u00f4me Mademoiselle Merlot is een alcoholvrije drank op basis van gedealcoholiseerde wijn met ingredi\u00ebnten afkomstig van de biologische landbouw. Hij is gemaakt van de rode merlotdruif, met kleine zwarte bessen, geteeld op kalkrijke bodem in de regio La Mancha onder de Spaanse zon. Met zijn robijnrode kleur, donker en intens, biedt de Merlot een aromatisch palet vergelijkbaar met dat van de beste alcoholische wijnen. Het uit zich met aroma\u2019s van zwarte vruchten zoals zwarte bessen en bramen, maar ook kers en pruim. Bij de eerste slok wordt het gehemelte geprikkeld met tonen van leer, bosgrond en kruiden. De Merlot is soepel in de mond met een goede balans, aanhoudende tannines en een droge afdronk. Dit alcoholvrije alternatief voor fruitig en aangenaam drinkplezier is erg toegankelijk en wordt aanbevolen bij zowat elk gerecht, vooral bij vlees in saus en wild. Om op elk moment van te genieten.<\/p>\n<h3><\/h3>\n<p><span style=\"font-family: Roboto, 'Odoo Unicode Support Noto', sans-serif;\">\u00a00,0% alcohol\u00a0|\u00a0<\/span><span style=\"font-family: Roboto, 'Odoo Unicode Support Noto', sans-serif;\">\u00a020,9kcal\/100ml |\u00a0<\/span><span style=\"font-family: Roboto, 'Odoo Unicode Support Noto', sans-serif;\">\u00a0Tussen 10\u00b0 en 12\u00b0<\/span><br \/>\n<span style=\"font-family: Roboto, 'Odoo Unicode Support Noto', sans-serif;\">\u00a0Druivensoort : Merlot<\/span><br \/>\n<span style=\"font-family: Roboto, 'Odoo Unicode Support Noto', sans-serif;\">\u00a0Verkrijgbaar in 75cl<\/span><\/p>\n<div><\/div>","protected":false},"excerpt":{"rendered":"<p>Vend\u00f4me Mademoiselle<\/p>","protected":false},"featured_media":16585,"template":"","meta":{"_acf_changed":false,"content-type":"","_monsterinsights_skip_tracking":false,"_monsterinsights_sitenote_active":false,"_monsterinsights_sitenote_note":"","_monsterinsights_sitenote_category":0},"product_brand":[],"product_cat":[49],"product_tag":[50,83,40,78],"woo-feed-brand":[],"class_list":{"0":"post-16285","1":"product","2":"type-product","3":"status-publish","4":"has-post-thumbnail","6":"product_cat-vendome-mademoiselle","7":"product_tag-bio","8":"product_tag-vendome-vin","9":"product_tag-vin-rouge","10":"product_tag-vins-plats","12":"first","13":"instock","14":"taxable","15":"shipping-taxable","16":"purchasable","17":"product-type-simple"},"acf":[],"yoast_head":"<!-- This site is optimized with the Yoast SEO plugin v26.8 - https:\/\/yoast.com\/product\/yoast-seo-wordpress\/ -->\n<title>Merlot 75 cl  BOISSON SANS ALCOOL \u00c0 BASE DE VIN ROUGE D\u00c9SALCOOLIS\u00c9 - Univers Drink<\/title>\n<meta name=\"robots\" content=\"index, follow, max-snippet:-1, max-image-preview:large, max-video-preview:-1\" \/>\n<link rel=\"canonical\" href=\"https:\/\/universdrink.com\/nl\/boutique\/vendome-mademoiselle\/merlot-75-cl-boisson-sans-alcool-a-base-de-vin-rouge-desalcoolise\/\" \/>\n<meta property=\"og:locale\" content=\"nl_BE\" \/>\n<meta property=\"og:type\" content=\"article\" \/>\n<meta property=\"og:title\" content=\"Merlot 75 cl  BOISSON SANS ALCOOL \u00c0 BASE DE VIN ROUGE D\u00c9SALCOOLIS\u00c9 - Univers Drink\" \/>\n<meta property=\"og:description\" content=\"Vend\u00f4me Mademoiselle\" \/>\n<meta property=\"og:url\" content=\"https:\/\/universdrink.com\/nl\/boutique\/vendome-mademoiselle\/merlot-75-cl-boisson-sans-alcool-a-base-de-vin-rouge-desalcoolise\/\" \/>\n<meta property=\"og:site_name\" content=\"Univers Drink\" \/>\n<meta property=\"article:publisher\" content=\"https:\/\/www.facebook.com\/UniversDrink\/\" \/>\n<meta property=\"article:modified_time\" content=\"2026-04-23T13:44:31+00:00\" \/>\n<meta property=\"og:image\" content=\"https:\/\/universdrink.com\/wp-content\/uploads\/2024\/12\/Vendome_Merlot-scaled.jpg\" \/>\n\t<meta property=\"og:image:width\" content=\"2560\" \/>\n\t<meta property=\"og:image:height\" content=\"2560\" \/>\n\t<meta property=\"og:image:type\" content=\"image\/jpeg\" \/>\n<meta name=\"twitter:card\" content=\"summary_large_image\" \/>\n<meta name=\"twitter:label1\" content=\"Geschatte leestijd\" \/>\n\t<meta name=\"twitter:data1\" content=\"2 minuten\" \/>\n<script type=\"application\/ld+json\" class=\"yoast-schema-graph\">{\"@context\":\"https:\/\/schema.org\",\"@graph\":[{\"@type\":\"WebPage\",\"@id\":\"https:\/\/universdrink.com\/boutique\/vendome-mademoiselle\/merlot-75-cl-boisson-sans-alcool-a-base-de-vin-rouge-desalcoolise\/\",\"url\":\"https:\/\/universdrink.com\/boutique\/vendome-mademoiselle\/merlot-75-cl-boisson-sans-alcool-a-base-de-vin-rouge-desalcoolise\/\",\"name\":\"Merlot 75 cl BOISSON SANS ALCOOL \u00c0 BASE DE VIN ROUGE D\u00c9SALCOOLIS\u00c9 - Univers Drink\",\"isPartOf\":{\"@id\":\"https:\/\/universdrink.com\/#website\"},\"primaryImageOfPage\":{\"@id\":\"https:\/\/universdrink.com\/boutique\/vendome-mademoiselle\/merlot-75-cl-boisson-sans-alcool-a-base-de-vin-rouge-desalcoolise\/#primaryimage\"},\"image\":{\"@id\":\"https:\/\/universdrink.com\/boutique\/vendome-mademoiselle\/merlot-75-cl-boisson-sans-alcool-a-base-de-vin-rouge-desalcoolise\/#primaryimage\"},\"thumbnailUrl\":\"https:\/\/universdrink.com\/wp-content\/uploads\/2024\/12\/Vendome_Merlot-scaled.jpg\",\"datePublished\":\"2024-12-09T12:34:53+00:00\",\"dateModified\":\"2026-04-23T13:44:31+00:00\",\"breadcrumb\":{\"@id\":\"https:\/\/universdrink.com\/boutique\/vendome-mademoiselle\/merlot-75-cl-boisson-sans-alcool-a-base-de-vin-rouge-desalcoolise\/#breadcrumb\"},\"inLanguage\":\"nl-BE\",\"potentialAction\":[{\"@type\":\"ReadAction\",\"target\":[\"https:\/\/universdrink.com\/boutique\/vendome-mademoiselle\/merlot-75-cl-boisson-sans-alcool-a-base-de-vin-rouge-desalcoolise\/\"]}]},{\"@type\":\"ImageObject\",\"inLanguage\":\"nl-BE\",\"@id\":\"https:\/\/universdrink.com\/boutique\/vendome-mademoiselle\/merlot-75-cl-boisson-sans-alcool-a-base-de-vin-rouge-desalcoolise\/#primaryimage\",\"url\":\"https:\/\/universdrink.com\/wp-content\/uploads\/2024\/12\/Vendome_Merlot-scaled.jpg\",\"contentUrl\":\"https:\/\/universdrink.com\/wp-content\/uploads\/2024\/12\/Vendome_Merlot-scaled.jpg\",\"width\":2560,\"height\":2560,\"caption\":\"Vendome merlot sans alcool\"},{\"@type\":\"BreadcrumbList\",\"@id\":\"https:\/\/universdrink.com\/boutique\/vendome-mademoiselle\/merlot-75-cl-boisson-sans-alcool-a-base-de-vin-rouge-desalcoolise\/#breadcrumb\",\"itemListElement\":[{\"@type\":\"ListItem\",\"position\":1,\"name\":\"Home\",\"item\":\"https:\/\/universdrink.com\/\"},{\"@type\":\"ListItem\",\"position\":2,\"name\":\"Boutique\",\"item\":\"https:\/\/universdrink.com\/boutique\/\"},{\"@type\":\"ListItem\",\"position\":3,\"name\":\"Merlot 75 cl BOISSON SANS ALCOOL \u00c0 BASE DE VIN ROUGE D\u00c9SALCOOLIS\u00c9\"}]},{\"@type\":\"WebSite\",\"@id\":\"https:\/\/universdrink.com\/#website\",\"url\":\"https:\/\/universdrink.com\/\",\"name\":\"Univers Drink\",\"description\":\"Vins d\u00e9salcoolis\u00e9s, bulles et cocktails sans alcool\",\"publisher\":{\"@id\":\"https:\/\/universdrink.com\/#organization\"},\"potentialAction\":[{\"@type\":\"SearchAction\",\"target\":{\"@type\":\"EntryPoint\",\"urlTemplate\":\"https:\/\/universdrink.com\/?s={search_term_string}\"},\"query-input\":{\"@type\":\"PropertyValueSpecification\",\"valueRequired\":true,\"valueName\":\"search_term_string\"}}],\"inLanguage\":\"nl-BE\"},{\"@type\":\"Organization\",\"@id\":\"https:\/\/universdrink.com\/#organization\",\"name\":\"Univers Drink\",\"url\":\"https:\/\/universdrink.com\/\",\"logo\":{\"@type\":\"ImageObject\",\"inLanguage\":\"nl-BE\",\"@id\":\"https:\/\/universdrink.com\/#\/schema\/logo\/image\/\",\"url\":\"https:\/\/universdrink.com\/wp-content\/uploads\/2019\/04\/Log_UniversDrink_Coul_Header.png\",\"contentUrl\":\"https:\/\/universdrink.com\/wp-content\/uploads\/2019\/04\/Log_UniversDrink_Coul_Header.png\",\"width\":250,\"height\":106,\"caption\":\"Univers Drink\"},\"image\":{\"@id\":\"https:\/\/universdrink.com\/#\/schema\/logo\/image\/\"},\"sameAs\":[\"https:\/\/www.facebook.com\/UniversDrink\/\"]}]}<\/script>\n<!-- \/ Yoast SEO plugin. -->","yoast_head_json":{"title":"Merlot 75 cl  BOISSON SANS ALCOOL \u00c0 BASE DE VIN ROUGE D\u00c9SALCOOLIS\u00c9 - Univers Drink","robots":{"index":"index","follow":"follow","max-snippet":"max-snippet:-1","max-image-preview":"max-image-preview:large","max-video-preview":"max-video-preview:-1"},"canonical":"https:\/\/universdrink.com\/nl\/boutique\/vendome-mademoiselle\/merlot-75-cl-boisson-sans-alcool-a-base-de-vin-rouge-desalcoolise\/","og_locale":"nl_BE","og_type":"article","og_title":"Merlot 75 cl  BOISSON SANS ALCOOL \u00c0 BASE DE VIN ROUGE D\u00c9SALCOOLIS\u00c9 - Univers Drink","og_description":"Vend\u00f4me Mademoiselle","og_url":"https:\/\/universdrink.com\/nl\/boutique\/vendome-mademoiselle\/merlot-75-cl-boisson-sans-alcool-a-base-de-vin-rouge-desalcoolise\/","og_site_name":"Univers Drink","article_publisher":"https:\/\/www.facebook.com\/UniversDrink\/","article_modified_time":"2026-04-23T13:44:31+00:00","og_image":[{"width":2560,"height":2560,"url":"https:\/\/universdrink.com\/wp-content\/uploads\/2024\/12\/Vendome_Merlot-scaled.jpg","type":"image\/jpeg"}],"twitter_card":"summary_large_image","twitter_misc":{"Geschatte leestijd":"2 minuten"},"schema":{"@context":"https:\/\/schema.org","@graph":[{"@type":"WebPage","@id":"https:\/\/universdrink.com\/boutique\/vendome-mademoiselle\/merlot-75-cl-boisson-sans-alcool-a-base-de-vin-rouge-desalcoolise\/","url":"https:\/\/universdrink.com\/boutique\/vendome-mademoiselle\/merlot-75-cl-boisson-sans-alcool-a-base-de-vin-rouge-desalcoolise\/","name":"Merlot 75 cl BOISSON SANS ALCOOL \u00c0 BASE DE VIN ROUGE D\u00c9SALCOOLIS\u00c9 - Univers Drink","isPartOf":{"@id":"https:\/\/universdrink.com\/#website"},"primaryImageOfPage":{"@id":"https:\/\/universdrink.com\/boutique\/vendome-mademoiselle\/merlot-75-cl-boisson-sans-alcool-a-base-de-vin-rouge-desalcoolise\/#primaryimage"},"image":{"@id":"https:\/\/universdrink.com\/boutique\/vendome-mademoiselle\/merlot-75-cl-boisson-sans-alcool-a-base-de-vin-rouge-desalcoolise\/#primaryimage"},"thumbnailUrl":"https:\/\/universdrink.com\/wp-content\/uploads\/2024\/12\/Vendome_Merlot-scaled.jpg","datePublished":"2024-12-09T12:34:53+00:00","dateModified":"2026-04-23T13:44:31+00:00","breadcrumb":{"@id":"https:\/\/universdrink.com\/boutique\/vendome-mademoiselle\/merlot-75-cl-boisson-sans-alcool-a-base-de-vin-rouge-desalcoolise\/#breadcrumb"},"inLanguage":"nl-BE","potentialAction":[{"@type":"ReadAction","target":["https:\/\/universdrink.com\/boutique\/vendome-mademoiselle\/merlot-75-cl-boisson-sans-alcool-a-base-de-vin-rouge-desalcoolise\/"]}]},{"@type":"ImageObject","inLanguage":"nl-BE","@id":"https:\/\/universdrink.com\/boutique\/vendome-mademoiselle\/merlot-75-cl-boisson-sans-alcool-a-base-de-vin-rouge-desalcoolise\/#primaryimage","url":"https:\/\/universdrink.com\/wp-content\/uploads\/2024\/12\/Vendome_Merlot-scaled.jpg","contentUrl":"https:\/\/universdrink.com\/wp-content\/uploads\/2024\/12\/Vendome_Merlot-scaled.jpg","width":2560,"height":2560,"caption":"Vendome merlot sans alcool"},{"@type":"BreadcrumbList","@id":"https:\/\/universdrink.com\/boutique\/vendome-mademoiselle\/merlot-75-cl-boisson-sans-alcool-a-base-de-vin-rouge-desalcoolise\/#breadcrumb","itemListElement":[{"@type":"ListItem","position":1,"name":"Home","item":"https:\/\/universdrink.com\/"},{"@type":"ListItem","position":2,"name":"Boutique","item":"https:\/\/universdrink.com\/boutique\/"},{"@type":"ListItem","position":3,"name":"Merlot 75 cl BOISSON SANS ALCOOL \u00c0 BASE DE VIN ROUGE D\u00c9SALCOOLIS\u00c9"}]},{"@type":"WebSite","@id":"https:\/\/universdrink.com\/#website","url":"https:\/\/universdrink.com\/","name":"Univers Drink","description":"Vins d\u00e9salcoolis\u00e9s, bulles et cocktails sans alcool","publisher":{"@id":"https:\/\/universdrink.com\/#organization"},"potentialAction":[{"@type":"SearchAction","target":{"@type":"EntryPoint","urlTemplate":"https:\/\/universdrink.com\/?s={search_term_string}"},"query-input":{"@type":"PropertyValueSpecification","valueRequired":true,"valueName":"search_term_string"}}],"inLanguage":"nl-BE"},{"@type":"Organization","@id":"https:\/\/universdrink.com\/#organization","name":"Univers Drink","url":"https:\/\/universdrink.com\/","logo":{"@type":"ImageObject","inLanguage":"nl-BE","@id":"https:\/\/universdrink.com\/#\/schema\/logo\/image\/","url":"https:\/\/universdrink.com\/wp-content\/uploads\/2019\/04\/Log_UniversDrink_Coul_Header.png","contentUrl":"https:\/\/universdrink.com\/wp-content\/uploads\/2019\/04\/Log_UniversDrink_Coul_Header.png","width":250,"height":106,"caption":"Univers Drink"},"image":{"@id":"https:\/\/universdrink.com\/#\/schema\/logo\/image\/"},"sameAs":["https:\/\/www.facebook.com\/UniversDrink\/"]}]}},"_links":{"self":[{"href":"https:\/\/universdrink.com\/nl\/wp-json\/wp\/v2\/product\/16285","targetHints":{"allow":["GET"]}}],"collection":[{"href":"https:\/\/universdrink.com\/nl\/wp-json\/wp\/v2\/product"}],"about":[{"href":"https:\/\/universdrink.com\/nl\/wp-json\/wp\/v2\/types\/product"}],"wp:featuredmedia":[{"embeddable":true,"href":"https:\/\/universdrink.com\/nl\/wp-json\/wp\/v2\/media\/16585"}],"wp:attachment":[{"href":"https:\/\/universdrink.com\/nl\/wp-json\/wp\/v2\/media?parent=16285"}],"wp:term":[{"taxonomy":"product_brand","embeddable":true,"href":"https:\/\/universdrink.com\/nl\/wp-json\/wp\/v2\/product_brand?post=16285"},{"taxonomy":"product_cat","embeddable":true,"href":"https:\/\/universdrink.com\/nl\/wp-json\/wp\/v2\/product_cat?post=16285"},{"taxonomy":"product_tag","embeddable":true,"href":"https:\/\/universdrink.com\/nl\/wp-json\/wp\/v2\/product_tag?post=16285"},{"taxonomy":"woo-feed-brand","embeddable":true,"href":"https:\/\/universdrink.com\/nl\/wp-json\/wp\/v2\/woo-feed-brand?post=16285"}],"curies":[{"name":"wp","href":"https:\/\/api.w.org\/{rel}","templated":true}]}}