{"id":16289,"date":"2024-12-09T12:35:11","date_gmt":"2024-12-09T12:35:11","guid":{"rendered":"https:\/\/universdrink.com\/boutique\/non%20class\u00e9\/tempranillo-75-cl-boisson-sans-alcool-a-base-de-vin-rose-desalcoolise\/"},"modified":"2026-04-08T10:44:05","modified_gmt":"2026-04-08T10:44:05","slug":"tempranillo-75-cl-boisson-sans-alcool-a-base-de-vin-rose-desalcoolise","status":"publish","type":"product","link":"https:\/\/universdrink.com\/nl\/boutique\/vendome-mademoiselle\/tempranillo-75-cl-boisson-sans-alcool-a-base-de-vin-rose-desalcoolise\/","title":{"rendered":"Tempranillo 75 cl <br> ALCOHOLVRIJE DRANK OP BASIS VAN GEDESALCOHOLISEERDE ROS\u00c9WIJN"},"content":{"rendered":"<h3>Plaisir d&rsquo;\u00e9t\u00e9<span style=\"font-size: 1.40833rem;\">\u00a0<\/span>alcoholvrije<\/h3>\n<p>De alcoholvrije drank Vend\u00f4me Mademoiselle Ros\u00e9, op basis van gedealcoholiseerde wijn met ingredi\u00ebnten afkomstig van de biologische landbouw, heeft een prachtige lichtroze kleur met lichte granaatappelreflecties. Net als de beste alcoholische ros\u00e9wijnen heeft hij een expressieve neus van rode bessen, framboos, zwarte bessen en citrusvruchten. Om van te genieten als aperitief, tijdens een t\u00eate-\u00e0-t\u00eate of met vrienden, zowel in de zomer als in de winter. Ros\u00e9 past goed bij gekruide gerechten, exotische bereidingen, evenals grillades en gemengde salades.<\/p>\n<h3 style=\"font-size: 1.40833rem;\"><\/h3>\n<h3 style=\"font-size: 1.40833rem;\"><\/h3>\n<p><span style=\"font-family: Roboto, 'Odoo Unicode Support Noto', sans-serif;\">\u00a00,0% alcohol\u00a0|\u00a0<\/span><span style=\"font-family: Roboto, 'Odoo Unicode Support Noto', sans-serif;\">\u00a020,9kcal\/100ml |\u00a0<\/span><span style=\"font-family: Roboto, 'Odoo Unicode Support Noto', sans-serif;\">\u00a0Tussen 6\u00b0 en 8\u00b0<\/span><br \/>\n<span style=\"font-family: Roboto, 'Odoo Unicode Support Noto', sans-serif;\">\u00a0druivensoort : mix<\/span><br \/>\n<span style=\"font-family: Roboto, 'Odoo Unicode Support Noto', sans-serif;\">\u00a0Verkrijgbaar in 75cl<\/span><\/p>\n<div><\/div>","protected":false},"excerpt":{"rendered":"<p>Vend\u00f4me Mademoiselle<\/p>","protected":false},"featured_media":16582,"template":"","meta":{"_acf_changed":false,"content-type":"","_monsterinsights_skip_tracking":false,"_monsterinsights_sitenote_active":false,"_monsterinsights_sitenote_note":"","_monsterinsights_sitenote_category":0},"product_brand":[],"product_cat":[49,65],"product_tag":[83],"woo-feed-brand":[],"class_list":{"0":"post-16289","1":"product","2":"type-product","3":"status-publish","4":"has-post-thumbnail","6":"product_cat-vendome-mademoiselle","7":"product_cat-vinsbulles","8":"product_tag-vendome-vin","10":"first","11":"instock","12":"taxable","13":"shipping-taxable","14":"purchasable","15":"product-type-simple"},"acf":[],"yoast_head":"<!-- This site is optimized with the Yoast SEO plugin v26.8 - https:\/\/yoast.com\/product\/yoast-seo-wordpress\/ -->\n<title>Tempranillo 75 cl  BOISSON SANS ALCOOL \u00c0 BASE DE VIN ROS\u00c9 D\u00c9SALCOOLIS\u00c9 - Univers Drink<\/title>\n<meta name=\"robots\" content=\"index, follow, max-snippet:-1, max-image-preview:large, max-video-preview:-1\" \/>\n<link rel=\"canonical\" href=\"https:\/\/universdrink.com\/nl\/boutique\/vendome-mademoiselle\/tempranillo-75-cl-boisson-sans-alcool-a-base-de-vin-rose-desalcoolise\/\" \/>\n<meta property=\"og:locale\" content=\"nl_BE\" \/>\n<meta property=\"og:type\" content=\"article\" \/>\n<meta property=\"og:title\" content=\"Tempranillo 75 cl  BOISSON SANS ALCOOL \u00c0 BASE DE VIN ROS\u00c9 D\u00c9SALCOOLIS\u00c9 - Univers Drink\" \/>\n<meta property=\"og:description\" content=\"Vend\u00f4me Mademoiselle\" \/>\n<meta property=\"og:url\" content=\"https:\/\/universdrink.com\/nl\/boutique\/vendome-mademoiselle\/tempranillo-75-cl-boisson-sans-alcool-a-base-de-vin-rose-desalcoolise\/\" \/>\n<meta property=\"og:site_name\" content=\"Univers Drink\" \/>\n<meta property=\"article:publisher\" content=\"https:\/\/www.facebook.com\/UniversDrink\/\" \/>\n<meta property=\"article:modified_time\" content=\"2026-04-08T10:44:05+00:00\" \/>\n<meta property=\"og:image\" content=\"https:\/\/universdrink.com\/wp-content\/uploads\/2024\/12\/Vendome_Tempranillo-scaled.jpg\" \/>\n\t<meta property=\"og:image:width\" content=\"2560\" \/>\n\t<meta property=\"og:image:height\" content=\"2560\" \/>\n\t<meta property=\"og:image:type\" content=\"image\/jpeg\" \/>\n<meta name=\"twitter:card\" content=\"summary_large_image\" \/>\n<meta name=\"twitter:label1\" content=\"Geschatte leestijd\" \/>\n\t<meta name=\"twitter:data1\" content=\"1 minuut\" \/>\n<script type=\"application\/ld+json\" class=\"yoast-schema-graph\">{\"@context\":\"https:\/\/schema.org\",\"@graph\":[{\"@type\":\"WebPage\",\"@id\":\"https:\/\/universdrink.com\/boutique\/vendome-mademoiselle\/tempranillo-75-cl-boisson-sans-alcool-a-base-de-vin-rose-desalcoolise\/\",\"url\":\"https:\/\/universdrink.com\/boutique\/vendome-mademoiselle\/tempranillo-75-cl-boisson-sans-alcool-a-base-de-vin-rose-desalcoolise\/\",\"name\":\"Tempranillo 75 cl BOISSON SANS ALCOOL \u00c0 BASE DE VIN ROS\u00c9 D\u00c9SALCOOLIS\u00c9 - Univers Drink\",\"isPartOf\":{\"@id\":\"https:\/\/universdrink.com\/#website\"},\"primaryImageOfPage\":{\"@id\":\"https:\/\/universdrink.com\/boutique\/vendome-mademoiselle\/tempranillo-75-cl-boisson-sans-alcool-a-base-de-vin-rose-desalcoolise\/#primaryimage\"},\"image\":{\"@id\":\"https:\/\/universdrink.com\/boutique\/vendome-mademoiselle\/tempranillo-75-cl-boisson-sans-alcool-a-base-de-vin-rose-desalcoolise\/#primaryimage\"},\"thumbnailUrl\":\"https:\/\/universdrink.com\/wp-content\/uploads\/2024\/12\/Vendome_Tempranillo-scaled.jpg\",\"datePublished\":\"2024-12-09T12:35:11+00:00\",\"dateModified\":\"2026-04-08T10:44:05+00:00\",\"breadcrumb\":{\"@id\":\"https:\/\/universdrink.com\/boutique\/vendome-mademoiselle\/tempranillo-75-cl-boisson-sans-alcool-a-base-de-vin-rose-desalcoolise\/#breadcrumb\"},\"inLanguage\":\"nl-BE\",\"potentialAction\":[{\"@type\":\"ReadAction\",\"target\":[\"https:\/\/universdrink.com\/boutique\/vendome-mademoiselle\/tempranillo-75-cl-boisson-sans-alcool-a-base-de-vin-rose-desalcoolise\/\"]}]},{\"@type\":\"ImageObject\",\"inLanguage\":\"nl-BE\",\"@id\":\"https:\/\/universdrink.com\/boutique\/vendome-mademoiselle\/tempranillo-75-cl-boisson-sans-alcool-a-base-de-vin-rose-desalcoolise\/#primaryimage\",\"url\":\"https:\/\/universdrink.com\/wp-content\/uploads\/2024\/12\/Vendome_Tempranillo-scaled.jpg\",\"contentUrl\":\"https:\/\/universdrink.com\/wp-content\/uploads\/2024\/12\/Vendome_Tempranillo-scaled.jpg\",\"width\":2560,\"height\":2560,\"caption\":\"Vendome ros\u00e9 sans alcool\"},{\"@type\":\"BreadcrumbList\",\"@id\":\"https:\/\/universdrink.com\/boutique\/vendome-mademoiselle\/tempranillo-75-cl-boisson-sans-alcool-a-base-de-vin-rose-desalcoolise\/#breadcrumb\",\"itemListElement\":[{\"@type\":\"ListItem\",\"position\":1,\"name\":\"Home\",\"item\":\"https:\/\/universdrink.com\/\"},{\"@type\":\"ListItem\",\"position\":2,\"name\":\"Boutique\",\"item\":\"https:\/\/universdrink.com\/boutique\/\"},{\"@type\":\"ListItem\",\"position\":3,\"name\":\"Tempranillo 75 cl BOISSON SANS ALCOOL \u00c0 BASE DE VIN ROS\u00c9 D\u00c9SALCOOLIS\u00c9\"}]},{\"@type\":\"WebSite\",\"@id\":\"https:\/\/universdrink.com\/#website\",\"url\":\"https:\/\/universdrink.com\/\",\"name\":\"Univers Drink\",\"description\":\"Vins d\u00e9salcoolis\u00e9s, bulles et cocktails sans alcool\",\"publisher\":{\"@id\":\"https:\/\/universdrink.com\/#organization\"},\"potentialAction\":[{\"@type\":\"SearchAction\",\"target\":{\"@type\":\"EntryPoint\",\"urlTemplate\":\"https:\/\/universdrink.com\/?s={search_term_string}\"},\"query-input\":{\"@type\":\"PropertyValueSpecification\",\"valueRequired\":true,\"valueName\":\"search_term_string\"}}],\"inLanguage\":\"nl-BE\"},{\"@type\":\"Organization\",\"@id\":\"https:\/\/universdrink.com\/#organization\",\"name\":\"Univers Drink\",\"url\":\"https:\/\/universdrink.com\/\",\"logo\":{\"@type\":\"ImageObject\",\"inLanguage\":\"nl-BE\",\"@id\":\"https:\/\/universdrink.com\/#\/schema\/logo\/image\/\",\"url\":\"https:\/\/universdrink.com\/wp-content\/uploads\/2019\/04\/Log_UniversDrink_Coul_Header.png\",\"contentUrl\":\"https:\/\/universdrink.com\/wp-content\/uploads\/2019\/04\/Log_UniversDrink_Coul_Header.png\",\"width\":250,\"height\":106,\"caption\":\"Univers Drink\"},\"image\":{\"@id\":\"https:\/\/universdrink.com\/#\/schema\/logo\/image\/\"},\"sameAs\":[\"https:\/\/www.facebook.com\/UniversDrink\/\"]}]}<\/script>\n<!-- \/ Yoast SEO plugin. -->","yoast_head_json":{"title":"Tempranillo 75 cl  BOISSON SANS ALCOOL \u00c0 BASE DE VIN ROS\u00c9 D\u00c9SALCOOLIS\u00c9 - Univers Drink","robots":{"index":"index","follow":"follow","max-snippet":"max-snippet:-1","max-image-preview":"max-image-preview:large","max-video-preview":"max-video-preview:-1"},"canonical":"https:\/\/universdrink.com\/nl\/boutique\/vendome-mademoiselle\/tempranillo-75-cl-boisson-sans-alcool-a-base-de-vin-rose-desalcoolise\/","og_locale":"nl_BE","og_type":"article","og_title":"Tempranillo 75 cl  BOISSON SANS ALCOOL \u00c0 BASE DE VIN ROS\u00c9 D\u00c9SALCOOLIS\u00c9 - Univers Drink","og_description":"Vend\u00f4me Mademoiselle","og_url":"https:\/\/universdrink.com\/nl\/boutique\/vendome-mademoiselle\/tempranillo-75-cl-boisson-sans-alcool-a-base-de-vin-rose-desalcoolise\/","og_site_name":"Univers Drink","article_publisher":"https:\/\/www.facebook.com\/UniversDrink\/","article_modified_time":"2026-04-08T10:44:05+00:00","og_image":[{"width":2560,"height":2560,"url":"https:\/\/universdrink.com\/wp-content\/uploads\/2024\/12\/Vendome_Tempranillo-scaled.jpg","type":"image\/jpeg"}],"twitter_card":"summary_large_image","twitter_misc":{"Geschatte leestijd":"1 minuut"},"schema":{"@context":"https:\/\/schema.org","@graph":[{"@type":"WebPage","@id":"https:\/\/universdrink.com\/boutique\/vendome-mademoiselle\/tempranillo-75-cl-boisson-sans-alcool-a-base-de-vin-rose-desalcoolise\/","url":"https:\/\/universdrink.com\/boutique\/vendome-mademoiselle\/tempranillo-75-cl-boisson-sans-alcool-a-base-de-vin-rose-desalcoolise\/","name":"Tempranillo 75 cl BOISSON SANS ALCOOL \u00c0 BASE DE VIN ROS\u00c9 D\u00c9SALCOOLIS\u00c9 - Univers Drink","isPartOf":{"@id":"https:\/\/universdrink.com\/#website"},"primaryImageOfPage":{"@id":"https:\/\/universdrink.com\/boutique\/vendome-mademoiselle\/tempranillo-75-cl-boisson-sans-alcool-a-base-de-vin-rose-desalcoolise\/#primaryimage"},"image":{"@id":"https:\/\/universdrink.com\/boutique\/vendome-mademoiselle\/tempranillo-75-cl-boisson-sans-alcool-a-base-de-vin-rose-desalcoolise\/#primaryimage"},"thumbnailUrl":"https:\/\/universdrink.com\/wp-content\/uploads\/2024\/12\/Vendome_Tempranillo-scaled.jpg","datePublished":"2024-12-09T12:35:11+00:00","dateModified":"2026-04-08T10:44:05+00:00","breadcrumb":{"@id":"https:\/\/universdrink.com\/boutique\/vendome-mademoiselle\/tempranillo-75-cl-boisson-sans-alcool-a-base-de-vin-rose-desalcoolise\/#breadcrumb"},"inLanguage":"nl-BE","potentialAction":[{"@type":"ReadAction","target":["https:\/\/universdrink.com\/boutique\/vendome-mademoiselle\/tempranillo-75-cl-boisson-sans-alcool-a-base-de-vin-rose-desalcoolise\/"]}]},{"@type":"ImageObject","inLanguage":"nl-BE","@id":"https:\/\/universdrink.com\/boutique\/vendome-mademoiselle\/tempranillo-75-cl-boisson-sans-alcool-a-base-de-vin-rose-desalcoolise\/#primaryimage","url":"https:\/\/universdrink.com\/wp-content\/uploads\/2024\/12\/Vendome_Tempranillo-scaled.jpg","contentUrl":"https:\/\/universdrink.com\/wp-content\/uploads\/2024\/12\/Vendome_Tempranillo-scaled.jpg","width":2560,"height":2560,"caption":"Vendome ros\u00e9 sans alcool"},{"@type":"BreadcrumbList","@id":"https:\/\/universdrink.com\/boutique\/vendome-mademoiselle\/tempranillo-75-cl-boisson-sans-alcool-a-base-de-vin-rose-desalcoolise\/#breadcrumb","itemListElement":[{"@type":"ListItem","position":1,"name":"Home","item":"https:\/\/universdrink.com\/"},{"@type":"ListItem","position":2,"name":"Boutique","item":"https:\/\/universdrink.com\/boutique\/"},{"@type":"ListItem","position":3,"name":"Tempranillo 75 cl BOISSON SANS ALCOOL \u00c0 BASE DE VIN ROS\u00c9 D\u00c9SALCOOLIS\u00c9"}]},{"@type":"WebSite","@id":"https:\/\/universdrink.com\/#website","url":"https:\/\/universdrink.com\/","name":"Univers Drink","description":"Vins d\u00e9salcoolis\u00e9s, bulles et cocktails sans alcool","publisher":{"@id":"https:\/\/universdrink.com\/#organization"},"potentialAction":[{"@type":"SearchAction","target":{"@type":"EntryPoint","urlTemplate":"https:\/\/universdrink.com\/?s={search_term_string}"},"query-input":{"@type":"PropertyValueSpecification","valueRequired":true,"valueName":"search_term_string"}}],"inLanguage":"nl-BE"},{"@type":"Organization","@id":"https:\/\/universdrink.com\/#organization","name":"Univers Drink","url":"https:\/\/universdrink.com\/","logo":{"@type":"ImageObject","inLanguage":"nl-BE","@id":"https:\/\/universdrink.com\/#\/schema\/logo\/image\/","url":"https:\/\/universdrink.com\/wp-content\/uploads\/2019\/04\/Log_UniversDrink_Coul_Header.png","contentUrl":"https:\/\/universdrink.com\/wp-content\/uploads\/2019\/04\/Log_UniversDrink_Coul_Header.png","width":250,"height":106,"caption":"Univers Drink"},"image":{"@id":"https:\/\/universdrink.com\/#\/schema\/logo\/image\/"},"sameAs":["https:\/\/www.facebook.com\/UniversDrink\/"]}]}},"_links":{"self":[{"href":"https:\/\/universdrink.com\/nl\/wp-json\/wp\/v2\/product\/16289","targetHints":{"allow":["GET"]}}],"collection":[{"href":"https:\/\/universdrink.com\/nl\/wp-json\/wp\/v2\/product"}],"about":[{"href":"https:\/\/universdrink.com\/nl\/wp-json\/wp\/v2\/types\/product"}],"wp:featuredmedia":[{"embeddable":true,"href":"https:\/\/universdrink.com\/nl\/wp-json\/wp\/v2\/media\/16582"}],"wp:attachment":[{"href":"https:\/\/universdrink.com\/nl\/wp-json\/wp\/v2\/media?parent=16289"}],"wp:term":[{"taxonomy":"product_brand","embeddable":true,"href":"https:\/\/universdrink.com\/nl\/wp-json\/wp\/v2\/product_brand?post=16289"},{"taxonomy":"product_cat","embeddable":true,"href":"https:\/\/universdrink.com\/nl\/wp-json\/wp\/v2\/product_cat?post=16289"},{"taxonomy":"product_tag","embeddable":true,"href":"https:\/\/universdrink.com\/nl\/wp-json\/wp\/v2\/product_tag?post=16289"},{"taxonomy":"woo-feed-brand","embeddable":true,"href":"https:\/\/universdrink.com\/nl\/wp-json\/wp\/v2\/woo-feed-brand?post=16289"}],"curies":[{"name":"wp","href":"https:\/\/api.w.org\/{rel}","templated":true}]}}