{"id":8925,"date":"2022-10-17T13:49:34","date_gmt":"2022-10-17T13:49:34","guid":{"rendered":"https:\/\/universdrink.com\/?post_type=product&#038;p=8925"},"modified":"2026-04-03T10:43:10","modified_gmt":"2026-04-03T10:43:10","slug":"chardonnay-75cl","status":"publish","type":"product","link":"https:\/\/universdrink.com\/nl\/boutique\/1-night-orient\/chardonnay-75cl\/","title":{"rendered":"Chardonnay 75 cl <br> ALCOHOLVRIJE DRANK OP BASIS VAN GEDESALCOHOLISEERDE WITTE WIJN"},"content":{"rendered":"<h3 style=\"font-size: 1.40833rem;\"><span class=\"jet-headline__label\">Droog, sensationeel en zonder alcohol.<\/span><\/h3>\n<p>De alcoholvrije drank Night Orient Chardonnay, gemaakt van gedealcoholiseerde witte wijn van de Spaanse chardonnaydruif, glanzend en goudgeel, heeft de kenmerken van een alcoholische droge witte wijn. Deze drank op basis van gedealcoholiseerde wijn, met een strogele kleur, opent met tonen van rijp wit fruit en citrus, aangevuld met florale en minerale accenten.<\/p>\n<p>In de mond is hij romig en smaakvol, met een delicate en diepe zuurgraad. Na een explosie van bloemige aroma's volgt een mooie, aanhoudende afdronk. Veel intensiteit en levendigheid, maar zonder agressiviteit, voor dit elegante alcoholvrije alternatief voor wijn. Past perfect bij wit vlees en vis- en zeevruchtengerechten.<\/p>\n<h3 style=\"font-size: 1.40833rem;\"><\/h3>\n<p><span style=\"font-family: Roboto, 'Odoo Unicode Support Noto', sans-serif;\">\u00a00,0% alcohol\u00a0|\u00a0<\/span><span style=\"font-family: Roboto, 'Odoo Unicode Support Noto', sans-serif;\">\u00a023,1 kcal\/100 ml\u00a0|\u00a0<\/span><span style=\"font-family: Roboto, 'Odoo Unicode Support Noto', sans-serif;\">\u00a0Tussen 6\u00b0 en 8\u00b0<\/span><br \/>\n<span style=\"font-family: Roboto, 'Odoo Unicode Support Noto', sans-serif;\">\u00a0C\u00e9pages: Chardonnay<\/span><br \/>\n<span style=\"font-family: Roboto, 'Odoo Unicode Support Noto', sans-serif;\">\u00a0Verkrijgbaar in 75cl<\/span><\/p>\n<h3 style=\"text-align: left;\"><\/h3>","protected":false},"excerpt":{"rendered":"<p>Night Orient<\/p>","protected":false},"featured_media":16597,"template":"","meta":{"_acf_changed":false,"content-type":"","_monsterinsights_skip_tracking":false,"_monsterinsights_sitenote_active":false,"_monsterinsights_sitenote_note":"","_monsterinsights_sitenote_category":0},"product_brand":[],"product_cat":[73],"product_tag":[81,41,78],"woo-feed-brand":[],"class_list":{"0":"post-8925","1":"product","2":"type-product","3":"status-publish","4":"has-post-thumbnail","6":"product_cat-1-night-orient","7":"product_tag-night-plat","8":"product_tag-vin-blanc","9":"product_tag-vins-plats","11":"first","12":"instock","13":"taxable","14":"shipping-taxable","15":"purchasable","16":"product-type-simple"},"acf":[],"yoast_head":"<!-- This site is optimized with the Yoast SEO plugin v26.8 - https:\/\/yoast.com\/product\/yoast-seo-wordpress\/ -->\n<title>Chardonnay 75 cl  BOISSONS SANS ALCOOL \u00c0 BASE DE VIN BLANC D\u00c9SALCOOLIS\u00c9 - Univers Drink<\/title>\n<meta name=\"description\" content=\"Le vin blanc Night Orient Chardonnay offre une explosion d\u2019ar\u00f4mes floraux et une belle finale persistante sur de p\u00e2tisseries.\" \/>\n<meta name=\"robots\" content=\"index, follow, max-snippet:-1, max-image-preview:large, max-video-preview:-1\" \/>\n<link rel=\"canonical\" href=\"https:\/\/universdrink.com\/nl\/boutique\/1-night-orient\/chardonnay-75cl\/\" \/>\n<meta property=\"og:locale\" content=\"nl_BE\" \/>\n<meta property=\"og:type\" content=\"article\" \/>\n<meta property=\"og:title\" content=\"Chardonnay 75 cl  BOISSONS SANS ALCOOL \u00c0 BASE DE VIN BLANC D\u00c9SALCOOLIS\u00c9 - Univers Drink\" \/>\n<meta property=\"og:description\" content=\"Le vin blanc Night Orient Chardonnay offre une explosion d\u2019ar\u00f4mes floraux et une belle finale persistante sur de p\u00e2tisseries.\" \/>\n<meta property=\"og:url\" content=\"https:\/\/universdrink.com\/nl\/boutique\/1-night-orient\/chardonnay-75cl\/\" \/>\n<meta property=\"og:site_name\" content=\"Univers Drink\" \/>\n<meta property=\"article:publisher\" content=\"https:\/\/www.facebook.com\/UniversDrink\/\" \/>\n<meta property=\"article:modified_time\" content=\"2026-04-03T10:43:10+00:00\" \/>\n<meta property=\"og:image\" content=\"https:\/\/universdrink.com\/wp-content\/uploads\/2022\/10\/NightOrient_Chardonnay-scaled.jpg\" \/>\n\t<meta property=\"og:image:width\" content=\"2560\" \/>\n\t<meta property=\"og:image:height\" content=\"2560\" \/>\n\t<meta property=\"og:image:type\" content=\"image\/jpeg\" \/>\n<meta name=\"twitter:card\" content=\"summary_large_image\" \/>\n<meta name=\"twitter:label1\" content=\"Geschatte leestijd\" \/>\n\t<meta name=\"twitter:data1\" content=\"1 minuut\" \/>\n<script type=\"application\/ld+json\" class=\"yoast-schema-graph\">{\"@context\":\"https:\/\/schema.org\",\"@graph\":[{\"@type\":\"WebPage\",\"@id\":\"https:\/\/universdrink.com\/boutique\/1-night-orient\/chardonnay-75cl\/\",\"url\":\"https:\/\/universdrink.com\/boutique\/1-night-orient\/chardonnay-75cl\/\",\"name\":\"Chardonnay 75 cl BOISSONS SANS ALCOOL \u00c0 BASE DE VIN BLANC D\u00c9SALCOOLIS\u00c9 - Univers Drink\",\"isPartOf\":{\"@id\":\"https:\/\/universdrink.com\/#website\"},\"primaryImageOfPage\":{\"@id\":\"https:\/\/universdrink.com\/boutique\/1-night-orient\/chardonnay-75cl\/#primaryimage\"},\"image\":{\"@id\":\"https:\/\/universdrink.com\/boutique\/1-night-orient\/chardonnay-75cl\/#primaryimage\"},\"thumbnailUrl\":\"https:\/\/universdrink.com\/wp-content\/uploads\/2022\/10\/NightOrient_Chardonnay-scaled.jpg\",\"datePublished\":\"2022-10-17T13:49:34+00:00\",\"dateModified\":\"2026-04-03T10:43:10+00:00\",\"description\":\"Le vin blanc Night Orient Chardonnay offre une explosion d\u2019ar\u00f4mes floraux et une belle finale persistante sur de p\u00e2tisseries.\",\"breadcrumb\":{\"@id\":\"https:\/\/universdrink.com\/boutique\/1-night-orient\/chardonnay-75cl\/#breadcrumb\"},\"inLanguage\":\"nl-BE\",\"potentialAction\":[{\"@type\":\"ReadAction\",\"target\":[\"https:\/\/universdrink.com\/boutique\/1-night-orient\/chardonnay-75cl\/\"]}]},{\"@type\":\"ImageObject\",\"inLanguage\":\"nl-BE\",\"@id\":\"https:\/\/universdrink.com\/boutique\/1-night-orient\/chardonnay-75cl\/#primaryimage\",\"url\":\"https:\/\/universdrink.com\/wp-content\/uploads\/2022\/10\/NightOrient_Chardonnay-scaled.jpg\",\"contentUrl\":\"https:\/\/universdrink.com\/wp-content\/uploads\/2022\/10\/NightOrient_Chardonnay-scaled.jpg\",\"width\":2560,\"height\":2560,\"caption\":\"Chardonnay sans alcool\"},{\"@type\":\"BreadcrumbList\",\"@id\":\"https:\/\/universdrink.com\/boutique\/1-night-orient\/chardonnay-75cl\/#breadcrumb\",\"itemListElement\":[{\"@type\":\"ListItem\",\"position\":1,\"name\":\"Home\",\"item\":\"https:\/\/universdrink.com\/\"},{\"@type\":\"ListItem\",\"position\":2,\"name\":\"Boutique\",\"item\":\"https:\/\/universdrink.com\/boutique\/\"},{\"@type\":\"ListItem\",\"position\":3,\"name\":\"Chardonnay 75 cl BOISSONS SANS ALCOOL \u00c0 BASE DE VIN BLANC D\u00c9SALCOOLIS\u00c9\"}]},{\"@type\":\"WebSite\",\"@id\":\"https:\/\/universdrink.com\/#website\",\"url\":\"https:\/\/universdrink.com\/\",\"name\":\"Univers Drink\",\"description\":\"Vins d\u00e9salcoolis\u00e9s, bulles et cocktails sans alcool\",\"publisher\":{\"@id\":\"https:\/\/universdrink.com\/#organization\"},\"potentialAction\":[{\"@type\":\"SearchAction\",\"target\":{\"@type\":\"EntryPoint\",\"urlTemplate\":\"https:\/\/universdrink.com\/?s={search_term_string}\"},\"query-input\":{\"@type\":\"PropertyValueSpecification\",\"valueRequired\":true,\"valueName\":\"search_term_string\"}}],\"inLanguage\":\"nl-BE\"},{\"@type\":\"Organization\",\"@id\":\"https:\/\/universdrink.com\/#organization\",\"name\":\"Univers Drink\",\"url\":\"https:\/\/universdrink.com\/\",\"logo\":{\"@type\":\"ImageObject\",\"inLanguage\":\"nl-BE\",\"@id\":\"https:\/\/universdrink.com\/#\/schema\/logo\/image\/\",\"url\":\"https:\/\/universdrink.com\/wp-content\/uploads\/2019\/04\/Log_UniversDrink_Coul_Header.png\",\"contentUrl\":\"https:\/\/universdrink.com\/wp-content\/uploads\/2019\/04\/Log_UniversDrink_Coul_Header.png\",\"width\":250,\"height\":106,\"caption\":\"Univers Drink\"},\"image\":{\"@id\":\"https:\/\/universdrink.com\/#\/schema\/logo\/image\/\"},\"sameAs\":[\"https:\/\/www.facebook.com\/UniversDrink\/\"]}]}<\/script>\n<!-- \/ Yoast SEO plugin. -->","yoast_head_json":{"title":"Chardonnay 75 cl  BOISSONS SANS ALCOOL \u00c0 BASE DE VIN BLANC D\u00c9SALCOOLIS\u00c9 - Univers Drink","description":"Le vin blanc Night Orient Chardonnay offre une explosion d\u2019ar\u00f4mes floraux et une belle finale persistante sur de p\u00e2tisseries.","robots":{"index":"index","follow":"follow","max-snippet":"max-snippet:-1","max-image-preview":"max-image-preview:large","max-video-preview":"max-video-preview:-1"},"canonical":"https:\/\/universdrink.com\/nl\/boutique\/1-night-orient\/chardonnay-75cl\/","og_locale":"nl_BE","og_type":"article","og_title":"Chardonnay 75 cl  BOISSONS SANS ALCOOL \u00c0 BASE DE VIN BLANC D\u00c9SALCOOLIS\u00c9 - Univers Drink","og_description":"Le vin blanc Night Orient Chardonnay offre une explosion d\u2019ar\u00f4mes floraux et une belle finale persistante sur de p\u00e2tisseries.","og_url":"https:\/\/universdrink.com\/nl\/boutique\/1-night-orient\/chardonnay-75cl\/","og_site_name":"Univers Drink","article_publisher":"https:\/\/www.facebook.com\/UniversDrink\/","article_modified_time":"2026-04-03T10:43:10+00:00","og_image":[{"width":2560,"height":2560,"url":"https:\/\/universdrink.com\/wp-content\/uploads\/2022\/10\/NightOrient_Chardonnay-scaled.jpg","type":"image\/jpeg"}],"twitter_card":"summary_large_image","twitter_misc":{"Geschatte leestijd":"1 minuut"},"schema":{"@context":"https:\/\/schema.org","@graph":[{"@type":"WebPage","@id":"https:\/\/universdrink.com\/boutique\/1-night-orient\/chardonnay-75cl\/","url":"https:\/\/universdrink.com\/boutique\/1-night-orient\/chardonnay-75cl\/","name":"Chardonnay 75 cl BOISSONS SANS ALCOOL \u00c0 BASE DE VIN BLANC D\u00c9SALCOOLIS\u00c9 - Univers Drink","isPartOf":{"@id":"https:\/\/universdrink.com\/#website"},"primaryImageOfPage":{"@id":"https:\/\/universdrink.com\/boutique\/1-night-orient\/chardonnay-75cl\/#primaryimage"},"image":{"@id":"https:\/\/universdrink.com\/boutique\/1-night-orient\/chardonnay-75cl\/#primaryimage"},"thumbnailUrl":"https:\/\/universdrink.com\/wp-content\/uploads\/2022\/10\/NightOrient_Chardonnay-scaled.jpg","datePublished":"2022-10-17T13:49:34+00:00","dateModified":"2026-04-03T10:43:10+00:00","description":"Le vin blanc Night Orient Chardonnay offre une explosion d\u2019ar\u00f4mes floraux et une belle finale persistante sur de p\u00e2tisseries.","breadcrumb":{"@id":"https:\/\/universdrink.com\/boutique\/1-night-orient\/chardonnay-75cl\/#breadcrumb"},"inLanguage":"nl-BE","potentialAction":[{"@type":"ReadAction","target":["https:\/\/universdrink.com\/boutique\/1-night-orient\/chardonnay-75cl\/"]}]},{"@type":"ImageObject","inLanguage":"nl-BE","@id":"https:\/\/universdrink.com\/boutique\/1-night-orient\/chardonnay-75cl\/#primaryimage","url":"https:\/\/universdrink.com\/wp-content\/uploads\/2022\/10\/NightOrient_Chardonnay-scaled.jpg","contentUrl":"https:\/\/universdrink.com\/wp-content\/uploads\/2022\/10\/NightOrient_Chardonnay-scaled.jpg","width":2560,"height":2560,"caption":"Chardonnay sans alcool"},{"@type":"BreadcrumbList","@id":"https:\/\/universdrink.com\/boutique\/1-night-orient\/chardonnay-75cl\/#breadcrumb","itemListElement":[{"@type":"ListItem","position":1,"name":"Home","item":"https:\/\/universdrink.com\/"},{"@type":"ListItem","position":2,"name":"Boutique","item":"https:\/\/universdrink.com\/boutique\/"},{"@type":"ListItem","position":3,"name":"Chardonnay 75 cl BOISSONS SANS ALCOOL \u00c0 BASE DE VIN BLANC D\u00c9SALCOOLIS\u00c9"}]},{"@type":"WebSite","@id":"https:\/\/universdrink.com\/#website","url":"https:\/\/universdrink.com\/","name":"Univers Drink","description":"Vins d\u00e9salcoolis\u00e9s, bulles et cocktails sans alcool","publisher":{"@id":"https:\/\/universdrink.com\/#organization"},"potentialAction":[{"@type":"SearchAction","target":{"@type":"EntryPoint","urlTemplate":"https:\/\/universdrink.com\/?s={search_term_string}"},"query-input":{"@type":"PropertyValueSpecification","valueRequired":true,"valueName":"search_term_string"}}],"inLanguage":"nl-BE"},{"@type":"Organization","@id":"https:\/\/universdrink.com\/#organization","name":"Univers Drink","url":"https:\/\/universdrink.com\/","logo":{"@type":"ImageObject","inLanguage":"nl-BE","@id":"https:\/\/universdrink.com\/#\/schema\/logo\/image\/","url":"https:\/\/universdrink.com\/wp-content\/uploads\/2019\/04\/Log_UniversDrink_Coul_Header.png","contentUrl":"https:\/\/universdrink.com\/wp-content\/uploads\/2019\/04\/Log_UniversDrink_Coul_Header.png","width":250,"height":106,"caption":"Univers Drink"},"image":{"@id":"https:\/\/universdrink.com\/#\/schema\/logo\/image\/"},"sameAs":["https:\/\/www.facebook.com\/UniversDrink\/"]}]}},"_links":{"self":[{"href":"https:\/\/universdrink.com\/nl\/wp-json\/wp\/v2\/product\/8925","targetHints":{"allow":["GET"]}}],"collection":[{"href":"https:\/\/universdrink.com\/nl\/wp-json\/wp\/v2\/product"}],"about":[{"href":"https:\/\/universdrink.com\/nl\/wp-json\/wp\/v2\/types\/product"}],"wp:featuredmedia":[{"embeddable":true,"href":"https:\/\/universdrink.com\/nl\/wp-json\/wp\/v2\/media\/16597"}],"wp:attachment":[{"href":"https:\/\/universdrink.com\/nl\/wp-json\/wp\/v2\/media?parent=8925"}],"wp:term":[{"taxonomy":"product_brand","embeddable":true,"href":"https:\/\/universdrink.com\/nl\/wp-json\/wp\/v2\/product_brand?post=8925"},{"taxonomy":"product_cat","embeddable":true,"href":"https:\/\/universdrink.com\/nl\/wp-json\/wp\/v2\/product_cat?post=8925"},{"taxonomy":"product_tag","embeddable":true,"href":"https:\/\/universdrink.com\/nl\/wp-json\/wp\/v2\/product_tag?post=8925"},{"taxonomy":"woo-feed-brand","embeddable":true,"href":"https:\/\/universdrink.com\/nl\/wp-json\/wp\/v2\/woo-feed-brand?post=8925"}],"curies":[{"name":"wp","href":"https:\/\/api.w.org\/{rel}","templated":true}]}}