{"id":8927,"date":"2022-10-17T13:49:41","date_gmt":"2022-10-17T13:49:41","guid":{"rendered":"https:\/\/universdrink.com\/?post_type=product&#038;p=8927"},"modified":"2026-04-10T08:43:00","modified_gmt":"2026-04-10T08:43:00","slug":"classic-sparkling","status":"publish","type":"product","link":"https:\/\/universdrink.com\/nl\/boutique\/1-night-orient\/classic-sparkling\/","title":{"rendered":"Classic 75 cl <br> BRUISENDE ALCOHOLVRIJE DRANK OP BASIS VAN GEDEALCOHOLISEERDE WITTE WIJN"},"content":{"rendered":"<h3 style=\"font-size: 1.40833rem;\"><span class=\"jet-headline__label\">Bubbels met citrussmaak<\/span><\/h3>\n<p>De bruisende Night Orient Classic is een alcoholvrije drank met bubbels op basis van gedealcoholiseerde wijn met veel facetten. In de neus ontsluiert hij aroma's van vers fruit en citrus, met een lichte hint van abrikoos. Op de tong is hij tegelijkertijd droog en licht fruitig. De samenstelling wordt verkregen uit druivensoorten uit de regio La Mancha in Spanje: de Airen. Hij is ideaal om op zich van te genieten als alcoholvrij aperitief, maar past ook perfect bij foie gras en desserts.<\/p>\n<h3 style=\"font-size: 1.40833rem;\"><\/h3>\n<p><span style=\"font-family: Roboto, 'Odoo Unicode Support Noto', sans-serif;\">\u00a00,0% alcohol\u00a0|\u00a0<\/span><span style=\"font-family: Roboto, 'Odoo Unicode Support Noto', sans-serif;\">\u00a023,1 kcal\/100 ml\u00a0|\u00a0<\/span><span style=\"font-family: Roboto, 'Odoo Unicode Support Noto', sans-serif;\">\u00a0Tussen 6\u00b0 en 8\u00b0<\/span><br \/>\n<span style=\"font-family: Roboto, 'Odoo Unicode Support Noto', sans-serif;\">\u00a0Druivensoort : Air\u00e9n<\/span><br \/>\n<span style=\"font-family: Roboto, 'Odoo Unicode Support Noto', sans-serif;\">\u00a0Verkrijgbaar in 75cl<\/span><\/p>\n<p style=\"text-align: left;\">","protected":false},"excerpt":{"rendered":"<p>Night Orient<\/p>","protected":false},"featured_media":16596,"template":"","meta":{"_acf_changed":false,"content-type":"","_monsterinsights_skip_tracking":false,"_monsterinsights_sitenote_active":false,"_monsterinsights_sitenote_note":"","_monsterinsights_sitenote_category":0},"product_brand":[],"product_cat":[73],"product_tag":[80,38],"woo-feed-brand":[],"class_list":{"0":"post-8927","1":"product","2":"type-product","3":"status-publish","4":"has-post-thumbnail","6":"product_cat-1-night-orient","7":"product_tag-night-petillant","8":"product_tag-vins-petillants","10":"first","11":"instock","12":"taxable","13":"shipping-taxable","14":"purchasable","15":"product-type-simple"},"acf":[],"yoast_head":"<!-- This site is optimized with the Yoast SEO plugin v26.8 - https:\/\/yoast.com\/product\/yoast-seo-wordpress\/ -->\n<title>Classic 75 cl  BOISSON P\u00c9TILLANTE SANS ALCOOL \u00c0 BASE DE VIN BLANC D\u00c9SALCOOLIS\u00c9 - Univers Drink<\/title>\n<meta name=\"description\" content=\"Vin p\u00e9tillant sans alcool avec des ar\u00f4mes de fruits frais, d&#039;agrumes et d&#039;abricot. Il est \u00e0 la fois sec et l\u00e9g\u00e8rement fruit\u00e9. Retrouvez le en 75cl.\" \/>\n<meta name=\"robots\" content=\"index, follow, max-snippet:-1, max-image-preview:large, max-video-preview:-1\" \/>\n<link rel=\"canonical\" href=\"https:\/\/universdrink.com\/nl\/boutique\/1-night-orient\/classic-sparkling\/\" \/>\n<meta property=\"og:locale\" content=\"nl_BE\" \/>\n<meta property=\"og:type\" content=\"article\" \/>\n<meta property=\"og:title\" content=\"Classic 75 cl  BOISSON P\u00c9TILLANTE SANS ALCOOL \u00c0 BASE DE VIN BLANC D\u00c9SALCOOLIS\u00c9 - Univers Drink\" \/>\n<meta property=\"og:description\" content=\"Vin p\u00e9tillant sans alcool avec des ar\u00f4mes de fruits frais, d&#039;agrumes et d&#039;abricot. Il est \u00e0 la fois sec et l\u00e9g\u00e8rement fruit\u00e9. Retrouvez le en 75cl.\" \/>\n<meta property=\"og:url\" content=\"https:\/\/universdrink.com\/nl\/boutique\/1-night-orient\/classic-sparkling\/\" \/>\n<meta property=\"og:site_name\" content=\"Univers Drink\" \/>\n<meta property=\"article:publisher\" content=\"https:\/\/www.facebook.com\/UniversDrink\/\" \/>\n<meta property=\"article:modified_time\" content=\"2026-04-10T08:43:00+00:00\" \/>\n<meta property=\"og:image\" content=\"https:\/\/universdrink.com\/wp-content\/uploads\/2022\/10\/NightOrient_Classic-scaled.jpg\" \/>\n\t<meta property=\"og:image:width\" content=\"2560\" \/>\n\t<meta property=\"og:image:height\" content=\"2560\" \/>\n\t<meta property=\"og:image:type\" content=\"image\/jpeg\" \/>\n<meta name=\"twitter:card\" content=\"summary_large_image\" \/>\n<meta name=\"twitter:label1\" content=\"Geschatte leestijd\" \/>\n\t<meta name=\"twitter:data1\" content=\"1 minuut\" \/>\n<script type=\"application\/ld+json\" class=\"yoast-schema-graph\">{\"@context\":\"https:\/\/schema.org\",\"@graph\":[{\"@type\":\"WebPage\",\"@id\":\"https:\/\/universdrink.com\/boutique\/1-night-orient\/classic-sparkling\/\",\"url\":\"https:\/\/universdrink.com\/boutique\/1-night-orient\/classic-sparkling\/\",\"name\":\"Classic 75 cl BOISSON P\u00c9TILLANTE SANS ALCOOL \u00c0 BASE DE VIN BLANC D\u00c9SALCOOLIS\u00c9 - Univers Drink\",\"isPartOf\":{\"@id\":\"https:\/\/universdrink.com\/#website\"},\"primaryImageOfPage\":{\"@id\":\"https:\/\/universdrink.com\/boutique\/1-night-orient\/classic-sparkling\/#primaryimage\"},\"image\":{\"@id\":\"https:\/\/universdrink.com\/boutique\/1-night-orient\/classic-sparkling\/#primaryimage\"},\"thumbnailUrl\":\"https:\/\/universdrink.com\/wp-content\/uploads\/2022\/10\/NightOrient_Classic-scaled.jpg\",\"datePublished\":\"2022-10-17T13:49:41+00:00\",\"dateModified\":\"2026-04-10T08:43:00+00:00\",\"description\":\"Vin p\u00e9tillant sans alcool avec des ar\u00f4mes de fruits frais, d'agrumes et d'abricot. Il est \u00e0 la fois sec et l\u00e9g\u00e8rement fruit\u00e9. Retrouvez le en 75cl.\",\"breadcrumb\":{\"@id\":\"https:\/\/universdrink.com\/boutique\/1-night-orient\/classic-sparkling\/#breadcrumb\"},\"inLanguage\":\"nl-BE\",\"potentialAction\":[{\"@type\":\"ReadAction\",\"target\":[\"https:\/\/universdrink.com\/boutique\/1-night-orient\/classic-sparkling\/\"]}]},{\"@type\":\"ImageObject\",\"inLanguage\":\"nl-BE\",\"@id\":\"https:\/\/universdrink.com\/boutique\/1-night-orient\/classic-sparkling\/#primaryimage\",\"url\":\"https:\/\/universdrink.com\/wp-content\/uploads\/2022\/10\/NightOrient_Classic-scaled.jpg\",\"contentUrl\":\"https:\/\/universdrink.com\/wp-content\/uploads\/2022\/10\/NightOrient_Classic-scaled.jpg\",\"width\":2560,\"height\":2560,\"caption\":\"Classic sans alcool\"},{\"@type\":\"BreadcrumbList\",\"@id\":\"https:\/\/universdrink.com\/boutique\/1-night-orient\/classic-sparkling\/#breadcrumb\",\"itemListElement\":[{\"@type\":\"ListItem\",\"position\":1,\"name\":\"Home\",\"item\":\"https:\/\/universdrink.com\/\"},{\"@type\":\"ListItem\",\"position\":2,\"name\":\"Boutique\",\"item\":\"https:\/\/universdrink.com\/boutique\/\"},{\"@type\":\"ListItem\",\"position\":3,\"name\":\"Classic 75 cl BOISSON P\u00c9TILLANTE SANS ALCOOL \u00c0 BASE DE VIN BLANC D\u00c9SALCOOLIS\u00c9\"}]},{\"@type\":\"WebSite\",\"@id\":\"https:\/\/universdrink.com\/#website\",\"url\":\"https:\/\/universdrink.com\/\",\"name\":\"Univers Drink\",\"description\":\"Vins d\u00e9salcoolis\u00e9s, bulles et cocktails sans alcool\",\"publisher\":{\"@id\":\"https:\/\/universdrink.com\/#organization\"},\"potentialAction\":[{\"@type\":\"SearchAction\",\"target\":{\"@type\":\"EntryPoint\",\"urlTemplate\":\"https:\/\/universdrink.com\/?s={search_term_string}\"},\"query-input\":{\"@type\":\"PropertyValueSpecification\",\"valueRequired\":true,\"valueName\":\"search_term_string\"}}],\"inLanguage\":\"nl-BE\"},{\"@type\":\"Organization\",\"@id\":\"https:\/\/universdrink.com\/#organization\",\"name\":\"Univers Drink\",\"url\":\"https:\/\/universdrink.com\/\",\"logo\":{\"@type\":\"ImageObject\",\"inLanguage\":\"nl-BE\",\"@id\":\"https:\/\/universdrink.com\/#\/schema\/logo\/image\/\",\"url\":\"https:\/\/universdrink.com\/wp-content\/uploads\/2019\/04\/Log_UniversDrink_Coul_Header.png\",\"contentUrl\":\"https:\/\/universdrink.com\/wp-content\/uploads\/2019\/04\/Log_UniversDrink_Coul_Header.png\",\"width\":250,\"height\":106,\"caption\":\"Univers Drink\"},\"image\":{\"@id\":\"https:\/\/universdrink.com\/#\/schema\/logo\/image\/\"},\"sameAs\":[\"https:\/\/www.facebook.com\/UniversDrink\/\"]}]}<\/script>\n<!-- \/ Yoast SEO plugin. -->","yoast_head_json":{"title":"Classic 75 cl  BOISSON P\u00c9TILLANTE SANS ALCOOL \u00c0 BASE DE VIN BLANC D\u00c9SALCOOLIS\u00c9 - Univers Drink","description":"Vin p\u00e9tillant sans alcool avec des ar\u00f4mes de fruits frais, d'agrumes et d'abricot. Il est \u00e0 la fois sec et l\u00e9g\u00e8rement fruit\u00e9. Retrouvez le en 75cl.","robots":{"index":"index","follow":"follow","max-snippet":"max-snippet:-1","max-image-preview":"max-image-preview:large","max-video-preview":"max-video-preview:-1"},"canonical":"https:\/\/universdrink.com\/nl\/boutique\/1-night-orient\/classic-sparkling\/","og_locale":"nl_BE","og_type":"article","og_title":"Classic 75 cl  BOISSON P\u00c9TILLANTE SANS ALCOOL \u00c0 BASE DE VIN BLANC D\u00c9SALCOOLIS\u00c9 - Univers Drink","og_description":"Vin p\u00e9tillant sans alcool avec des ar\u00f4mes de fruits frais, d'agrumes et d'abricot. Il est \u00e0 la fois sec et l\u00e9g\u00e8rement fruit\u00e9. Retrouvez le en 75cl.","og_url":"https:\/\/universdrink.com\/nl\/boutique\/1-night-orient\/classic-sparkling\/","og_site_name":"Univers Drink","article_publisher":"https:\/\/www.facebook.com\/UniversDrink\/","article_modified_time":"2026-04-10T08:43:00+00:00","og_image":[{"width":2560,"height":2560,"url":"https:\/\/universdrink.com\/wp-content\/uploads\/2022\/10\/NightOrient_Classic-scaled.jpg","type":"image\/jpeg"}],"twitter_card":"summary_large_image","twitter_misc":{"Geschatte leestijd":"1 minuut"},"schema":{"@context":"https:\/\/schema.org","@graph":[{"@type":"WebPage","@id":"https:\/\/universdrink.com\/boutique\/1-night-orient\/classic-sparkling\/","url":"https:\/\/universdrink.com\/boutique\/1-night-orient\/classic-sparkling\/","name":"Classic 75 cl BOISSON P\u00c9TILLANTE SANS ALCOOL \u00c0 BASE DE VIN BLANC D\u00c9SALCOOLIS\u00c9 - Univers Drink","isPartOf":{"@id":"https:\/\/universdrink.com\/#website"},"primaryImageOfPage":{"@id":"https:\/\/universdrink.com\/boutique\/1-night-orient\/classic-sparkling\/#primaryimage"},"image":{"@id":"https:\/\/universdrink.com\/boutique\/1-night-orient\/classic-sparkling\/#primaryimage"},"thumbnailUrl":"https:\/\/universdrink.com\/wp-content\/uploads\/2022\/10\/NightOrient_Classic-scaled.jpg","datePublished":"2022-10-17T13:49:41+00:00","dateModified":"2026-04-10T08:43:00+00:00","description":"Vin p\u00e9tillant sans alcool avec des ar\u00f4mes de fruits frais, d'agrumes et d'abricot. Il est \u00e0 la fois sec et l\u00e9g\u00e8rement fruit\u00e9. Retrouvez le en 75cl.","breadcrumb":{"@id":"https:\/\/universdrink.com\/boutique\/1-night-orient\/classic-sparkling\/#breadcrumb"},"inLanguage":"nl-BE","potentialAction":[{"@type":"ReadAction","target":["https:\/\/universdrink.com\/boutique\/1-night-orient\/classic-sparkling\/"]}]},{"@type":"ImageObject","inLanguage":"nl-BE","@id":"https:\/\/universdrink.com\/boutique\/1-night-orient\/classic-sparkling\/#primaryimage","url":"https:\/\/universdrink.com\/wp-content\/uploads\/2022\/10\/NightOrient_Classic-scaled.jpg","contentUrl":"https:\/\/universdrink.com\/wp-content\/uploads\/2022\/10\/NightOrient_Classic-scaled.jpg","width":2560,"height":2560,"caption":"Classic sans alcool"},{"@type":"BreadcrumbList","@id":"https:\/\/universdrink.com\/boutique\/1-night-orient\/classic-sparkling\/#breadcrumb","itemListElement":[{"@type":"ListItem","position":1,"name":"Home","item":"https:\/\/universdrink.com\/"},{"@type":"ListItem","position":2,"name":"Boutique","item":"https:\/\/universdrink.com\/boutique\/"},{"@type":"ListItem","position":3,"name":"Classic 75 cl BOISSON P\u00c9TILLANTE SANS ALCOOL \u00c0 BASE DE VIN BLANC D\u00c9SALCOOLIS\u00c9"}]},{"@type":"WebSite","@id":"https:\/\/universdrink.com\/#website","url":"https:\/\/universdrink.com\/","name":"Univers Drink","description":"Vins d\u00e9salcoolis\u00e9s, bulles et cocktails sans alcool","publisher":{"@id":"https:\/\/universdrink.com\/#organization"},"potentialAction":[{"@type":"SearchAction","target":{"@type":"EntryPoint","urlTemplate":"https:\/\/universdrink.com\/?s={search_term_string}"},"query-input":{"@type":"PropertyValueSpecification","valueRequired":true,"valueName":"search_term_string"}}],"inLanguage":"nl-BE"},{"@type":"Organization","@id":"https:\/\/universdrink.com\/#organization","name":"Univers Drink","url":"https:\/\/universdrink.com\/","logo":{"@type":"ImageObject","inLanguage":"nl-BE","@id":"https:\/\/universdrink.com\/#\/schema\/logo\/image\/","url":"https:\/\/universdrink.com\/wp-content\/uploads\/2019\/04\/Log_UniversDrink_Coul_Header.png","contentUrl":"https:\/\/universdrink.com\/wp-content\/uploads\/2019\/04\/Log_UniversDrink_Coul_Header.png","width":250,"height":106,"caption":"Univers Drink"},"image":{"@id":"https:\/\/universdrink.com\/#\/schema\/logo\/image\/"},"sameAs":["https:\/\/www.facebook.com\/UniversDrink\/"]}]}},"_links":{"self":[{"href":"https:\/\/universdrink.com\/nl\/wp-json\/wp\/v2\/product\/8927","targetHints":{"allow":["GET"]}}],"collection":[{"href":"https:\/\/universdrink.com\/nl\/wp-json\/wp\/v2\/product"}],"about":[{"href":"https:\/\/universdrink.com\/nl\/wp-json\/wp\/v2\/types\/product"}],"wp:featuredmedia":[{"embeddable":true,"href":"https:\/\/universdrink.com\/nl\/wp-json\/wp\/v2\/media\/16596"}],"wp:attachment":[{"href":"https:\/\/universdrink.com\/nl\/wp-json\/wp\/v2\/media?parent=8927"}],"wp:term":[{"taxonomy":"product_brand","embeddable":true,"href":"https:\/\/universdrink.com\/nl\/wp-json\/wp\/v2\/product_brand?post=8927"},{"taxonomy":"product_cat","embeddable":true,"href":"https:\/\/universdrink.com\/nl\/wp-json\/wp\/v2\/product_cat?post=8927"},{"taxonomy":"product_tag","embeddable":true,"href":"https:\/\/universdrink.com\/nl\/wp-json\/wp\/v2\/product_tag?post=8927"},{"taxonomy":"woo-feed-brand","embeddable":true,"href":"https:\/\/universdrink.com\/nl\/wp-json\/wp\/v2\/woo-feed-brand?post=8927"}],"curies":[{"name":"wp","href":"https:\/\/api.w.org\/{rel}","templated":true}]}}