{"id":8933,"date":"2022-10-17T13:50:03","date_gmt":"2022-10-17T13:50:03","guid":{"rendered":"https:\/\/universdrink.com\/?post_type=product&#038;p=8933"},"modified":"2026-04-04T10:43:41","modified_gmt":"2026-04-04T10:43:41","slug":"mojito","status":"publish","type":"product","link":"https:\/\/universdrink.com\/nl\/boutique\/1-night-orient\/mojito\/","title":{"rendered":"Mocktail Mojito 75 cl <br> alcoholvrije"},"content":{"rendered":"<h3 style=\"font-size: 1.40833rem;\"><span class=\"jet-headline__label\">Gekoeld met citroensmaak en\u00a0<\/span>zonder alcohol\u00a0!<\/h3>\n<p>De mojito is van oorsprong een traditionele cocktail uit de Cubaanse cultuur, gemaakt met rum, rietsuiker, soda, limoen en verse muntblaadjes. Het is een cocktail die je hart doet overslaan en je smaakpapillen prikkelt. Ontdek Night Orient Mojito alcoholvrije, onze alcoholvrije interpretatie van deze grote klassieker voor een feestelijke avond!<\/p>\n<p><span style=\"font-family: Roboto, 'Odoo Unicode Support Noto', sans-serif;\">\u00a00,0% alcohol\u00a0<\/span><span style=\"font-family: Roboto, 'Odoo Unicode Support Noto', sans-serif;\">|\u00a0<\/span><span style=\"font-family: Roboto, 'Odoo Unicode Support Noto', sans-serif;\">\u00a017kcal\/100ml |\u00a0<\/span><span style=\"font-family: Roboto, 'Odoo Unicode Support Noto', sans-serif;\">\u00a0Tussen 6\u00b0 en 8\u00b0<\/span><br \/>\n<span style=\"font-family: Roboto, 'Odoo Unicode Support Noto', sans-serif;\">\u00a0Kant-en-klaar<\/span><br \/>\n<span style=\"font-family: Roboto, 'Odoo Unicode Support Noto', sans-serif;\">\u00a0Verkrijgbaar in 75cl<\/span><\/p>\n<h3 style=\"text-align: left;\"><\/h3>","protected":false},"excerpt":{"rendered":"<p>Night Orient<\/p>","protected":false},"featured_media":16577,"template":"","meta":{"_acf_changed":false,"content-type":"","_monsterinsights_skip_tracking":false,"_monsterinsights_sitenote_active":false,"_monsterinsights_sitenote_note":"","_monsterinsights_sitenote_category":0},"product_brand":[],"product_cat":[73],"product_tag":[39,60,45],"woo-feed-brand":[],"class_list":{"0":"post-8933","1":"product","2":"type-product","3":"status-publish","4":"has-post-thumbnail","6":"product_cat-1-night-orient","7":"product_tag-fruite","8":"product_tag-mock1","9":"product_tag-mocktails","11":"first","12":"instock","13":"taxable","14":"shipping-taxable","15":"purchasable","16":"product-type-simple"},"acf":[],"yoast_head":"<!-- This site is optimized with the Yoast SEO plugin v26.8 - https:\/\/yoast.com\/product\/yoast-seo-wordpress\/ -->\n<title>Mocktail Mojito 75 cl  sans alcool - Univers Drink<\/title>\n<meta name=\"description\" content=\"D\u00e9couvrez Night Orient Mojito, notre interpr\u00e9tation sans alcool de ce grand classique pour des soir\u00e9es festives et rafra\u00eechissantes ! Disponible en 75 cl.\" \/>\n<meta name=\"robots\" content=\"index, follow, max-snippet:-1, max-image-preview:large, max-video-preview:-1\" \/>\n<link rel=\"canonical\" href=\"https:\/\/universdrink.com\/nl\/boutique\/1-night-orient\/mojito\/\" \/>\n<meta property=\"og:locale\" content=\"nl_BE\" \/>\n<meta property=\"og:type\" content=\"article\" \/>\n<meta property=\"og:title\" content=\"Mocktail Mojito 75 cl  sans alcool - Univers Drink\" \/>\n<meta property=\"og:description\" content=\"D\u00e9couvrez Night Orient Mojito, notre interpr\u00e9tation sans alcool de ce grand classique pour des soir\u00e9es festives et rafra\u00eechissantes ! Disponible en 75 cl.\" \/>\n<meta property=\"og:url\" content=\"https:\/\/universdrink.com\/nl\/boutique\/1-night-orient\/mojito\/\" \/>\n<meta property=\"og:site_name\" content=\"Univers Drink\" \/>\n<meta property=\"article:publisher\" content=\"https:\/\/www.facebook.com\/UniversDrink\/\" \/>\n<meta property=\"article:modified_time\" content=\"2026-04-04T10:43:41+00:00\" \/>\n<meta property=\"og:image\" content=\"https:\/\/universdrink.com\/wp-content\/uploads\/2022\/10\/NightOrient_Mojito-scaled.jpg\" \/>\n\t<meta property=\"og:image:width\" content=\"2560\" \/>\n\t<meta property=\"og:image:height\" content=\"2560\" \/>\n\t<meta property=\"og:image:type\" content=\"image\/jpeg\" \/>\n<meta name=\"twitter:card\" content=\"summary_large_image\" \/>\n<meta name=\"twitter:label1\" content=\"Geschatte leestijd\" \/>\n\t<meta name=\"twitter:data1\" content=\"1 minuut\" \/>\n<script type=\"application\/ld+json\" class=\"yoast-schema-graph\">{\"@context\":\"https:\/\/schema.org\",\"@graph\":[{\"@type\":\"WebPage\",\"@id\":\"https:\/\/universdrink.com\/boutique\/1-night-orient\/mojito\/\",\"url\":\"https:\/\/universdrink.com\/boutique\/1-night-orient\/mojito\/\",\"name\":\"Mocktail Mojito 75 cl sans alcool - Univers Drink\",\"isPartOf\":{\"@id\":\"https:\/\/universdrink.com\/#website\"},\"primaryImageOfPage\":{\"@id\":\"https:\/\/universdrink.com\/boutique\/1-night-orient\/mojito\/#primaryimage\"},\"image\":{\"@id\":\"https:\/\/universdrink.com\/boutique\/1-night-orient\/mojito\/#primaryimage\"},\"thumbnailUrl\":\"https:\/\/universdrink.com\/wp-content\/uploads\/2022\/10\/NightOrient_Mojito-scaled.jpg\",\"datePublished\":\"2022-10-17T13:50:03+00:00\",\"dateModified\":\"2026-04-04T10:43:41+00:00\",\"description\":\"D\u00e9couvrez Night Orient Mojito, notre interpr\u00e9tation sans alcool de ce grand classique pour des soir\u00e9es festives et rafra\u00eechissantes ! Disponible en 75 cl.\",\"breadcrumb\":{\"@id\":\"https:\/\/universdrink.com\/boutique\/1-night-orient\/mojito\/#breadcrumb\"},\"inLanguage\":\"nl-BE\",\"potentialAction\":[{\"@type\":\"ReadAction\",\"target\":[\"https:\/\/universdrink.com\/boutique\/1-night-orient\/mojito\/\"]}]},{\"@type\":\"ImageObject\",\"inLanguage\":\"nl-BE\",\"@id\":\"https:\/\/universdrink.com\/boutique\/1-night-orient\/mojito\/#primaryimage\",\"url\":\"https:\/\/universdrink.com\/wp-content\/uploads\/2022\/10\/NightOrient_Mojito-scaled.jpg\",\"contentUrl\":\"https:\/\/universdrink.com\/wp-content\/uploads\/2022\/10\/NightOrient_Mojito-scaled.jpg\",\"width\":2560,\"height\":2560,\"caption\":\"mojito sans alcool\"},{\"@type\":\"BreadcrumbList\",\"@id\":\"https:\/\/universdrink.com\/boutique\/1-night-orient\/mojito\/#breadcrumb\",\"itemListElement\":[{\"@type\":\"ListItem\",\"position\":1,\"name\":\"Home\",\"item\":\"https:\/\/universdrink.com\/\"},{\"@type\":\"ListItem\",\"position\":2,\"name\":\"Boutique\",\"item\":\"https:\/\/universdrink.com\/boutique\/\"},{\"@type\":\"ListItem\",\"position\":3,\"name\":\"Mocktail Mojito 75 cl sans alcool\"}]},{\"@type\":\"WebSite\",\"@id\":\"https:\/\/universdrink.com\/#website\",\"url\":\"https:\/\/universdrink.com\/\",\"name\":\"Univers Drink\",\"description\":\"Vins d\u00e9salcoolis\u00e9s, bulles et cocktails sans alcool\",\"publisher\":{\"@id\":\"https:\/\/universdrink.com\/#organization\"},\"potentialAction\":[{\"@type\":\"SearchAction\",\"target\":{\"@type\":\"EntryPoint\",\"urlTemplate\":\"https:\/\/universdrink.com\/?s={search_term_string}\"},\"query-input\":{\"@type\":\"PropertyValueSpecification\",\"valueRequired\":true,\"valueName\":\"search_term_string\"}}],\"inLanguage\":\"nl-BE\"},{\"@type\":\"Organization\",\"@id\":\"https:\/\/universdrink.com\/#organization\",\"name\":\"Univers Drink\",\"url\":\"https:\/\/universdrink.com\/\",\"logo\":{\"@type\":\"ImageObject\",\"inLanguage\":\"nl-BE\",\"@id\":\"https:\/\/universdrink.com\/#\/schema\/logo\/image\/\",\"url\":\"https:\/\/universdrink.com\/wp-content\/uploads\/2019\/04\/Log_UniversDrink_Coul_Header.png\",\"contentUrl\":\"https:\/\/universdrink.com\/wp-content\/uploads\/2019\/04\/Log_UniversDrink_Coul_Header.png\",\"width\":250,\"height\":106,\"caption\":\"Univers Drink\"},\"image\":{\"@id\":\"https:\/\/universdrink.com\/#\/schema\/logo\/image\/\"},\"sameAs\":[\"https:\/\/www.facebook.com\/UniversDrink\/\"]}]}<\/script>\n<!-- \/ Yoast SEO plugin. -->","yoast_head_json":{"title":"Mocktail Mojito 75 cl  sans alcool - Univers Drink","description":"D\u00e9couvrez Night Orient Mojito, notre interpr\u00e9tation sans alcool de ce grand classique pour des soir\u00e9es festives et rafra\u00eechissantes ! Disponible en 75 cl.","robots":{"index":"index","follow":"follow","max-snippet":"max-snippet:-1","max-image-preview":"max-image-preview:large","max-video-preview":"max-video-preview:-1"},"canonical":"https:\/\/universdrink.com\/nl\/boutique\/1-night-orient\/mojito\/","og_locale":"nl_BE","og_type":"article","og_title":"Mocktail Mojito 75 cl  sans alcool - Univers Drink","og_description":"D\u00e9couvrez Night Orient Mojito, notre interpr\u00e9tation sans alcool de ce grand classique pour des soir\u00e9es festives et rafra\u00eechissantes ! Disponible en 75 cl.","og_url":"https:\/\/universdrink.com\/nl\/boutique\/1-night-orient\/mojito\/","og_site_name":"Univers Drink","article_publisher":"https:\/\/www.facebook.com\/UniversDrink\/","article_modified_time":"2026-04-04T10:43:41+00:00","og_image":[{"width":2560,"height":2560,"url":"https:\/\/universdrink.com\/wp-content\/uploads\/2022\/10\/NightOrient_Mojito-scaled.jpg","type":"image\/jpeg"}],"twitter_card":"summary_large_image","twitter_misc":{"Geschatte leestijd":"1 minuut"},"schema":{"@context":"https:\/\/schema.org","@graph":[{"@type":"WebPage","@id":"https:\/\/universdrink.com\/boutique\/1-night-orient\/mojito\/","url":"https:\/\/universdrink.com\/boutique\/1-night-orient\/mojito\/","name":"Mocktail Mojito 75 cl sans alcool - Univers Drink","isPartOf":{"@id":"https:\/\/universdrink.com\/#website"},"primaryImageOfPage":{"@id":"https:\/\/universdrink.com\/boutique\/1-night-orient\/mojito\/#primaryimage"},"image":{"@id":"https:\/\/universdrink.com\/boutique\/1-night-orient\/mojito\/#primaryimage"},"thumbnailUrl":"https:\/\/universdrink.com\/wp-content\/uploads\/2022\/10\/NightOrient_Mojito-scaled.jpg","datePublished":"2022-10-17T13:50:03+00:00","dateModified":"2026-04-04T10:43:41+00:00","description":"D\u00e9couvrez Night Orient Mojito, notre interpr\u00e9tation sans alcool de ce grand classique pour des soir\u00e9es festives et rafra\u00eechissantes ! Disponible en 75 cl.","breadcrumb":{"@id":"https:\/\/universdrink.com\/boutique\/1-night-orient\/mojito\/#breadcrumb"},"inLanguage":"nl-BE","potentialAction":[{"@type":"ReadAction","target":["https:\/\/universdrink.com\/boutique\/1-night-orient\/mojito\/"]}]},{"@type":"ImageObject","inLanguage":"nl-BE","@id":"https:\/\/universdrink.com\/boutique\/1-night-orient\/mojito\/#primaryimage","url":"https:\/\/universdrink.com\/wp-content\/uploads\/2022\/10\/NightOrient_Mojito-scaled.jpg","contentUrl":"https:\/\/universdrink.com\/wp-content\/uploads\/2022\/10\/NightOrient_Mojito-scaled.jpg","width":2560,"height":2560,"caption":"mojito sans alcool"},{"@type":"BreadcrumbList","@id":"https:\/\/universdrink.com\/boutique\/1-night-orient\/mojito\/#breadcrumb","itemListElement":[{"@type":"ListItem","position":1,"name":"Home","item":"https:\/\/universdrink.com\/"},{"@type":"ListItem","position":2,"name":"Boutique","item":"https:\/\/universdrink.com\/boutique\/"},{"@type":"ListItem","position":3,"name":"Mocktail Mojito 75 cl sans alcool"}]},{"@type":"WebSite","@id":"https:\/\/universdrink.com\/#website","url":"https:\/\/universdrink.com\/","name":"Univers Drink","description":"Vins d\u00e9salcoolis\u00e9s, bulles et cocktails sans alcool","publisher":{"@id":"https:\/\/universdrink.com\/#organization"},"potentialAction":[{"@type":"SearchAction","target":{"@type":"EntryPoint","urlTemplate":"https:\/\/universdrink.com\/?s={search_term_string}"},"query-input":{"@type":"PropertyValueSpecification","valueRequired":true,"valueName":"search_term_string"}}],"inLanguage":"nl-BE"},{"@type":"Organization","@id":"https:\/\/universdrink.com\/#organization","name":"Univers Drink","url":"https:\/\/universdrink.com\/","logo":{"@type":"ImageObject","inLanguage":"nl-BE","@id":"https:\/\/universdrink.com\/#\/schema\/logo\/image\/","url":"https:\/\/universdrink.com\/wp-content\/uploads\/2019\/04\/Log_UniversDrink_Coul_Header.png","contentUrl":"https:\/\/universdrink.com\/wp-content\/uploads\/2019\/04\/Log_UniversDrink_Coul_Header.png","width":250,"height":106,"caption":"Univers Drink"},"image":{"@id":"https:\/\/universdrink.com\/#\/schema\/logo\/image\/"},"sameAs":["https:\/\/www.facebook.com\/UniversDrink\/"]}]}},"_links":{"self":[{"href":"https:\/\/universdrink.com\/nl\/wp-json\/wp\/v2\/product\/8933","targetHints":{"allow":["GET"]}}],"collection":[{"href":"https:\/\/universdrink.com\/nl\/wp-json\/wp\/v2\/product"}],"about":[{"href":"https:\/\/universdrink.com\/nl\/wp-json\/wp\/v2\/types\/product"}],"wp:featuredmedia":[{"embeddable":true,"href":"https:\/\/universdrink.com\/nl\/wp-json\/wp\/v2\/media\/16577"}],"wp:attachment":[{"href":"https:\/\/universdrink.com\/nl\/wp-json\/wp\/v2\/media?parent=8933"}],"wp:term":[{"taxonomy":"product_brand","embeddable":true,"href":"https:\/\/universdrink.com\/nl\/wp-json\/wp\/v2\/product_brand?post=8933"},{"taxonomy":"product_cat","embeddable":true,"href":"https:\/\/universdrink.com\/nl\/wp-json\/wp\/v2\/product_cat?post=8933"},{"taxonomy":"product_tag","embeddable":true,"href":"https:\/\/universdrink.com\/nl\/wp-json\/wp\/v2\/product_tag?post=8933"},{"taxonomy":"woo-feed-brand","embeddable":true,"href":"https:\/\/universdrink.com\/nl\/wp-json\/wp\/v2\/woo-feed-brand?post=8933"}],"curies":[{"name":"wp","href":"https:\/\/api.w.org\/{rel}","templated":true}]}}