{"id":8936,"date":"2022-10-17T13:50:13","date_gmt":"2022-10-17T13:50:13","guid":{"rendered":"https:\/\/universdrink.com\/?post_type=product&#038;p=8936"},"modified":"2026-04-16T14:42:57","modified_gmt":"2026-04-16T14:42:57","slug":"rose-petillant-75cl","status":"publish","type":"product","link":"https:\/\/universdrink.com\/nl\/boutique\/1-night-orient\/rose-petillant-75cl\/","title":{"rendered":"ROS\u00c9 75 CL <br> BRUISENDE ALCOHOLVRIJE DRANK OP BASIS VAN GEDEALCOHOLISEERDE ROS\u00c9WIJN"},"content":{"rendered":"<h3 style=\"font-size: 1.40833rem;\"><span class=\"jet-headline__label\">Belletjes met het aroma van perzik, peer en citrus\u00a0<\/span>cocktails.<\/h3>\n<p>De prachtige zalmroze kleur van de mousserende Night Orient Ros\u00e9 op basis van gedealcoholiseerde wijn roept meteen associaties op met een feestelijke drank, licht en verfijnd. Zijn elegante bubbels doen dominante aroma's van rozenblaadjes, perzik, peer en citrusvruchten op het gehemelte exploderen. Dit alcoholvrije wijnalternatief is heerlijk om op zich te drinken, maar past ook goed bij zowel zoete als hartige gerechten, bij het voorgerecht of dessert.<\/p>\n<h3 style=\"font-size: 1.40833rem;\"><\/h3>\n<p><span style=\"font-family: Roboto, 'Odoo Unicode Support Noto', sans-serif;\">\u00a00,0% alcohol\u00a0|\u00a0<\/span><span style=\"font-family: Roboto, 'Odoo Unicode Support Noto', sans-serif;\">\u00a023,1 kcal\/100 ml\u00a0|\u00a0<\/span><span style=\"font-family: Roboto, 'Odoo Unicode Support Noto', sans-serif;\">\u00a0Tussen 6\u00b0 en 8\u00b0<\/span><br \/>\n<span style=\"font-family: Roboto, 'Odoo Unicode Support Noto', sans-serif;\">\u00a0Druivensoort: Mengsel<\/span><br \/>\n<span style=\"font-family: Roboto, 'Odoo Unicode Support Noto', sans-serif;\">\u00a0Verkrijgbaar in 75cl<\/span><\/p>\n<h3 style=\"text-align: left;\"><\/h3>","protected":false},"excerpt":{"rendered":"<p>Night Orient<\/p>","protected":false},"featured_media":16564,"template":"","meta":{"_acf_changed":false,"content-type":"","_monsterinsights_skip_tracking":false,"_monsterinsights_sitenote_active":false,"_monsterinsights_sitenote_note":"","_monsterinsights_sitenote_category":0},"product_brand":[],"product_cat":[73],"product_tag":[39,80,38],"woo-feed-brand":[],"class_list":{"0":"post-8936","1":"product","2":"type-product","3":"status-publish","4":"has-post-thumbnail","6":"product_cat-1-night-orient","7":"product_tag-fruite","8":"product_tag-night-petillant","9":"product_tag-vins-petillants","11":"first","12":"instock","13":"taxable","14":"shipping-taxable","15":"purchasable","16":"product-type-simple"},"acf":[],"yoast_head":"<!-- This site is optimized with the Yoast SEO plugin v26.8 - https:\/\/yoast.com\/product\/yoast-seo-wordpress\/ -->\n<title>ROS\u00c9 75 CL  BOISSON P\u00c9TILLANTE SANS ALCOOL \u00c0 BASE DE VIN ROS\u00c9 D\u00c9SALCOOLIS\u00c9 - Univers Drink<\/title>\n<meta name=\"description\" content=\"Le vin mousseux sans alcool Night Orient Ros\u00e9 p\u00e9tillant laisse \u00e9clater des ar\u00f4mes de rose, de p\u00eache, de poire et d\u2019agrumes.\" \/>\n<meta name=\"robots\" content=\"index, follow, max-snippet:-1, max-image-preview:large, max-video-preview:-1\" \/>\n<link rel=\"canonical\" href=\"https:\/\/universdrink.com\/nl\/boutique\/1-night-orient\/rose-petillant-75cl\/\" \/>\n<meta property=\"og:locale\" content=\"nl_BE\" \/>\n<meta property=\"og:type\" content=\"article\" \/>\n<meta property=\"og:title\" content=\"ROS\u00c9 75 CL  BOISSON P\u00c9TILLANTE SANS ALCOOL \u00c0 BASE DE VIN ROS\u00c9 D\u00c9SALCOOLIS\u00c9 - Univers Drink\" \/>\n<meta property=\"og:description\" content=\"Le vin mousseux sans alcool Night Orient Ros\u00e9 p\u00e9tillant laisse \u00e9clater des ar\u00f4mes de rose, de p\u00eache, de poire et d\u2019agrumes.\" \/>\n<meta property=\"og:url\" content=\"https:\/\/universdrink.com\/nl\/boutique\/1-night-orient\/rose-petillant-75cl\/\" \/>\n<meta property=\"og:site_name\" content=\"Univers Drink\" \/>\n<meta property=\"article:publisher\" content=\"https:\/\/www.facebook.com\/UniversDrink\/\" \/>\n<meta property=\"article:modified_time\" content=\"2026-04-16T14:42:57+00:00\" \/>\n<meta property=\"og:image\" content=\"https:\/\/universdrink.com\/wp-content\/uploads\/2022\/10\/NightOrient_RoseSparkling-scaled.jpg\" \/>\n\t<meta property=\"og:image:width\" content=\"2560\" \/>\n\t<meta property=\"og:image:height\" content=\"2560\" \/>\n\t<meta property=\"og:image:type\" content=\"image\/jpeg\" \/>\n<meta name=\"twitter:card\" content=\"summary_large_image\" \/>\n<meta name=\"twitter:label1\" content=\"Geschatte leestijd\" \/>\n\t<meta name=\"twitter:data1\" content=\"1 minuut\" \/>\n<script type=\"application\/ld+json\" class=\"yoast-schema-graph\">{\"@context\":\"https:\/\/schema.org\",\"@graph\":[{\"@type\":\"WebPage\",\"@id\":\"https:\/\/universdrink.com\/boutique\/1-night-orient\/rose-petillant-75cl\/\",\"url\":\"https:\/\/universdrink.com\/boutique\/1-night-orient\/rose-petillant-75cl\/\",\"name\":\"ROS\u00c9 75 CL BOISSON P\u00c9TILLANTE SANS ALCOOL \u00c0 BASE DE VIN ROS\u00c9 D\u00c9SALCOOLIS\u00c9 - Univers Drink\",\"isPartOf\":{\"@id\":\"https:\/\/universdrink.com\/#website\"},\"primaryImageOfPage\":{\"@id\":\"https:\/\/universdrink.com\/boutique\/1-night-orient\/rose-petillant-75cl\/#primaryimage\"},\"image\":{\"@id\":\"https:\/\/universdrink.com\/boutique\/1-night-orient\/rose-petillant-75cl\/#primaryimage\"},\"thumbnailUrl\":\"https:\/\/universdrink.com\/wp-content\/uploads\/2022\/10\/NightOrient_RoseSparkling-scaled.jpg\",\"datePublished\":\"2022-10-17T13:50:13+00:00\",\"dateModified\":\"2026-04-16T14:42:57+00:00\",\"description\":\"Le vin mousseux sans alcool Night Orient Ros\u00e9 p\u00e9tillant laisse \u00e9clater des ar\u00f4mes de rose, de p\u00eache, de poire et d\u2019agrumes.\",\"breadcrumb\":{\"@id\":\"https:\/\/universdrink.com\/boutique\/1-night-orient\/rose-petillant-75cl\/#breadcrumb\"},\"inLanguage\":\"nl-BE\",\"potentialAction\":[{\"@type\":\"ReadAction\",\"target\":[\"https:\/\/universdrink.com\/boutique\/1-night-orient\/rose-petillant-75cl\/\"]}]},{\"@type\":\"ImageObject\",\"inLanguage\":\"nl-BE\",\"@id\":\"https:\/\/universdrink.com\/boutique\/1-night-orient\/rose-petillant-75cl\/#primaryimage\",\"url\":\"https:\/\/universdrink.com\/wp-content\/uploads\/2022\/10\/NightOrient_RoseSparkling-scaled.jpg\",\"contentUrl\":\"https:\/\/universdrink.com\/wp-content\/uploads\/2022\/10\/NightOrient_RoseSparkling-scaled.jpg\",\"width\":2560,\"height\":2560,\"caption\":\"bulles sans alcool\"},{\"@type\":\"BreadcrumbList\",\"@id\":\"https:\/\/universdrink.com\/boutique\/1-night-orient\/rose-petillant-75cl\/#breadcrumb\",\"itemListElement\":[{\"@type\":\"ListItem\",\"position\":1,\"name\":\"Home\",\"item\":\"https:\/\/universdrink.com\/\"},{\"@type\":\"ListItem\",\"position\":2,\"name\":\"Boutique\",\"item\":\"https:\/\/universdrink.com\/boutique\/\"},{\"@type\":\"ListItem\",\"position\":3,\"name\":\"ROS\u00c9 75 CL BOISSON P\u00c9TILLANTE SANS ALCOOL \u00c0 BASE DE VIN ROS\u00c9 D\u00c9SALCOOLIS\u00c9\"}]},{\"@type\":\"WebSite\",\"@id\":\"https:\/\/universdrink.com\/#website\",\"url\":\"https:\/\/universdrink.com\/\",\"name\":\"Univers Drink\",\"description\":\"Vins d\u00e9salcoolis\u00e9s, bulles et cocktails sans alcool\",\"publisher\":{\"@id\":\"https:\/\/universdrink.com\/#organization\"},\"potentialAction\":[{\"@type\":\"SearchAction\",\"target\":{\"@type\":\"EntryPoint\",\"urlTemplate\":\"https:\/\/universdrink.com\/?s={search_term_string}\"},\"query-input\":{\"@type\":\"PropertyValueSpecification\",\"valueRequired\":true,\"valueName\":\"search_term_string\"}}],\"inLanguage\":\"nl-BE\"},{\"@type\":\"Organization\",\"@id\":\"https:\/\/universdrink.com\/#organization\",\"name\":\"Univers Drink\",\"url\":\"https:\/\/universdrink.com\/\",\"logo\":{\"@type\":\"ImageObject\",\"inLanguage\":\"nl-BE\",\"@id\":\"https:\/\/universdrink.com\/#\/schema\/logo\/image\/\",\"url\":\"https:\/\/universdrink.com\/wp-content\/uploads\/2019\/04\/Log_UniversDrink_Coul_Header.png\",\"contentUrl\":\"https:\/\/universdrink.com\/wp-content\/uploads\/2019\/04\/Log_UniversDrink_Coul_Header.png\",\"width\":250,\"height\":106,\"caption\":\"Univers Drink\"},\"image\":{\"@id\":\"https:\/\/universdrink.com\/#\/schema\/logo\/image\/\"},\"sameAs\":[\"https:\/\/www.facebook.com\/UniversDrink\/\"]}]}<\/script>\n<!-- \/ Yoast SEO plugin. -->","yoast_head_json":{"title":"ROS\u00c9 75 CL  BOISSON P\u00c9TILLANTE SANS ALCOOL \u00c0 BASE DE VIN ROS\u00c9 D\u00c9SALCOOLIS\u00c9 - Univers Drink","description":"Le vin mousseux sans alcool Night Orient Ros\u00e9 p\u00e9tillant laisse \u00e9clater des ar\u00f4mes de rose, de p\u00eache, de poire et d\u2019agrumes.","robots":{"index":"index","follow":"follow","max-snippet":"max-snippet:-1","max-image-preview":"max-image-preview:large","max-video-preview":"max-video-preview:-1"},"canonical":"https:\/\/universdrink.com\/nl\/boutique\/1-night-orient\/rose-petillant-75cl\/","og_locale":"nl_BE","og_type":"article","og_title":"ROS\u00c9 75 CL  BOISSON P\u00c9TILLANTE SANS ALCOOL \u00c0 BASE DE VIN ROS\u00c9 D\u00c9SALCOOLIS\u00c9 - Univers Drink","og_description":"Le vin mousseux sans alcool Night Orient Ros\u00e9 p\u00e9tillant laisse \u00e9clater des ar\u00f4mes de rose, de p\u00eache, de poire et d\u2019agrumes.","og_url":"https:\/\/universdrink.com\/nl\/boutique\/1-night-orient\/rose-petillant-75cl\/","og_site_name":"Univers Drink","article_publisher":"https:\/\/www.facebook.com\/UniversDrink\/","article_modified_time":"2026-04-16T14:42:57+00:00","og_image":[{"width":2560,"height":2560,"url":"https:\/\/universdrink.com\/wp-content\/uploads\/2022\/10\/NightOrient_RoseSparkling-scaled.jpg","type":"image\/jpeg"}],"twitter_card":"summary_large_image","twitter_misc":{"Geschatte leestijd":"1 minuut"},"schema":{"@context":"https:\/\/schema.org","@graph":[{"@type":"WebPage","@id":"https:\/\/universdrink.com\/boutique\/1-night-orient\/rose-petillant-75cl\/","url":"https:\/\/universdrink.com\/boutique\/1-night-orient\/rose-petillant-75cl\/","name":"ROS\u00c9 75 CL BOISSON P\u00c9TILLANTE SANS ALCOOL \u00c0 BASE DE VIN ROS\u00c9 D\u00c9SALCOOLIS\u00c9 - Univers Drink","isPartOf":{"@id":"https:\/\/universdrink.com\/#website"},"primaryImageOfPage":{"@id":"https:\/\/universdrink.com\/boutique\/1-night-orient\/rose-petillant-75cl\/#primaryimage"},"image":{"@id":"https:\/\/universdrink.com\/boutique\/1-night-orient\/rose-petillant-75cl\/#primaryimage"},"thumbnailUrl":"https:\/\/universdrink.com\/wp-content\/uploads\/2022\/10\/NightOrient_RoseSparkling-scaled.jpg","datePublished":"2022-10-17T13:50:13+00:00","dateModified":"2026-04-16T14:42:57+00:00","description":"Le vin mousseux sans alcool Night Orient Ros\u00e9 p\u00e9tillant laisse \u00e9clater des ar\u00f4mes de rose, de p\u00eache, de poire et d\u2019agrumes.","breadcrumb":{"@id":"https:\/\/universdrink.com\/boutique\/1-night-orient\/rose-petillant-75cl\/#breadcrumb"},"inLanguage":"nl-BE","potentialAction":[{"@type":"ReadAction","target":["https:\/\/universdrink.com\/boutique\/1-night-orient\/rose-petillant-75cl\/"]}]},{"@type":"ImageObject","inLanguage":"nl-BE","@id":"https:\/\/universdrink.com\/boutique\/1-night-orient\/rose-petillant-75cl\/#primaryimage","url":"https:\/\/universdrink.com\/wp-content\/uploads\/2022\/10\/NightOrient_RoseSparkling-scaled.jpg","contentUrl":"https:\/\/universdrink.com\/wp-content\/uploads\/2022\/10\/NightOrient_RoseSparkling-scaled.jpg","width":2560,"height":2560,"caption":"bulles sans alcool"},{"@type":"BreadcrumbList","@id":"https:\/\/universdrink.com\/boutique\/1-night-orient\/rose-petillant-75cl\/#breadcrumb","itemListElement":[{"@type":"ListItem","position":1,"name":"Home","item":"https:\/\/universdrink.com\/"},{"@type":"ListItem","position":2,"name":"Boutique","item":"https:\/\/universdrink.com\/boutique\/"},{"@type":"ListItem","position":3,"name":"ROS\u00c9 75 CL BOISSON P\u00c9TILLANTE SANS ALCOOL \u00c0 BASE DE VIN ROS\u00c9 D\u00c9SALCOOLIS\u00c9"}]},{"@type":"WebSite","@id":"https:\/\/universdrink.com\/#website","url":"https:\/\/universdrink.com\/","name":"Univers Drink","description":"Vins d\u00e9salcoolis\u00e9s, bulles et cocktails sans alcool","publisher":{"@id":"https:\/\/universdrink.com\/#organization"},"potentialAction":[{"@type":"SearchAction","target":{"@type":"EntryPoint","urlTemplate":"https:\/\/universdrink.com\/?s={search_term_string}"},"query-input":{"@type":"PropertyValueSpecification","valueRequired":true,"valueName":"search_term_string"}}],"inLanguage":"nl-BE"},{"@type":"Organization","@id":"https:\/\/universdrink.com\/#organization","name":"Univers Drink","url":"https:\/\/universdrink.com\/","logo":{"@type":"ImageObject","inLanguage":"nl-BE","@id":"https:\/\/universdrink.com\/#\/schema\/logo\/image\/","url":"https:\/\/universdrink.com\/wp-content\/uploads\/2019\/04\/Log_UniversDrink_Coul_Header.png","contentUrl":"https:\/\/universdrink.com\/wp-content\/uploads\/2019\/04\/Log_UniversDrink_Coul_Header.png","width":250,"height":106,"caption":"Univers Drink"},"image":{"@id":"https:\/\/universdrink.com\/#\/schema\/logo\/image\/"},"sameAs":["https:\/\/www.facebook.com\/UniversDrink\/"]}]}},"_links":{"self":[{"href":"https:\/\/universdrink.com\/nl\/wp-json\/wp\/v2\/product\/8936","targetHints":{"allow":["GET"]}}],"collection":[{"href":"https:\/\/universdrink.com\/nl\/wp-json\/wp\/v2\/product"}],"about":[{"href":"https:\/\/universdrink.com\/nl\/wp-json\/wp\/v2\/types\/product"}],"wp:featuredmedia":[{"embeddable":true,"href":"https:\/\/universdrink.com\/nl\/wp-json\/wp\/v2\/media\/16564"}],"wp:attachment":[{"href":"https:\/\/universdrink.com\/nl\/wp-json\/wp\/v2\/media?parent=8936"}],"wp:term":[{"taxonomy":"product_brand","embeddable":true,"href":"https:\/\/universdrink.com\/nl\/wp-json\/wp\/v2\/product_brand?post=8936"},{"taxonomy":"product_cat","embeddable":true,"href":"https:\/\/universdrink.com\/nl\/wp-json\/wp\/v2\/product_cat?post=8936"},{"taxonomy":"product_tag","embeddable":true,"href":"https:\/\/universdrink.com\/nl\/wp-json\/wp\/v2\/product_tag?post=8936"},{"taxonomy":"woo-feed-brand","embeddable":true,"href":"https:\/\/universdrink.com\/nl\/wp-json\/wp\/v2\/woo-feed-brand?post=8936"}],"curies":[{"name":"wp","href":"https:\/\/api.w.org\/{rel}","templated":true}]}}