{"id":8963,"date":"2022-10-17T13:51:59","date_gmt":"2022-10-17T13:51:59","guid":{"rendered":"https:\/\/universdrink.com\/?post_type=product&#038;p=8963"},"modified":"2026-04-09T08:44:32","modified_gmt":"2026-04-09T08:44:32","slug":"vina0-rose-75-cl-bio","status":"publish","type":"product","link":"https:\/\/universdrink.com\/nl\/boutique\/vina0\/vina0-rose-75-cl-bio\/","title":{"rendered":"Tempranillo 75 cl <br> ALCOHOLVRIJE DRANK OP BASIS VAN GEDESALCOHOLISEERDE ROS\u00c9WIJN"},"content":{"rendered":"<h3 style=\"font-size: 1.40833rem;\"><span class=\"jet-headline__label\">Frisheid van zomerfruit en\u00a0<\/span>alcoholvrije<\/h3>\n<p>De alcoholvrije drank Vina'0\u00b0 Tempranillo, op basis van gedealcoholiseerde wijn met ingredi\u00ebnten afkomstig van de biologische landbouw, heeft de kenmerken van een alcoholische ros\u00e9, getooid in een prachtige lichtroze kleur en met schitterende reflecties. In de expressieve neus ontwaren we rode bessen. Heerlijk bij pittige gerechten, net als bij gegrild vlees en gemengde salades in de zomer.<\/p>\n<h3 style=\"font-size: 1.40833rem;\"><\/h3>\n<h3 style=\"font-size: 1.40833rem;\"><\/h3>\n<p><span style=\"font-family: Roboto, 'Odoo Unicode Support Noto', sans-serif;\">\u00a00,0% alcohol\u00a0|\u00a0<\/span><span style=\"font-family: Roboto, 'Odoo Unicode Support Noto', sans-serif;\">\u00a020,9kcal\/100ml |\u00a0<\/span><span style=\"font-family: Roboto, 'Odoo Unicode Support Noto', sans-serif;\">\u00a0Tussen 6\u00b0 en 8\u00b0<\/span><br \/>\n<span style=\"font-family: Roboto, 'Odoo Unicode Support Noto', sans-serif;\">\u00a0Druivensoort: Mengsel<\/span><br \/>\n<span style=\"font-family: Roboto, 'Odoo Unicode Support Noto', sans-serif;\">\u00a0Verkrijgbaar in 75cl<\/span><\/p>\n<h3 style=\"text-align: left;\"><\/h3>","protected":false},"excerpt":{"rendered":"<p>Vina&rsquo;0\u00b0<\/p>","protected":false},"featured_media":10741,"template":"","meta":{"_acf_changed":false,"content-type":"","_monsterinsights_skip_tracking":false,"_monsterinsights_sitenote_active":false,"_monsterinsights_sitenote_note":"","_monsterinsights_sitenote_category":0},"product_brand":[],"product_cat":[52],"product_tag":[50,42,85,78],"woo-feed-brand":[],"class_list":{"0":"post-8963","1":"product","2":"type-product","3":"status-publish","4":"has-post-thumbnail","6":"product_cat-vina0","7":"product_tag-bio","8":"product_tag-vin-rose","9":"product_tag-vina0-vin","10":"product_tag-vins-plats","12":"first","13":"instock","14":"taxable","15":"shipping-taxable","16":"purchasable","17":"product-type-simple"},"acf":[],"yoast_head":"<!-- This site is optimized with the Yoast SEO plugin v26.8 - https:\/\/yoast.com\/product\/yoast-seo-wordpress\/ -->\n<title>Tempranillo 75 cl  BOISSON SANS ALCOOL \u00c0 BASE DE VIN ROS\u00c9 D\u00c9SALCOOLIS\u00c9 - Univers Drink<\/title>\n<meta name=\"description\" content=\"Ce vin ros\u00e9 bio sans alcool sign\u00e9 Vina0 accompagnera avec d\u00e9lice les plats \u00e9pic\u00e9s ainsi que les grillades et les salades compos\u00e9es.\" \/>\n<meta name=\"robots\" content=\"index, follow, max-snippet:-1, max-image-preview:large, max-video-preview:-1\" \/>\n<link rel=\"canonical\" href=\"https:\/\/universdrink.com\/nl\/boutique\/vina0\/vina0-rose-75-cl-bio\/\" \/>\n<meta property=\"og:locale\" content=\"nl_BE\" \/>\n<meta property=\"og:type\" content=\"article\" \/>\n<meta property=\"og:title\" content=\"Tempranillo 75 cl  BOISSON SANS ALCOOL \u00c0 BASE DE VIN ROS\u00c9 D\u00c9SALCOOLIS\u00c9 - Univers Drink\" \/>\n<meta property=\"og:description\" content=\"Ce vin ros\u00e9 bio sans alcool sign\u00e9 Vina0 accompagnera avec d\u00e9lice les plats \u00e9pic\u00e9s ainsi que les grillades et les salades compos\u00e9es.\" \/>\n<meta property=\"og:url\" content=\"https:\/\/universdrink.com\/nl\/boutique\/vina0\/vina0-rose-75-cl-bio\/\" \/>\n<meta property=\"og:site_name\" content=\"Univers Drink\" \/>\n<meta property=\"article:publisher\" content=\"https:\/\/www.facebook.com\/UniversDrink\/\" \/>\n<meta property=\"article:modified_time\" content=\"2026-04-09T08:44:32+00:00\" \/>\n<meta property=\"og:image\" content=\"https:\/\/universdrink.com\/wp-content\/uploads\/2022\/10\/Vina0_Rose_.webp\" \/>\n\t<meta property=\"og:image:width\" content=\"1024\" \/>\n\t<meta property=\"og:image:height\" content=\"1024\" \/>\n\t<meta property=\"og:image:type\" content=\"image\/webp\" \/>\n<meta name=\"twitter:card\" content=\"summary_large_image\" \/>\n<meta name=\"twitter:label1\" content=\"Geschatte leestijd\" \/>\n\t<meta name=\"twitter:data1\" content=\"1 minuut\" \/>\n<script type=\"application\/ld+json\" class=\"yoast-schema-graph\">{\"@context\":\"https:\/\/schema.org\",\"@graph\":[{\"@type\":\"WebPage\",\"@id\":\"https:\/\/universdrink.com\/boutique\/vina0\/vina0-rose-75-cl-bio\/\",\"url\":\"https:\/\/universdrink.com\/boutique\/vina0\/vina0-rose-75-cl-bio\/\",\"name\":\"Tempranillo 75 cl BOISSON SANS ALCOOL \u00c0 BASE DE VIN ROS\u00c9 D\u00c9SALCOOLIS\u00c9 - Univers Drink\",\"isPartOf\":{\"@id\":\"https:\/\/universdrink.com\/#website\"},\"primaryImageOfPage\":{\"@id\":\"https:\/\/universdrink.com\/boutique\/vina0\/vina0-rose-75-cl-bio\/#primaryimage\"},\"image\":{\"@id\":\"https:\/\/universdrink.com\/boutique\/vina0\/vina0-rose-75-cl-bio\/#primaryimage\"},\"thumbnailUrl\":\"https:\/\/universdrink.com\/wp-content\/uploads\/2022\/10\/Vina0_Rose_.webp\",\"datePublished\":\"2022-10-17T13:51:59+00:00\",\"dateModified\":\"2026-04-09T08:44:32+00:00\",\"description\":\"Ce vin ros\u00e9 bio sans alcool sign\u00e9 Vina0 accompagnera avec d\u00e9lice les plats \u00e9pic\u00e9s ainsi que les grillades et les salades compos\u00e9es.\",\"breadcrumb\":{\"@id\":\"https:\/\/universdrink.com\/boutique\/vina0\/vina0-rose-75-cl-bio\/#breadcrumb\"},\"inLanguage\":\"nl-BE\",\"potentialAction\":[{\"@type\":\"ReadAction\",\"target\":[\"https:\/\/universdrink.com\/boutique\/vina0\/vina0-rose-75-cl-bio\/\"]}]},{\"@type\":\"ImageObject\",\"inLanguage\":\"nl-BE\",\"@id\":\"https:\/\/universdrink.com\/boutique\/vina0\/vina0-rose-75-cl-bio\/#primaryimage\",\"url\":\"https:\/\/universdrink.com\/wp-content\/uploads\/2022\/10\/Vina0_Rose_.webp\",\"contentUrl\":\"https:\/\/universdrink.com\/wp-content\/uploads\/2022\/10\/Vina0_Rose_.webp\",\"width\":1024,\"height\":1024,\"caption\":\"Bouteille de Ros\u00e9 sans alcool 75 cl Vina0\"},{\"@type\":\"BreadcrumbList\",\"@id\":\"https:\/\/universdrink.com\/boutique\/vina0\/vina0-rose-75-cl-bio\/#breadcrumb\",\"itemListElement\":[{\"@type\":\"ListItem\",\"position\":1,\"name\":\"Home\",\"item\":\"https:\/\/universdrink.com\/\"},{\"@type\":\"ListItem\",\"position\":2,\"name\":\"Boutique\",\"item\":\"https:\/\/universdrink.com\/boutique\/\"},{\"@type\":\"ListItem\",\"position\":3,\"name\":\"Tempranillo 75 cl BOISSON SANS ALCOOL \u00c0 BASE DE VIN ROS\u00c9 D\u00c9SALCOOLIS\u00c9\"}]},{\"@type\":\"WebSite\",\"@id\":\"https:\/\/universdrink.com\/#website\",\"url\":\"https:\/\/universdrink.com\/\",\"name\":\"Univers Drink\",\"description\":\"Vins d\u00e9salcoolis\u00e9s, bulles et cocktails sans alcool\",\"publisher\":{\"@id\":\"https:\/\/universdrink.com\/#organization\"},\"potentialAction\":[{\"@type\":\"SearchAction\",\"target\":{\"@type\":\"EntryPoint\",\"urlTemplate\":\"https:\/\/universdrink.com\/?s={search_term_string}\"},\"query-input\":{\"@type\":\"PropertyValueSpecification\",\"valueRequired\":true,\"valueName\":\"search_term_string\"}}],\"inLanguage\":\"nl-BE\"},{\"@type\":\"Organization\",\"@id\":\"https:\/\/universdrink.com\/#organization\",\"name\":\"Univers Drink\",\"url\":\"https:\/\/universdrink.com\/\",\"logo\":{\"@type\":\"ImageObject\",\"inLanguage\":\"nl-BE\",\"@id\":\"https:\/\/universdrink.com\/#\/schema\/logo\/image\/\",\"url\":\"https:\/\/universdrink.com\/wp-content\/uploads\/2019\/04\/Log_UniversDrink_Coul_Header.png\",\"contentUrl\":\"https:\/\/universdrink.com\/wp-content\/uploads\/2019\/04\/Log_UniversDrink_Coul_Header.png\",\"width\":250,\"height\":106,\"caption\":\"Univers Drink\"},\"image\":{\"@id\":\"https:\/\/universdrink.com\/#\/schema\/logo\/image\/\"},\"sameAs\":[\"https:\/\/www.facebook.com\/UniversDrink\/\"]}]}<\/script>\n<!-- \/ Yoast SEO plugin. -->","yoast_head_json":{"title":"Tempranillo 75 cl  BOISSON SANS ALCOOL \u00c0 BASE DE VIN ROS\u00c9 D\u00c9SALCOOLIS\u00c9 - Univers Drink","description":"Ce vin ros\u00e9 bio sans alcool sign\u00e9 Vina0 accompagnera avec d\u00e9lice les plats \u00e9pic\u00e9s ainsi que les grillades et les salades compos\u00e9es.","robots":{"index":"index","follow":"follow","max-snippet":"max-snippet:-1","max-image-preview":"max-image-preview:large","max-video-preview":"max-video-preview:-1"},"canonical":"https:\/\/universdrink.com\/nl\/boutique\/vina0\/vina0-rose-75-cl-bio\/","og_locale":"nl_BE","og_type":"article","og_title":"Tempranillo 75 cl  BOISSON SANS ALCOOL \u00c0 BASE DE VIN ROS\u00c9 D\u00c9SALCOOLIS\u00c9 - Univers Drink","og_description":"Ce vin ros\u00e9 bio sans alcool sign\u00e9 Vina0 accompagnera avec d\u00e9lice les plats \u00e9pic\u00e9s ainsi que les grillades et les salades compos\u00e9es.","og_url":"https:\/\/universdrink.com\/nl\/boutique\/vina0\/vina0-rose-75-cl-bio\/","og_site_name":"Univers Drink","article_publisher":"https:\/\/www.facebook.com\/UniversDrink\/","article_modified_time":"2026-04-09T08:44:32+00:00","og_image":[{"width":1024,"height":1024,"url":"https:\/\/universdrink.com\/wp-content\/uploads\/2022\/10\/Vina0_Rose_.webp","type":"image\/webp"}],"twitter_card":"summary_large_image","twitter_misc":{"Geschatte leestijd":"1 minuut"},"schema":{"@context":"https:\/\/schema.org","@graph":[{"@type":"WebPage","@id":"https:\/\/universdrink.com\/boutique\/vina0\/vina0-rose-75-cl-bio\/","url":"https:\/\/universdrink.com\/boutique\/vina0\/vina0-rose-75-cl-bio\/","name":"Tempranillo 75 cl BOISSON SANS ALCOOL \u00c0 BASE DE VIN ROS\u00c9 D\u00c9SALCOOLIS\u00c9 - Univers Drink","isPartOf":{"@id":"https:\/\/universdrink.com\/#website"},"primaryImageOfPage":{"@id":"https:\/\/universdrink.com\/boutique\/vina0\/vina0-rose-75-cl-bio\/#primaryimage"},"image":{"@id":"https:\/\/universdrink.com\/boutique\/vina0\/vina0-rose-75-cl-bio\/#primaryimage"},"thumbnailUrl":"https:\/\/universdrink.com\/wp-content\/uploads\/2022\/10\/Vina0_Rose_.webp","datePublished":"2022-10-17T13:51:59+00:00","dateModified":"2026-04-09T08:44:32+00:00","description":"Ce vin ros\u00e9 bio sans alcool sign\u00e9 Vina0 accompagnera avec d\u00e9lice les plats \u00e9pic\u00e9s ainsi que les grillades et les salades compos\u00e9es.","breadcrumb":{"@id":"https:\/\/universdrink.com\/boutique\/vina0\/vina0-rose-75-cl-bio\/#breadcrumb"},"inLanguage":"nl-BE","potentialAction":[{"@type":"ReadAction","target":["https:\/\/universdrink.com\/boutique\/vina0\/vina0-rose-75-cl-bio\/"]}]},{"@type":"ImageObject","inLanguage":"nl-BE","@id":"https:\/\/universdrink.com\/boutique\/vina0\/vina0-rose-75-cl-bio\/#primaryimage","url":"https:\/\/universdrink.com\/wp-content\/uploads\/2022\/10\/Vina0_Rose_.webp","contentUrl":"https:\/\/universdrink.com\/wp-content\/uploads\/2022\/10\/Vina0_Rose_.webp","width":1024,"height":1024,"caption":"Bouteille de Ros\u00e9 sans alcool 75 cl Vina0"},{"@type":"BreadcrumbList","@id":"https:\/\/universdrink.com\/boutique\/vina0\/vina0-rose-75-cl-bio\/#breadcrumb","itemListElement":[{"@type":"ListItem","position":1,"name":"Home","item":"https:\/\/universdrink.com\/"},{"@type":"ListItem","position":2,"name":"Boutique","item":"https:\/\/universdrink.com\/boutique\/"},{"@type":"ListItem","position":3,"name":"Tempranillo 75 cl BOISSON SANS ALCOOL \u00c0 BASE DE VIN ROS\u00c9 D\u00c9SALCOOLIS\u00c9"}]},{"@type":"WebSite","@id":"https:\/\/universdrink.com\/#website","url":"https:\/\/universdrink.com\/","name":"Univers Drink","description":"Vins d\u00e9salcoolis\u00e9s, bulles et cocktails sans alcool","publisher":{"@id":"https:\/\/universdrink.com\/#organization"},"potentialAction":[{"@type":"SearchAction","target":{"@type":"EntryPoint","urlTemplate":"https:\/\/universdrink.com\/?s={search_term_string}"},"query-input":{"@type":"PropertyValueSpecification","valueRequired":true,"valueName":"search_term_string"}}],"inLanguage":"nl-BE"},{"@type":"Organization","@id":"https:\/\/universdrink.com\/#organization","name":"Univers Drink","url":"https:\/\/universdrink.com\/","logo":{"@type":"ImageObject","inLanguage":"nl-BE","@id":"https:\/\/universdrink.com\/#\/schema\/logo\/image\/","url":"https:\/\/universdrink.com\/wp-content\/uploads\/2019\/04\/Log_UniversDrink_Coul_Header.png","contentUrl":"https:\/\/universdrink.com\/wp-content\/uploads\/2019\/04\/Log_UniversDrink_Coul_Header.png","width":250,"height":106,"caption":"Univers Drink"},"image":{"@id":"https:\/\/universdrink.com\/#\/schema\/logo\/image\/"},"sameAs":["https:\/\/www.facebook.com\/UniversDrink\/"]}]}},"_links":{"self":[{"href":"https:\/\/universdrink.com\/nl\/wp-json\/wp\/v2\/product\/8963","targetHints":{"allow":["GET"]}}],"collection":[{"href":"https:\/\/universdrink.com\/nl\/wp-json\/wp\/v2\/product"}],"about":[{"href":"https:\/\/universdrink.com\/nl\/wp-json\/wp\/v2\/types\/product"}],"wp:featuredmedia":[{"embeddable":true,"href":"https:\/\/universdrink.com\/nl\/wp-json\/wp\/v2\/media\/10741"}],"wp:attachment":[{"href":"https:\/\/universdrink.com\/nl\/wp-json\/wp\/v2\/media?parent=8963"}],"wp:term":[{"taxonomy":"product_brand","embeddable":true,"href":"https:\/\/universdrink.com\/nl\/wp-json\/wp\/v2\/product_brand?post=8963"},{"taxonomy":"product_cat","embeddable":true,"href":"https:\/\/universdrink.com\/nl\/wp-json\/wp\/v2\/product_cat?post=8963"},{"taxonomy":"product_tag","embeddable":true,"href":"https:\/\/universdrink.com\/nl\/wp-json\/wp\/v2\/product_tag?post=8963"},{"taxonomy":"woo-feed-brand","embeddable":true,"href":"https:\/\/universdrink.com\/nl\/wp-json\/wp\/v2\/woo-feed-brand?post=8963"}],"curies":[{"name":"wp","href":"https:\/\/api.w.org\/{rel}","templated":true}]}}